{"id":10007,"date":"2023-05-15T19:49:54","date_gmt":"2023-05-15T19:49:54","guid":{"rendered":"https:\/\/investelsalvador.com\/?page_id=10007"},"modified":"2023-05-16T20:53:46","modified_gmt":"2023-05-16T20:53:46","slug":"invest-elsalvador","status":"publish","type":"page","link":"https:\/\/investinelsalvador.gob.sv\/es\/invest-elsalvador\/","title":{"rendered":"Invertir"},"content":{"rendered":"<div data-elementor-type=\"wp-page\" data-elementor-id=\"10007\" class=\"elementor elementor-10007\" data-elementor-post-type=\"page\">\n\t\t\t\t<div class=\"elementor-element elementor-element-d7f5fb5 e-con-full e-flex wpr-jarallax-no wpr-sticky-section-no e-con e-parent\" data-id=\"d7f5fb5\" data-element_type=\"container\">\n\t\t<div class=\"elementor-element elementor-element-ebd2780 e-con-full e-flex wpr-jarallax-no wpr-sticky-section-no e-con e-parent\" data-id=\"ebd2780\" data-element_type=\"container\" data-settings=\"{&quot;background_background&quot;:&quot;classic&quot;}\">\n\t\t\t\t<div class=\"elementor-element elementor-element-6c987ff elementor-widget elementor-widget-heading\" data-id=\"6c987ff\" data-element_type=\"widget\" data-widget_type=\"heading.default\">\n\t\t\t\t<div class=\"elementor-widget-container\">\n\t\t\t\t\t<h1 class=\"elementor-heading-title elementor-size-default\">Invertir<\/h1>\t\t\t\t<\/div>\n\t\t\t\t<\/div>\n\t\t\t\t<div class=\"elementor-element elementor-element-05e9b18 elementor-widget__width-initial elementor-widget elementor-widget-text-editor\" data-id=\"05e9b18\" data-element_type=\"widget\" data-widget_type=\"text-editor.default\">\n\t\t\t\t<div class=\"elementor-widget-container\">\n\t\t\t\t\t\t\t\t\t<p>Nos hemos convertido en un pa\u00eds que est\u00e1 brindando grandes oportunidades de inversi\u00f3n, y promoviendo procesos de mejora para tener un clima de negocios favorable al comercio internacional.<\/p>\t\t\t\t\t\t\t\t<\/div>\n\t\t\t\t<\/div>\n\t\t\t\t<\/div>\n\t\t<div class=\"elementor-element elementor-element-f5fc6c3 e-con-full e-flex wpr-jarallax-no wpr-sticky-section-no e-con e-parent\" data-id=\"f5fc6c3\" data-element_type=\"container\">\n\t\t<div class=\"elementor-element elementor-element-df99a28 e-con-full e-flex wpr-jarallax-no wpr-sticky-section-no e-con e-parent\" data-id=\"df99a28\" data-element_type=\"container\" data-settings=\"{&quot;background_background&quot;:&quot;gradient&quot;}\">\n\t\t<div class=\"elementor-element elementor-element-b6079f7 e-con-full e-flex wpr-jarallax-no wpr-sticky-section-no e-con e-parent\" data-id=\"b6079f7\" data-element_type=\"container\">\n\t\t<a class=\"elementor-element elementor-element-78f5c02 e-con-full e-flex wpr-jarallax-no wpr-sticky-section-no e-con e-parent\" data-id=\"78f5c02\" data-element_type=\"container\" href=\"https:\/\/investinelsalvador.gob.sv\/es\/investor-services\/\">\n\t\t\t\t<div class=\"elementor-element elementor-element-8e26d68 elementor-widget elementor-widget-image\" data-id=\"8e26d68\" data-element_type=\"widget\" data-widget_type=\"image.default\">\n\t\t\t\t<div class=\"elementor-widget-container\">\n\t\t\t\t\t\t\t\t\t\t\t\t\t\t\t<img decoding=\"async\" width=\"150\" height=\"150\" src=\"https:\/\/investinelsalvador.gob.sv\/wp-content\/uploads\/2023\/04\/customer-service-150x150.png\" class=\"attachment-thumbnail size-thumbnail wp-image-9794\" alt=\"\" srcset=\"https:\/\/investinelsalvador.gob.sv\/wp-content\/uploads\/2023\/04\/customer-service-150x150.png 150w, https:\/\/investinelsalvador.gob.sv\/wp-content\/uploads\/2023\/04\/customer-service-300x300.png 300w, https:\/\/investinelsalvador.gob.sv\/wp-content\/uploads\/2023\/04\/customer-service-12x12.png 12w, https:\/\/investinelsalvador.gob.sv\/wp-content\/uploads\/2023\/04\/customer-service.png 512w\" sizes=\"(max-width: 150px) 100vw, 150px\" \/>\t\t\t\t\t\t\t\t\t\t\t\t\t\t\t<\/div>\n\t\t\t\t<\/div>\n\t\t\t\t<div class=\"elementor-element elementor-element-8011aae elementor-widget__width-initial elementor-widget elementor-widget-heading\" data-id=\"8011aae\" data-element_type=\"widget\" data-widget_type=\"heading.default\">\n\t\t\t\t<div class=\"elementor-widget-container\">\n\t\t\t\t\t<div class=\"elementor-heading-title elementor-size-default\">\u00bfC\u00f3mo ayudamos?<\/div>\t\t\t\t<\/div>\n\t\t\t\t<\/div>\n\t\t\t\t<\/a>\n\t\t<a class=\"elementor-element elementor-element-2135f25 e-con-full e-flex wpr-jarallax-no wpr-sticky-section-no e-con e-parent\" data-id=\"2135f25\" data-element_type=\"container\" href=\"https:\/\/investinelsalvador.gob.sv\/es\/investor-services\/\">\n\t\t\t\t<div class=\"elementor-element elementor-element-afb4321 elementor-widget elementor-widget-image\" data-id=\"afb4321\" data-element_type=\"widget\" data-widget_type=\"image.default\">\n\t\t\t\t<div class=\"elementor-widget-container\">\n\t\t\t\t\t\t\t\t\t\t\t\t\t\t\t<img decoding=\"async\" width=\"150\" height=\"150\" src=\"https:\/\/investinelsalvador.gob.sv\/wp-content\/uploads\/2023\/04\/mapa-150x150.png\" class=\"attachment-thumbnail size-thumbnail wp-image-7870\" alt=\"\" srcset=\"https:\/\/investinelsalvador.gob.sv\/wp-content\/uploads\/2023\/04\/mapa-150x150.png 150w, https:\/\/investinelsalvador.gob.sv\/wp-content\/uploads\/2023\/04\/mapa-300x300.png 300w, https:\/\/investinelsalvador.gob.sv\/wp-content\/uploads\/2023\/04\/mapa.png 512w\" sizes=\"(max-width: 150px) 100vw, 150px\" \/>\t\t\t\t\t\t\t\t\t\t\t\t\t\t\t<\/div>\n\t\t\t\t<\/div>\n\t\t\t\t<div class=\"elementor-element elementor-element-a495385 elementor-widget__width-initial elementor-widget elementor-widget-heading\" data-id=\"a495385\" data-element_type=\"widget\" data-widget_type=\"heading.default\">\n\t\t\t\t<div class=\"elementor-widget-container\">\n\t\t\t\t\t<div class=\"elementor-heading-title elementor-size-default\">Establecer y operar un negocio\nen El Salvador<\/div>\t\t\t\t<\/div>\n\t\t\t\t<\/div>\n\t\t\t\t<\/a>\n\t\t\t\t<\/div>\n\t\t<div class=\"elementor-element elementor-element-c724519 e-con-full e-flex wpr-jarallax-no wpr-sticky-section-no e-con e-parent\" data-id=\"c724519\" data-element_type=\"container\">\n\t\t<a class=\"elementor-element elementor-element-4a0bfa5 e-con-full e-flex wpr-jarallax-no wpr-sticky-section-no e-con e-parent\" data-id=\"4a0bfa5\" data-element_type=\"container\" href=\"https:\/\/investinelsalvador.gob.sv\/es\/investor-services\/\">\n\t\t\t\t<div class=\"elementor-element elementor-element-41203d9 elementor-widget elementor-widget-image\" data-id=\"41203d9\" data-element_type=\"widget\" data-widget_type=\"image.default\">\n\t\t\t\t<div class=\"elementor-widget-container\">\n\t\t\t\t\t\t\t\t\t\t\t\t\t\t\t<img decoding=\"async\" width=\"150\" height=\"150\" src=\"https:\/\/investinelsalvador.gob.sv\/wp-content\/uploads\/2023\/04\/book-1-150x150.png\" class=\"attachment-thumbnail size-thumbnail wp-image-9792\" alt=\"\" srcset=\"https:\/\/investinelsalvador.gob.sv\/wp-content\/uploads\/2023\/04\/book-1-150x150.png 150w, https:\/\/investinelsalvador.gob.sv\/wp-content\/uploads\/2023\/04\/book-1-300x300.png 300w, https:\/\/investinelsalvador.gob.sv\/wp-content\/uploads\/2023\/04\/book-1-12x12.png 12w, https:\/\/investinelsalvador.gob.sv\/wp-content\/uploads\/2023\/04\/book-1.png 512w\" sizes=\"(max-width: 150px) 100vw, 150px\" \/>\t\t\t\t\t\t\t\t\t\t\t\t\t\t\t<\/div>\n\t\t\t\t<\/div>\n\t\t\t\t<div class=\"elementor-element elementor-element-7da1a4e elementor-widget__width-initial elementor-widget elementor-widget-heading\" data-id=\"7da1a4e\" data-element_type=\"widget\" data-widget_type=\"heading.default\">\n\t\t\t\t<div class=\"elementor-widget-container\">\n\t\t\t\t\t<div class=\"elementor-heading-title elementor-size-default\">Centro de Documentaci\u00f3n<\/div>\t\t\t\t<\/div>\n\t\t\t\t<\/div>\n\t\t\t\t<\/a>\n\t\t<a class=\"elementor-element elementor-element-89f30f6 e-con-full e-flex wpr-jarallax-no wpr-sticky-section-no e-con e-parent\" data-id=\"89f30f6\" data-element_type=\"container\" href=\"https:\/\/investinelsalvador.gob.sv\/es\/investor-services\/\">\n\t\t\t\t<div class=\"elementor-element elementor-element-29fc3db elementor-widget elementor-widget-image\" data-id=\"29fc3db\" data-element_type=\"widget\" data-widget_type=\"image.default\">\n\t\t\t\t<div class=\"elementor-widget-container\">\n\t\t\t\t\t\t\t\t\t\t\t\t\t\t\t<img loading=\"lazy\" decoding=\"async\" width=\"150\" height=\"150\" src=\"https:\/\/investinelsalvador.gob.sv\/wp-content\/uploads\/2023\/04\/directory-150x150.png\" class=\"attachment-thumbnail size-thumbnail wp-image-9791\" alt=\"\" srcset=\"https:\/\/investinelsalvador.gob.sv\/wp-content\/uploads\/2023\/04\/directory-150x150.png 150w, https:\/\/investinelsalvador.gob.sv\/wp-content\/uploads\/2023\/04\/directory-12x12.png 12w, https:\/\/investinelsalvador.gob.sv\/wp-content\/uploads\/2023\/04\/directory.png 256w\" sizes=\"(max-width: 150px) 100vw, 150px\" \/>\t\t\t\t\t\t\t\t\t\t\t\t\t\t\t<\/div>\n\t\t\t\t<\/div>\n\t\t\t\t<div class=\"elementor-element elementor-element-a0aa360 elementor-widget__width-initial elementor-widget elementor-widget-heading\" data-id=\"a0aa360\" data-element_type=\"widget\" data-widget_type=\"heading.default\">\n\t\t\t\t<div class=\"elementor-widget-container\">\n\t\t\t\t\t<div class=\"elementor-heading-title elementor-size-default\">Directorio de Servicios de Inversi\u00f3n<\/div>\t\t\t\t<\/div>\n\t\t\t\t<\/div>\n\t\t\t\t<\/a>\n\t\t\t\t<\/div>\n\t\t\t\t<\/div>\n\t\t\t\t<\/div>\n\t\t\t\t<\/div>\n\t\t\t\t<\/div>","protected":false},"excerpt":{"rendered":"<p>Invest We have become a country that is providing great investment opportunities, and promoting improvement processes to have a favorable business climate for international trade. How we help? Establishing and [&hellip;]<\/p>","protected":false},"author":15,"featured_media":0,"parent":0,"menu_order":0,"comment_status":"closed","ping_status":"closed","template":"","meta":{"_acf_changed":false,"_eb_attr":"","content-type":"","footnotes":""},"class_list":["post-10007","page","type-page","status-publish","hentry"],"acf":[],"aioseo_notices":[],"_links":{"self":[{"href":"https:\/\/investinelsalvador.gob.sv\/es\/wp-json\/wp\/v2\/pages\/10007","targetHints":{"allow":["GET"]}}],"collection":[{"href":"https:\/\/investinelsalvador.gob.sv\/es\/wp-json\/wp\/v2\/pages"}],"about":[{"href":"https:\/\/investinelsalvador.gob.sv\/es\/wp-json\/wp\/v2\/types\/page"}],"author":[{"embeddable":true,"href":"https:\/\/investinelsalvador.gob.sv\/es\/wp-json\/wp\/v2\/users\/15"}],"replies":[{"embeddable":true,"href":"https:\/\/investinelsalvador.gob.sv\/es\/wp-json\/wp\/v2\/comments?post=10007"}],"version-history":[{"count":97,"href":"https:\/\/investinelsalvador.gob.sv\/es\/wp-json\/wp\/v2\/pages\/10007\/revisions"}],"predecessor-version":[{"id":10445,"href":"https:\/\/investinelsalvador.gob.sv\/es\/wp-json\/wp\/v2\/pages\/10007\/revisions\/10445"}],"wp:attachment":[{"href":"https:\/\/investinelsalvador.gob.sv\/es\/wp-json\/wp\/v2\/media?parent=10007"}],"curies":[{"name":"palabra clave","href":"https:\/\/api.w.org\/{rel}","templated":true}]}}