{"id":13373,"date":"2023-07-04T20:13:56","date_gmt":"2023-07-04T20:13:56","guid":{"rendered":"https:\/\/investelsalvador.com\/?page_id=13373"},"modified":"2024-11-12T11:17:47","modified_gmt":"2024-11-12T17:17:47","slug":"legal-information","status":"publish","type":"page","link":"https:\/\/investinelsalvador.gob.sv\/es\/legal\/legal-information\/","title":{"rendered":"Informaci\u00f3n legal"},"content":{"rendered":"<div data-elementor-type=\"wp-page\" data-elementor-id=\"13373\" class=\"elementor elementor-13373\" data-elementor-post-type=\"page\">\n\t\t\t\t<div class=\"elementor-element elementor-element-1aff0164 e-flex e-con-boxed wpr-jarallax-no wpr-sticky-section-no e-con e-parent\" data-id=\"1aff0164\" data-element_type=\"container\" data-settings=\"{&quot;background_background&quot;:&quot;classic&quot;}\">\n\t\t\t\t\t<div class=\"e-con-inner\">\n\t\t\t\t<div class=\"elementor-element elementor-element-404e96dc elementor-widget elementor-widget-heading\" data-id=\"404e96dc\" data-element_type=\"widget\" data-widget_type=\"heading.default\">\n\t\t\t\t<div class=\"elementor-widget-container\">\n\t\t\t\t\t<h1 class=\"elementor-heading-title elementor-size-default\">Informaci\u00f3n legal<\/h1>\t\t\t\t<\/div>\n\t\t\t\t<\/div>\n\t\t\t\t<div class=\"elementor-element elementor-element-23c710a elementor-widget-mobile__width-initial elementor-widget elementor-widget-shortcode\" data-id=\"23c710a\" data-element_type=\"widget\" data-widget_type=\"shortcode.default\">\n\t\t\t\t<div class=\"elementor-widget-container\">\n\t\t\t\t\t\t\t<div class=\"elementor-shortcode\">[wd_asp elements='search' ratio='70%' id=5]<\/div>\n\t\t\t\t\t\t<\/div>\n\t\t\t\t<\/div>\n\t\t<div class=\"elementor-element elementor-element-329b6f98 e-flex e-con-boxed wpr-jarallax-no wpr-sticky-section-no e-con e-child\" data-id=\"329b6f98\" data-element_type=\"container\">\n\t\t\t\t\t<div class=\"e-con-inner\">\n\t\t<div class=\"elementor-element elementor-element-4b2e0f10 e-con-full e-flex wpr-jarallax-no wpr-sticky-section-no e-con e-child\" data-id=\"4b2e0f10\" data-element_type=\"container\">\n\t\t\t\t<div class=\"elementor-element elementor-element-e8f2960 elementor-widget elementor-widget-wpdmpackages\" data-id=\"e8f2960\" data-element_type=\"widget\" data-widget_type=\"wpdmpackages.default\">\n\t\t\t\t<div class=\"elementor-widget-container\">\n\t\t\t\t\t<div class='w3eden'>\n    <div class=''>\n\n        \n        <div id=\"content_wpdm_package_1\">\n            <div class='row'><div class='col-lg-6 col-md-6 col-12'><!-- WPDM Link Template: Custom Template -->\n\n<div class=\"file-list\">\n    <!-- Tarjeta -->\n    <div class=\"link-template-default card\">\n        <div class=\"card-body\">\n            <!-- T\u00edtulo din\u00e1mico del documento -->\n            <h4 class=\"package-title\" id=\"document-main-title\">Reformas a la Ley de Servicios Internacionales<\/h4>\n            <div class=\"bottom-content\">\n                <!-- Informaci\u00f3n din\u00e1mica del archivo -->\n                <div class=\"document-subinfo\">\n                    <i class=\"fa fa-file-pdf img-48\"><\/i>\n                    <span class=\"text-muted\" id=\"document-file-size\" >6.27 MB<\/span>\n                    <span class=\"badge ml-3\" id=\"document-category\">Informaci\u00f3n legal<\/span>\n                    <a href=\"https:\/\/investinelsalvador.gob.sv\/es\/download\/reformas-a-la-ley-de-servicios-internacionales\/?wpdmdl=23822&refresh=69ff68e6d98be1778346214\" class=\"btn\" id=\"document-download-icon\" title=\"Descargar\">\n                        <i class=\"fa fa-download\"><\/i>\n                    <\/a>\n                <\/div>\n            <\/div>\n        <\/div>\n    <\/div>\n<\/div>\n<\/div><div class='col-lg-6 col-md-6 col-12'><!-- WPDM Link Template: Custom Template -->\n\n<div class=\"file-list\">\n    <!-- Tarjeta -->\n    <div class=\"link-template-default card\">\n        <div class=\"card-body\">\n            <!-- T\u00edtulo din\u00e1mico del documento -->\n            <h4 class=\"package-title\" id=\"document-main-title\">Reformas a la Ley de Zonas Francas Industriales y de Comercializacio\u0301n<\/h4>\n            <div class=\"bottom-content\">\n                <!-- Informaci\u00f3n din\u00e1mica del archivo -->\n                <div class=\"document-subinfo\">\n                    <i class=\"fa fa-file-pdf img-48\"><\/i>\n                    <span class=\"text-muted\" id=\"document-file-size\" >1.48 MB<\/span>\n                    <span class=\"badge ml-3\" id=\"document-category\">Informaci\u00f3n legal<\/span>\n                    <a href=\"https:\/\/investinelsalvador.gob.sv\/es\/download\/reformas-a-la-ley-de-zonas-francas-industriales-y-de-comercializacion-2\/?wpdmdl=23821&refresh=69ff68e73fdb11778346215\" class=\"btn\" id=\"document-download-icon\" title=\"Descargar\">\n                        <i class=\"fa fa-download\"><\/i>\n                    <\/a>\n                <\/div>\n            <\/div>\n        <\/div>\n    <\/div>\n<\/div>\n<\/div><div class='col-lg-6 col-md-6 col-12'><!-- WPDM Link Template: Custom Template -->\n\n<div class=\"file-list\">\n    <!-- Tarjeta -->\n    <div class=\"link-template-default card\">\n        <div class=\"card-body\">\n            <!-- T\u00edtulo din\u00e1mico del documento -->\n            <h4 class=\"package-title\" id=\"document-main-title\">Si\u0301ntesis de Incentivos y Beneficios fiscales de El Salvador<\/h4>\n            <div class=\"bottom-content\">\n                <!-- Informaci\u00f3n din\u00e1mica del archivo -->\n                <div class=\"document-subinfo\">\n                    <i class=\"fa fa-file-pdf img-48\"><\/i>\n                    <span class=\"text-muted\" id=\"document-file-size\" >12.95 MB<\/span>\n                    <span class=\"badge ml-3\" id=\"document-category\">Informaci\u00f3n legal<\/span>\n                    <a href=\"https:\/\/investinelsalvador.gob.sv\/es\/download\/sintesis-de-incentivos\/?wpdmdl=23820&refresh=69ff68e793e711778346215\" class=\"btn\" id=\"document-download-icon\" title=\"Descargar\">\n                        <i class=\"fa fa-download\"><\/i>\n                    <\/a>\n                <\/div>\n            <\/div>\n        <\/div>\n    <\/div>\n<\/div>\n<\/div><div class='col-lg-6 col-md-6 col-12'><!-- WPDM Link Template: Custom Template -->\n\n<div class=\"file-list\">\n    <!-- Tarjeta -->\n    <div class=\"link-template-default card\">\n        <div class=\"card-body\">\n            <!-- T\u00edtulo din\u00e1mico del documento -->\n            <h4 class=\"package-title\" id=\"document-main-title\">Incentivos y beneficios fiscales en El Salvador<\/h4>\n            <div class=\"bottom-content\">\n                <!-- Informaci\u00f3n din\u00e1mica del archivo -->\n                <div class=\"document-subinfo\">\n                    <i class=\"fa fa-file-pdf img-48\"><\/i>\n                    <span class=\"text-muted\" id=\"document-file-size\" >5.02 MB<\/span>\n                    <span class=\"badge ml-3\" id=\"document-category\">Informaci\u00f3n de Inteligencia de Negocios<\/span>\n                    <a href=\"https:\/\/investinelsalvador.gob.sv\/es\/download\/incentivos-y-beneficios-fiscales-en-el-salvador\/?wpdmdl=16329&refresh=69ff68e7e5db01778346215\" class=\"btn\" id=\"document-download-icon\" title=\"Descargar\">\n                        <i class=\"fa fa-download\"><\/i>\n                    <\/a>\n                <\/div>\n            <\/div>\n        <\/div>\n    <\/div>\n<\/div>\n<\/div><div class='col-lg-6 col-md-6 col-12'><!-- WPDM Link Template: Custom Template -->\n\n<div class=\"file-list\">\n    <!-- Tarjeta -->\n    <div class=\"link-template-default card\">\n        <div class=\"card-body\">\n            <!-- T\u00edtulo din\u00e1mico del documento -->\n            <h4 class=\"package-title\" id=\"document-main-title\">Presentaci\u00f3n de Ley de fomento a la innovaci\u00f3n y manufactura de tecnolog\u00edas<\/h4>\n            <div class=\"bottom-content\">\n                <!-- Informaci\u00f3n din\u00e1mica del archivo -->\n                <div class=\"document-subinfo\">\n                    <i class=\"fa fa-file-pdf img-48\"><\/i>\n                    <span class=\"text-muted\" id=\"document-file-size\" >17.76 MB<\/span>\n                    <span class=\"badge ml-3\" id=\"document-category\">Informaci\u00f3n legal<\/span>\n                    <a href=\"https:\/\/investinelsalvador.gob.sv\/es\/download\/ley-de-fomento-a-la-innovacion-y-manufactura-de-tecnologias\/?wpdmdl=13346&refresh=69ff68e842d6c1778346216\" class=\"btn\" id=\"document-download-icon\" title=\"Descargar\">\n                        <i class=\"fa fa-download\"><\/i>\n                    <\/a>\n                <\/div>\n            <\/div>\n        <\/div>\n    <\/div>\n<\/div>\n<\/div><\/div>            <div style='clear:both'><\/div><div class='text-center'><ul class='pagination wpdm-pagination pagination-centered text-center async'><\/ul><\/div><div style='clear:both'><\/div>        <\/div>\n\n        <div style='clear:both'><\/div>\n    <\/div>\n<\/div>\n\t\t\t\t<\/div>\n\t\t\t\t<\/div>\n\t\t\t\t<\/div>\n\t\t\t\t\t<\/div>\n\t\t\t\t<\/div>\n\t\t\t\t<div class=\"elementor-element elementor-element-fb0096f elementor-widget elementor-widget-html\" data-id=\"fb0096f\" data-element_type=\"widget\" data-widget_type=\"html.default\">\n\t\t\t\t<div class=\"elementor-widget-container\">\n\t\t\t\t\t<div class=\"tab-container\">\r\n  <div class=\"tab\" onclick=\"toggleDropdown('market-research', this)\">\r\n    <span>Investigaci\u00f3n de mercado<\/span>\r\n    <span class=\"plus\">+<\/span>\r\n  <\/div>\r\n  <div class=\"tab\" onclick=\"toggleDropdown('legal-info', this)\">\r\n    <span>Informaci\u00f3n legal<\/span>\r\n    <span class=\"plus\">+<\/span>\r\n  <\/div>\r\n  <div class=\"tab\" onclick=\"toggleDropdown('sector-guides', this)\">\r\n    <span>Sector guides<\/span>\r\n    <span class=\"plus\">+<\/span>\r\n  <\/div>\r\n<\/div>\r\n\r\n<!-- Dropdowns -->\r\n<div id=\"market-research\" class=\"dropdown-content\">\r\n  <p>Seleccione el tipo de documento<\/p>\r\n  <a href=\"https:\/\/investinelsalvador.gob.sv\/es\/business-intelligence-insights\/export-information\/\">\r\n  <button>Informaci\u00f3n para exportar<\/button>\r\n  <\/a>\r\n  <a href=\"https:\/\/investinelsalvador.gob.sv\/es\/business-intelligence-insights\/investment-information\/\">\r\n  <button>Informaci\u00f3n para invertir<\/button>\r\n  <\/a>\r\n  <a href=\"https:\/\/investinelsalvador.gob.sv\/es\/business-intelligence-insights\/country-information\/\">\r\n  <button>Informaci\u00f3n de pa\u00eds<\/button>\r\n  <\/a>\r\n  <a href=\"https:\/\/investinelsalvador.gob.sv\/es\/business-intelligence-insights\/inquiries\/\">\r\n  <button>Consultas<\/button>\r\n  <\/a>\r\n<\/div>\r\n\r\n<div id=\"legal-info\" class=\"dropdown-content\">\r\n  <p>Seleccione el tipo de documento<\/p>\r\n  <a href=\"https:\/\/investinelsalvador.gob.sv\/es\/legal\/laws\/\">\r\n  <button>Leyes<\/button>\r\n  <\/a>\r\n  <a href=\"https:\/\/investinelsalvador.gob.sv\/es\/legal\/legal-information\/\">\r\n  <button>Informaci\u00f3n de inter\u00e9s<\/button>\r\n  <\/a>\r\n<\/div>\r\n\r\n<div id=\"sector-guides\" class=\"dropdown-content\">\r\n  <p>Seleccione el tipo de documento<\/p>\r\n  <a href=\"https:\/\/investinelsalvador.gob.sv\/es\/download\/sector-guide-logistics\/?wpdmdl=21449&refresh=66f2f7816496e1727199105\">\r\n  <button>Log\u00edstica<\/button>\r\n  <\/a>\r\n  <a href=\"https:\/\/investinelsalvador.gob.sv\/es\/download\/sector-guides-pharmaceutical\/?wpdmdl=14585&refresh=66f2f81f3d7ac1727199263\"><\/a>\r\n  <button>Farmac\u00e9utico<\/button>\r\n  <\/a>\r\n  <a href=\"https:\/\/investinelsalvador.gob.sv\/es\/download\/sector-guides-aeronautics\/?wpdmdl=14584&refresh=66f2f829b2bf41727199273\">\r\n  <button>Aeron\u00e1utico<\/button>\r\n  <\/a>\r\n  <a href=\"https:\/\/investinelsalvador.gob.sv\/es\/download\/sector-guides-btc-technology-and-services\/?wpdmdl=14583&refresh=66f2f863c17591727199331\">\r\n  <button>BTC, Tecnolog\u00eda y Servicios<\/button>\r\n  <\/a>\r\n  <a href=\"https:\/\/investinelsalvador.gob.sv\/es\/download\/sector-guide-energy\/?wpdmdl=14582&refresh=66f2f8ad1bf531727199405\">\r\n  <button>Energ\u00eda<\/button>\r\n  <\/a>\r\n  <a href=\"https:\/\/investinelsalvador.gob.sv\/es\/download\/sector-guide-tourism\/?wpdmdl=14581&refresh=66f2f90410ea21727199492\">\r\n  <button>Turismo<\/button>\r\n  <\/a>\r\n  <a href=\"https:\/\/investinelsalvador.gob.sv\/es\/download\/sector-guide-agribusiness\/?wpdmdl=14579&refresh=66f2f91cc9f3d1727199516\">\r\n  <button>Agronegocios<\/button>\r\n  <\/a>\r\n  <a href=\"https:\/\/investinelsalvador.gob.sv\/es\/download\/manufacturing\/?wpdmdl=14578&refresh=66f2f93ec32fc1727199550\">\r\n  <button>Manufacturas<\/button>\r\n  <\/a>\r\n  <a href=\"https:\/\/investinelsalvador.gob.sv\/es\/download\/sector-guide-textile-and-apparel-2023\/?wpdmdl=13433&refresh=66f2f94f92a6a1727199567\">\r\n  <button>Textiles y prendas de vestir<\/button>\r\n  <\/a>\r\n<\/div>\r\n\r\n<style>\r\n  .tab-container {\r\n    position: fixed;\r\n    bottom: 10px;\r\n    left: 50%;\r\n    transform: translateX(-50%);\r\n    display: flex;\r\n    justify-content: center;\r\n    gap: 10px;\r\n    z-index: 1000;\r\n  }\r\n\r\n  .tab {\r\n    background-color: #fff;\r\n    padding: 10px 20px;\r\n    border-radius: 10px;\r\n    display: flex;\r\n    align-items: center;\r\n    justify-content: space-between;\r\n    cursor: pointer;\r\n    font-size: 16px;\r\n    font-family: Pangea, sans-serif;\r\n    font-weight: 400;\r\n    line-height: 20.8px;\r\n    text-align: left;\r\n    transition: background-color 0.3s ease;\r\n    box-shadow: 0 4px 6px rgba(0, 0, 0, 0.1);\r\n    margin: 10px 0;\r\n  }\r\n\r\n  .tab:hover, .tab.active {\r\n    background-color: #055bd0;\r\n    color: white;\r\n  }\r\n\r\n  .plus {\r\n    margin-left: 10px;\r\n  }\r\n\r\n  .dropdown-content {\r\n    display: none;\r\n    position: fixed;\r\n    bottom: 60px;\r\n    left: 50%;\r\n    transform: translateX(-50%);\r\n    background-color: #fff;\r\n    padding: 15px;\r\n    border-radius: 10px;\r\n    box-shadow: 0 4px 8px rgba(0, 0, 0, 0.1);\r\n    z-index: 1001;\r\n    max-width: 90%;\r\n    width: auto;\r\n    text-align: left;\r\n  }\r\n\r\n  .dropdown-content p, .dropdown-content button {\r\n    font-family: Pangea, sans-serif;\r\n    font-size: 16px;\r\n    font-weight: 400;\r\n    line-height: 20.8px;\r\n    text-align: left;\r\n  }\r\n\r\n  .dropdown-content button {\r\n    display: inline-block;\r\n    margin-right: 10px;\r\n    padding: 5px 10px;\r\n    margin-top: 7px;\r\n    background-color: #e9eaea;\r\n    color: black;\r\n    border: none;\r\n    border-radius: 10px;\r\n    cursor: pointer;\r\n    transition: background-color 0.3s ease;\r\n  }\r\n\r\n  .dropdown-content button:hover, .dropdown-content button:focus {\r\n    background-color: #055bd0;\r\n    color: white;\r\n  }\r\n\r\n  .dropdown-content button:last-child {\r\n    margin-right: 0;\r\n  }\r\n<\/style>\r\n\r\n<script>\r\n  function toggleDropdown(tabId, element) {\r\n    const dropdown = document.getElementById(tabId);\r\n    const isActive = element.classList.contains('active');\r\n    \r\n    closeAllDropdowns(); \/\/ Close other open dropdowns\r\n\r\n    \/\/ If not already active, open this dropdown and mark tab as active\r\n    if (!isActive) {\r\n      dropdown.style.display = 'block';\r\n      element.classList.add('active');\r\n    } else {\r\n      dropdown.style.display = 'none';\r\n    }\r\n  }\r\n\r\n  function closeAllDropdowns() {\r\n    \/\/ Hide all dropdowns and remove active class from all tabs\r\n    const dropdowns = document.querySelectorAll('.dropdown-content');\r\n    const tabs = document.querySelectorAll('.tab');\r\n\r\n    dropdowns.forEach(dropdown => dropdown.style.display = 'none');\r\n    tabs.forEach(tab => tab.classList.remove('active'));\r\n  }\r\n\r\n  \/\/ Close dropdowns if click happens outside of them\r\n  document.addEventListener('click', function(event) {\r\n    const tabContainer = document.querySelector('.tab-container');\r\n    \r\n    if (!tabContainer.contains(event.target)) {\r\n      closeAllDropdowns();\r\n    }\r\n  });\r\n<\/script>\r\n\t\t\t\t<\/div>\n\t\t\t\t<\/div>\n\t\t\t\t\t<\/div>\n\t\t\t\t<\/div>\n\t\t<div class=\"elementor-element elementor-element-c77c85f e-flex e-con-boxed wpr-jarallax-no wpr-sticky-section-no e-con e-parent\" data-id=\"c77c85f\" data-element_type=\"container\" data-settings=\"{&quot;background_background&quot;:&quot;classic&quot;}\">\n\t\t\t\t\t<div class=\"e-con-inner\">\n\t\t\t\t<div class=\"elementor-element elementor-element-33a3718 elementor-widget elementor-widget-heading\" data-id=\"33a3718\" data-element_type=\"widget\" data-widget_type=\"heading.default\">\n\t\t\t\t<div class=\"elementor-widget-container\">\n\t\t\t\t\t<h1 class=\"elementor-heading-title elementor-size-default\">Informaci\u00f3n legal<\/h1>\t\t\t\t<\/div>\n\t\t\t\t<\/div>\n\t\t\t\t<div class=\"elementor-element elementor-element-3315a98 elementor-hidden-mobile_extra elementor-hidden-mobile elementor-widget-divider--view-line elementor-widget elementor-widget-divider\" data-id=\"3315a98\" data-element_type=\"widget\" data-widget_type=\"divider.default\">\n\t\t\t\t<div class=\"elementor-widget-container\">\n\t\t\t\t\t\t\t<div class=\"elementor-divider\">\n\t\t\t<span class=\"elementor-divider-separator\">\n\t\t\t\t\t\t<\/span>\n\t\t<\/div>\n\t\t\t\t\t\t<\/div>\n\t\t\t\t<\/div>\n\t\t<div class=\"elementor-element elementor-element-3f3e727 e-flex e-con-boxed wpr-jarallax-no wpr-sticky-section-no e-con e-child\" data-id=\"3f3e727\" data-element_type=\"container\">\n\t\t\t\t\t<div class=\"e-con-inner\">\n\t\t<div class=\"elementor-element elementor-element-f585dd7 e-con-full e-flex wpr-jarallax-no wpr-sticky-section-no e-con e-child\" data-id=\"f585dd7\" data-element_type=\"container\">\n\t\t\t\t<div class=\"elementor-element elementor-element-59facf6 elementor-widget elementor-widget-wpdmpackages\" data-id=\"59facf6\" data-element_type=\"widget\" data-widget_type=\"wpdmpackages.default\">\n\t\t\t\t<div class=\"elementor-widget-container\">\n\t\t\t\t\t<div class='w3eden'>\n    <div class=''>\n\n        \n        <div id=\"content_wpdm_package_2\">\n            <div class='row'><div class='col-lg-6 col-md-6 col-12'><!-- WPDM Link Template: Default Template ( Compact ) -->\n\n<div class=\"link-template-default card mb-2\">\n    <div class=\"card-body\">\n        <div class=\"media\">\n            <div class=\"mr-3 img-48\"><img decoding=\"async\" class=\"wpdm_icon\" alt=\"Icono\" src=\"https:\/\/investinelsalvador.gob.sv\/wp-content\/plugins\/download-manager\/assets\/file-type-icons\/pdf.svg\" \/><\/div>\n            <div class=\"media-body\">\n                <h3 class=\"package-title\">El Salvador Tax Incentives and Benefits Summary<\/h3>\n                <div class=\"text-muted text-small\"><i class=\"fas fa-copy\"><\/i> 1 archivo(s) <i class=\"fas fa-hdd ml-3\"><\/i> 12.83 MB<\/div>\n            <\/div>\n            <div class=\"ml-3\">\n                <a class='wpdm-download-link download-on-click btn btn-primary' rel='nofollow' href='#' data-downloadurl=\"https:\/\/investinelsalvador.gob.sv\/es\/download\/incentives-resume\/?wpdmdl=23819&refresh=69ff68e89a9301778346216\">Descargar<\/a>\n            <\/div>\n        <\/div>\n    <\/div>\n<\/div>\n\n<\/div><div class='col-lg-6 col-md-6 col-12'><!-- WPDM Link Template: Default Template ( Compact ) -->\n\n<div class=\"link-template-default card mb-2\">\n    <div class=\"card-body\">\n        <div class=\"media\">\n            <div class=\"mr-3 img-48\"><img decoding=\"async\" class=\"wpdm_icon\" alt=\"Icono\" src=\"https:\/\/investinelsalvador.gob.sv\/wp-content\/plugins\/download-manager\/assets\/file-type-icons\/pdf.svg\" \/><\/div>\n            <div class=\"media-body\">\n                <h3 class=\"package-title\">Tax Incentives and Benefits in El Salvador<\/h3>\n                <div class=\"text-muted text-small\"><i class=\"fas fa-copy\"><\/i> 1 archivo(s) <i class=\"fas fa-hdd ml-3\"><\/i> 5,10MB<\/div>\n            <\/div>\n            <div class=\"ml-3\">\n                <a class='wpdm-download-link download-on-click btn btn-primary' rel='nofollow' href='#' data-downloadurl=\"https:\/\/investinelsalvador.gob.sv\/es\/download\/tax-incentives-in-el-salvador\/?wpdmdl=19678&refresh=69ff68e9006361778346217\">Descargar<\/a>\n            <\/div>\n        <\/div>\n    <\/div>\n<\/div>\n\n<\/div><div class='col-lg-6 col-md-6 col-12'><!-- WPDM Link Template: Default Template ( Compact ) -->\n\n<div class=\"link-template-default card mb-2\">\n    <div class=\"card-body\">\n        <div class=\"media\">\n            <div class=\"mr-3 img-48\"><img decoding=\"async\" class=\"wpdm_icon\" alt=\"Icono\" src=\"https:\/\/investinelsalvador.gob.sv\/wp-content\/plugins\/download-manager\/assets\/file-type-icons\/pdf.svg\" \/><\/div>\n            <div class=\"media-body\">\n                <h3 class=\"package-title\">Law for the promotion of innovation and technology manufacturing Presentation<\/h3>\n                <div class=\"text-muted text-small\"><i class=\"fas fa-copy\"><\/i> 1 archivo(s) <i class=\"fas fa-hdd ml-3\"><\/i> 17.76 MB<\/div>\n            <\/div>\n            <div class=\"ml-3\">\n                <a class='wpdm-download-link download-on-click btn btn-primary' rel='nofollow' href='#' data-downloadurl=\"https:\/\/investinelsalvador.gob.sv\/es\/download\/law-for-the-promotion-of-innovation-and-technology-manufacturing\/?wpdmdl=13345&refresh=69ff68e953f6d1778346217\">Descargar<\/a>\n            <\/div>\n        <\/div>\n    <\/div>\n<\/div>\n\n<\/div><\/div>            <div style='clear:both'><\/div><div class='text-center'><ul class='pagination wpdm-pagination pagination-centered text-center async'><\/ul><\/div><div style='clear:both'><\/div>        <\/div>\n\n        <div style='clear:both'><\/div>\n    <\/div>\n<\/div>\n\t\t\t\t<\/div>\n\t\t\t\t<\/div>\n\t\t\t\t<\/div>\n\t\t\t\t\t<\/div>\n\t\t\t\t<\/div>\n\t\t\t\t\t<\/div>\n\t\t\t\t<\/div>\n\t\t\t\t<\/div>","protected":false},"excerpt":{"rendered":"<p>Informacion legal<\/p>","protected":false},"author":15,"featured_media":0,"parent":13354,"menu_order":0,"comment_status":"closed","ping_status":"closed","template":"","meta":{"_acf_changed":false,"_eb_attr":"","content-type":"","footnotes":""},"class_list":["post-13373","page","type-page","status-publish","hentry"],"acf":[],"aioseo_notices":[],"_links":{"self":[{"href":"https:\/\/investinelsalvador.gob.sv\/es\/wp-json\/wp\/v2\/pages\/13373","targetHints":{"allow":["GET"]}}],"collection":[{"href":"https:\/\/investinelsalvador.gob.sv\/es\/wp-json\/wp\/v2\/pages"}],"about":[{"href":"https:\/\/investinelsalvador.gob.sv\/es\/wp-json\/wp\/v2\/types\/page"}],"author":[{"embeddable":true,"href":"https:\/\/investinelsalvador.gob.sv\/es\/wp-json\/wp\/v2\/users\/15"}],"replies":[{"embeddable":true,"href":"https:\/\/investinelsalvador.gob.sv\/es\/wp-json\/wp\/v2\/comments?post=13373"}],"version-history":[{"count":27,"href":"https:\/\/investinelsalvador.gob.sv\/es\/wp-json\/wp\/v2\/pages\/13373\/revisions"}],"predecessor-version":[{"id":26643,"href":"https:\/\/investinelsalvador.gob.sv\/es\/wp-json\/wp\/v2\/pages\/13373\/revisions\/26643"}],"up":[{"embeddable":true,"href":"https:\/\/investinelsalvador.gob.sv\/es\/wp-json\/wp\/v2\/pages\/13354"}],"wp:attachment":[{"href":"https:\/\/investinelsalvador.gob.sv\/es\/wp-json\/wp\/v2\/media?parent=13373"}],"curies":[{"name":"palabra clave","href":"https:\/\/api.w.org\/{rel}","templated":true}]}}