{"id":19651,"date":"2024-01-05T11:46:30","date_gmt":"2024-01-05T17:46:30","guid":{"rendered":"https:\/\/investinelsalvador.gob.sv\/?page_id=19651"},"modified":"2024-11-07T11:49:55","modified_gmt":"2024-11-07T17:49:55","slug":"automobiles-and-drivers-license","status":"publish","type":"page","link":"https:\/\/investinelsalvador.gob.sv\/es\/automobiles-and-drivers-license\/","title":{"rendered":"Autom\u00f3viles y Licencias de conducir"},"content":{"rendered":"<div data-elementor-type=\"wp-page\" data-elementor-id=\"19651\" class=\"elementor elementor-19651\" data-elementor-post-type=\"page\">\n\t\t\t\t<div class=\"elementor-element elementor-element-cca09bb e-flex e-con-boxed wpr-jarallax-no wpr-sticky-section-no e-con e-parent\" data-id=\"cca09bb\" data-element_type=\"container\" data-settings=\"{&quot;background_background&quot;:&quot;classic&quot;}\">\n\t\t\t\t\t<div class=\"e-con-inner\">\n\t\t\t\t<div class=\"elementor-element elementor-element-830f80e elementor-widget elementor-widget-heading\" data-id=\"830f80e\" data-element_type=\"widget\" data-widget_type=\"heading.default\">\n\t\t\t\t<div class=\"elementor-widget-container\">\n\t\t\t\t\t<h1 class=\"elementor-heading-title elementor-size-default\">Autom\u00f3viles y Licencias de conducir <\/h1>\t\t\t\t<\/div>\n\t\t\t\t<\/div>\n\t\t\t\t\t<\/div>\n\t\t\t\t<\/div>\n\t\t<div class=\"elementor-element elementor-element-f885a85 e-flex e-con-boxed wpr-jarallax-no wpr-sticky-section-no e-con e-parent\" data-id=\"f885a85\" data-element_type=\"container\" data-settings=\"{&quot;background_background&quot;:&quot;classic&quot;}\">\n\t\t\t\t\t<div class=\"e-con-inner\">\n\t\t<div class=\"elementor-element elementor-element-1328ca8 e-con-full e-flex wpr-jarallax-no wpr-sticky-section-no e-con e-child\" data-id=\"1328ca8\" data-element_type=\"container\">\n\t\t\t\t<div class=\"elementor-element elementor-element-ac6f86a elementor-widget elementor-widget-heading\" data-id=\"ac6f86a\" data-element_type=\"widget\" data-widget_type=\"heading.default\">\n\t\t\t\t<div class=\"elementor-widget-container\">\n\t\t\t\t\t<h4 class=\"elementor-heading-title elementor-size-default\">Licencia de conducir para extranjeros<\/h4>\t\t\t\t<\/div>\n\t\t\t\t<\/div>\n\t\t\t\t<div class=\"elementor-element elementor-element-cc36a42 elementor-widget elementor-widget-text-editor\" data-id=\"cc36a42\" data-element_type=\"widget\" data-widget_type=\"text-editor.default\">\n\t\t\t\t<div class=\"elementor-widget-container\">\n\t\t\t\t\t\t\t\t\t<p>En El Salvador, de acuerdo con la Ley de Transporte Terrestre, Transito y Seguridad Vial, en el Art. 74. Se estable que las personas con licencia o cualquier otro tipo de autorizaci\u00f3n para conducir veh\u00edculos automotores, expedida en el extranjero, podr\u00e1n usarla como equivalente si demuestran una permanencia menor a los noventa d\u00edas consecutivos dentro del territorio nacional. Transcurrido dicho plazo, deber\u00e1n obtener la licencia correspondiente, llenando los requisitos que para tal efecto establezca el Reglamento respectivo.<\/p><p>Los tr\u00e1mites para solicitar la acreditaci\u00f3n para conducir un veh\u00edculo automotor en El Salvador, tanto para nacionales como extranjeros, se realizan a trav\u00e9s de SERTRACEN, entidad responsable de emitir las licencias de conducir, de acuerdo con la capacidad del veh\u00edculo. Las licencias tienen una vigencia de 5 a\u00f1os, a excepci\u00f3n de las juveniles que expiran cuando el conductor cumple 18 a\u00f1os.<\/p>\t\t\t\t\t\t\t\t<\/div>\n\t\t\t\t<\/div>\n\t\t\t\t<\/div>\n\t\t\t\t\t<\/div>\n\t\t\t\t<\/div>\n\t\t<div class=\"elementor-element elementor-element-ac7d819 e-flex e-con-boxed wpr-jarallax-no wpr-sticky-section-no e-con e-parent\" data-id=\"ac7d819\" data-element_type=\"container\" data-settings=\"{&quot;background_background&quot;:&quot;classic&quot;}\">\n\t\t\t\t\t<div class=\"e-con-inner\">\n\t\t\t\t<div class=\"elementor-element elementor-element-f1961ac wpr-advanced-accordion-icon-side-box elementor-widget elementor-widget-wpr-advanced-accordion\" data-id=\"f1961ac\" data-element_type=\"widget\" data-settings=\"{&quot;active_item&quot;:1}\" data-widget_type=\"wpr-advanced-accordion.default\">\n\t\t\t\t<div class=\"elementor-widget-container\">\n\t\t\t\t\t\n            <div class=\"wpr-advanced-accordion\" data-accordion-type=\"accordion\" data-active-index=\"1\" data-accordion-trigger=\"click\" data-interaction-speed=\"0.4\">\n\n\t\t\t\n                \n\t\t\t\t\t<div class=\"wpr-accordion-item-wrap\">\n\t\t\t\t\t\t<button class=\"wpr-acc-button\">\n\t\t\t\t\t\t\t<span class=\"wpr-acc-item-title\">\n\t\t\t\t\t\t\t\t\t\t\t\t\t\t\t\t\t<div class=\"wpr-acc-icon-box\">\n\t\t\t\t\t\t\t\t\t\t\t\t\t\t<span class=\"wpr-title-icon\">\n\t\t\t\t\t<i aria-hidden=\"true\" class=\"fas fa-id-card-alt\"><\/i>\t\t\t\t<\/span>\n\t\t\t\t\t\t\t\t\t\t\t\t<\/div>\n\t\t\t\t\t\t\t\t\n\t\t\t\t\t\t\t\t<span class=\"wpr-acc-title-text\">Homologaci\u00f3n Licencia Extranjera<\/span>\n\t\t\t\t\t\t\t<\/span>\n\t\t\t\t\t\t\t\t\t\t\t<span class=\"wpr-toggle-icon wpr-ti-close\"><i aria-hidden=\"true\" class=\"fas fa-plus\"><\/i><\/span>\n\t\t\t\t<span class=\"wpr-toggle-icon wpr-ti-open\"><i aria-hidden=\"true\" class=\"fas fa-minus\"><\/i><\/span>\n\t\t\t\t\t\t\t\t\t<\/button>\n\n\t\t\t\t\t\t<div class=\"wpr-acc-panel\">\n\t\t\t\t\t\t\t\t\t\t\t\t\t\t\t<div class=\"wpr-acc-panel-content\"><p>Los extranjeros que deseen homologar su licencia de conducir en el pa\u00eds tendr\u00e1n que cumplir los siguientes requisitos:<\/p><ul><li>Presentar Pasaporte o NIT original y vigente.<\/li><li>Carnet de residente temporal con una vigencia mayor a tres meses o carnet de residente definitivo vigente. (original)<\/li><li>Comprobante de grupo sangu\u00edneo emitido por laboratorio cl\u00ednico con firma y sello de inscripci\u00f3n. Tambi\u00e9n, puede presentar un comprobante de grupo sangu\u00edneo emitido por una instituci\u00f3n de salud p\u00fablica con los respectivos sellos de la instituci\u00f3n.<\/li><li>Comprobante de aprobaci\u00f3n del examen visual que se realiza en las oficinas de SERTRACEN.<\/li><li>Licencia extranjera vigente (original y copia) apostillada por autoridad competente del pa\u00eds en donde se emiti\u00f3.<\/li><\/ul><p>\u00a0<\/p><p>En caso de que la licencia extranjera no haya sido apostillada por proceder de un pa\u00eds que no ha suscrito el Convenio de la Haya 1961, podr\u00e1 presentar fotocopia de Licencia Extranjera vigente, completamente legible en todas sus partes, autenticada en el pa\u00eds de origen y por el Ministerio de Relaciones Exteriores de El Salvador.<\/p><p>\u00a0<\/p><p>Costo del examen visual: $3.39<\/p><p>\u00a0<\/p><p>Costo del tr\u00e1mite: $54.43<\/p><p>\u00a0<\/p><p>Para m\u00e1s informaci\u00f3n respecto a tr\u00e1mites de licencias de conducir, consulte el sitio oficial de SERTRACEN: <a href=\"https:\/\/www.sertracen.com.sv\/index.php\/homologacion-licencia-extranjera\" target=\"_blank\" rel=\"noopener\"><strong><span style=\"text-decoration: underline;\">httpsc:\/\/www.sertracen.com.sv\/index.php\/homologacion-licencia-extranjera<\/span><\/strong><\/a><\/p><\/div>\n\t\t\t\t\t\t\t\t\t\t\t\t\t<\/div>\n                    <\/div>\n\n                \n\t\t\t\t\t<div class=\"wpr-accordion-item-wrap\">\n\t\t\t\t\t\t<button class=\"wpr-acc-button\">\n\t\t\t\t\t\t\t<span class=\"wpr-acc-item-title\">\n\t\t\t\t\t\t\t\t\t\t\t\t\t\t\t\t\t<div class=\"wpr-acc-icon-box\">\n\t\t\t\t\t\t\t\t\t\t\t\t\t\t<span class=\"wpr-title-icon\">\n\t\t\t\t\t<i aria-hidden=\"true\" class=\"fas fa-car-side\"><\/i>\t\t\t\t<\/span>\n\t\t\t\t\t\t\t\t\t\t\t\t<\/div>\n\t\t\t\t\t\t\t\t\n\t\t\t\t\t\t\t\t<span class=\"wpr-acc-title-text\">Alquiler de autos en El Salvador.<\/span>\n\t\t\t\t\t\t\t<\/span>\n\t\t\t\t\t\t\t\t\t\t\t<span class=\"wpr-toggle-icon wpr-ti-close\"><i aria-hidden=\"true\" class=\"fas fa-plus\"><\/i><\/span>\n\t\t\t\t<span class=\"wpr-toggle-icon wpr-ti-open\"><i aria-hidden=\"true\" class=\"fas fa-minus\"><\/i><\/span>\n\t\t\t\t\t\t\t\t\t<\/button>\n\n\t\t\t\t\t\t<div class=\"wpr-acc-panel\">\n\t\t\t\t\t\t\t\t\t\t\t\t\t\t\t<div class=\"wpr-acc-panel-content\"><p>El Salvador cuenta con una amplia oferta de empresas de renombre internacional que ofrecen servicios de renta de autom\u00f3viles con sedes en el Aeropuerto Internacional y oficinas en todo el pa\u00eds, que brindan soluciones de transporte para negocios o turismo.<\/p><p>Algunas de las empresas m\u00e1s destacadas de este sector<\/p><ul><li><a href=\"https:\/\/enterpriseelsalvador.com\/\" target=\"_blank\" rel=\"noopener\">Enterprise Rent-A-Car<\/a><\/li><li><a href=\"https:\/\/www.rentcars.com\/es\/rentadora\/hertz\/el-salvador\" target=\"_blank\" rel=\"noopener\">Hertz Rent a Car El Salvador<\/a><\/li><li><a href=\"https:\/\/www.budget.com\/es\/locations\/el\/san-salvador\" target=\"_blank\" rel=\"noopener\">Budget<\/a><\/li><li><a href=\"https:\/\/alamo.sv\/\">Alamo Rent A Car El Salvador<\/a><\/li><\/ul><\/div>\n\t\t\t\t\t\t\t\t\t\t\t\t\t<\/div>\n                    <\/div>\n\n                \n\t\t\t\t\t<div class=\"wpr-accordion-item-wrap\">\n\t\t\t\t\t\t<button class=\"wpr-acc-button\">\n\t\t\t\t\t\t\t<span class=\"wpr-acc-item-title\">\n\t\t\t\t\t\t\t\t\t\t\t\t\t\t\t\t\t<div class=\"wpr-acc-icon-box\">\n\t\t\t\t\t\t\t\t\t\t\t\t\t\t<span class=\"wpr-title-icon\">\n\t\t\t\t\t<i aria-hidden=\"true\" class=\"material-icons md-local_car_wash\"><\/i>\t\t\t\t<\/span>\n\t\t\t\t\t\t\t\t\t\t\t\t<\/div>\n\t\t\t\t\t\t\t\t\n\t\t\t\t\t\t\t\t<span class=\"wpr-acc-title-text\">Compra de autom\u00f3viles en El Salvador<\/span>\n\t\t\t\t\t\t\t<\/span>\n\t\t\t\t\t\t\t\t\t\t\t<span class=\"wpr-toggle-icon wpr-ti-close\"><i aria-hidden=\"true\" class=\"fas fa-plus\"><\/i><\/span>\n\t\t\t\t<span class=\"wpr-toggle-icon wpr-ti-open\"><i aria-hidden=\"true\" class=\"fas fa-minus\"><\/i><\/span>\n\t\t\t\t\t\t\t\t\t<\/button>\n\n\t\t\t\t\t\t<div class=\"wpr-acc-panel\">\n\t\t\t\t\t\t\t\t\t<div data-elementor-type=\"container\" data-elementor-id=\"19933\" class=\"elementor elementor-19933\" data-elementor-post-type=\"elementor_library\">\n\t\t\t\t<div class=\"elementor-element elementor-element-95a64c9 e-flex e-con-boxed wpr-jarallax-no wpr-sticky-section-no e-con e-parent\" data-id=\"95a64c9\" data-element_type=\"container\">\n\t\t\t\t\t<div class=\"e-con-inner\">\n\t\t\t\t<div class=\"elementor-element elementor-element-404942b elementor-widget elementor-widget-text-editor\" data-id=\"404942b\" data-element_type=\"widget\" data-widget_type=\"text-editor.default\">\n\t\t\t\t<div class=\"elementor-widget-container\">\n\t\t\t\t\t\t\t\t\t<p>El mercado automotriz salvadore\u00f1o cuenta con un amplio portafolio de marcas de autom\u00f3viles, repuestos y talleres con soluciones financieras \u00e1giles para nacionales y extranjeros que desean adquirir veh\u00edculos nuevos para negocios o uso personal.<\/p><p>\u00a0<\/p><p>Estas compa\u00f1\u00edas de la industria de autom\u00f3viles ponen a disposici\u00f3n planes y facilidades de pagos para la adquisici\u00f3n de veh\u00edculos tipo Sedan, Hatchbacks, Suvs, Crossovers, Minivan, Camionetas e H\u00edbridos, entre otros.<\/p><p>\u00a0<\/p><p>Las concesionarias de veh\u00edculos tambi\u00e9n ofrecen automotores comerciales: Pick Ups, microbuses y l\u00edneas de productos que incluyen venta o arrendamiento de maquinaria pesada y liviana para el desarrollo de negocios como: cargadores, tractores topadores, excavadoras, tra\u00edllas, camiones, cargadores frontales, motoniveladoras, tractores de orugas para diferentes clases de industrias.<\/p><h3>Principales empresas de venta de autos del sector automotriz<\/h3>\t\t\t\t\t\t\t\t<\/div>\n\t\t\t\t<\/div>\n\t\t\t\t\t<\/div>\n\t\t\t\t<\/div>\n\t\t<div class=\"elementor-element elementor-element-9375a50 e-flex e-con-boxed wpr-jarallax-no wpr-sticky-section-no e-con e-parent\" data-id=\"9375a50\" data-element_type=\"container\" data-settings=\"{&quot;background_background&quot;:&quot;classic&quot;}\">\n\t\t\t\t\t<div class=\"e-con-inner\">\n\t\t\t\t<div class=\"elementor-element elementor-element-a60bd93 elementor-widget elementor-widget-ucaddon_logo_marquee\" data-id=\"a60bd93\" data-element_type=\"widget\" data-widget_type=\"ucaddon_logo_marquee.default\">\n\t\t\t\t<div class=\"elementor-widget-container\">\n\t\t\t\t\t<!-- start Logo Marquee -->\n\t\t\t<style type=\"text\/css\">\/* widget: Logo Marquee *\/\n\n#uc_logo_marquee_elementor_a60bd93{\n  min-height:1px;\n  text-align: center;\n  position:relative;\n}\n\n#uc_logo_marquee_elementor_a60bd93 *{\n  box-sizing:border-box;\n}\n#uc_logo_marquee_elementor_a60bd93 .uc_marquee {\n\tdisplay: flex;\n\talign-items: center;\n\toverflow: hidden;\n    position: relative;\n}\n#uc_logo_marquee_elementor_a60bd93 .uc_marquee > div {\n\tdisplay: inline-flex;\n\talign-items: center;\n\tflex: 0 0 auto;\n\twidth: auto;\n\toverflow: hidden;\n  \t\t\tanimation-name: marquee-to-left;\n    \tanimation-timing-function: linear;\n\tanimation-iteration-count: infinite;\n    }\n#uc_logo_marquee_elementor_a60bd93 img{\n\twidth: 100%;\n  \theight: 100%;\n  \tobject-fit: contain;\n}\n\n\n#uc_logo_marquee_elementor_a60bd93 .uc_logo_marquee_holder a{\n  height:100%;\n  width: 100%;\n  display:flex;\n  align-items: center;\n  justify-content:center;\n}\n\n\n\t@keyframes marquee-to-left {\n\tfrom {transform: translate(0,0)}\n\tto {transform: translate(-50%,0)}\n}\n\t\n\n\n\n\n\n<\/style>\n\n\t\t\t<div class=\"uc_logo_marquee\" id=\"uc_logo_marquee_elementor_a60bd93\" style=\"direction:ltr;\" >\n   <div class=\"uc_marquee uc-items-wrapper\" data-height=\"170px\" data-speed=\"15000\" data-mobile-items=\"1\" data-tablet-items=\"2\" data-desktop-items=\"6\" data-margin=\"10\" data-paused=\"true\" data-direction=\"left\">\n   \t\t<div class=\"uc_logo_marquee_holder\">\n\t  <a href=\"https:\/\/dealer.porsche.com\/sv\/elsalvador\/es-SV\" >\n      <img decoding=\"async\" src=\"https:\/\/investinelsalvador.gob.sv\/wp-content\/uploads\/2024\/01\/porsche-logo-e1706032192379-252x300.png\" alt=\"Item 1\" >\n      <\/a>\n<\/div>\n<div class=\"uc_logo_marquee_holder\">\n\t  <a href=\"https:\/\/www.toyota.com.sv\/\" >\n      <img decoding=\"async\" src=\"https:\/\/investinelsalvador.gob.sv\/wp-content\/uploads\/2024\/01\/5103f1b8fc622e866c58357af040363b-300x246.png\" alt=\"Item 2\" >\n      <\/a>\n<\/div>\n<div class=\"uc_logo_marquee_holder\">\n\t  <a href=\"https:\/\/grupo-los-tres-el-salvador.negocio.site\/\" >\n      <img decoding=\"async\" src=\"https:\/\/investinelsalvador.gob.sv\/wp-content\/uploads\/2024\/01\/volvo-logo-300x293.png\" alt=\"Item 3\" >\n      <\/a>\n<\/div>\n<div class=\"uc_logo_marquee_holder\">\n\t  <a href=\"https:\/\/www.hondaelsalvador.com\/\" >\n      <img decoding=\"async\" src=\"https:\/\/investinelsalvador.gob.sv\/wp-content\/uploads\/2024\/01\/2560px-Honda.svg-300x191.png\" alt=\"Item 4\" >\n      <\/a>\n<\/div>\n<div class=\"uc_logo_marquee_holder\">\n\t  <a href=\"https:\/\/www.volkswagenelsalvador.com\/es.html\" >\n      <img decoding=\"async\" src=\"https:\/\/investinelsalvador.gob.sv\/wp-content\/uploads\/2024\/01\/Volkswagen_Logo_till_1995.svg-300x300.png\" alt=\"Item 5\" >\n      <\/a>\n<\/div>\n<div class=\"uc_logo_marquee_holder\">\n\t  <a href=\"https:\/\/www.nissanelsalvador.com\/\" >\n      <img decoding=\"async\" src=\"https:\/\/investinelsalvador.gob.sv\/wp-content\/uploads\/2024\/01\/Nissan_logo-300x257.png\" alt=\"Default Title\" >\n      <\/a>\n<\/div>\n<div class=\"uc_logo_marquee_holder\">\n\t  <a href=\"https:\/\/suzukisv.com\/\" >\n      <img decoding=\"async\" src=\"https:\/\/investinelsalvador.gob.sv\/wp-content\/uploads\/2024\/01\/2560px-Suzuki_logo_2.svg-300x202.png\" alt=\"Default Title\" >\n      <\/a>\n<\/div>\n<div class=\"uc_logo_marquee_holder\">\n\t  <a href=\"https:\/\/kia.com.sv\/\" >\n      <img decoding=\"async\" src=\"https:\/\/investinelsalvador.gob.sv\/wp-content\/uploads\/2024\/01\/Kia-logo-300x169.png\" alt=\"Default Title\" >\n      <\/a>\n<\/div>\n<div class=\"uc_logo_marquee_holder\">\n\t  <a href=\"https:\/\/www.hyundaielsalvador.com\/\" >\n      <img decoding=\"async\" src=\"https:\/\/investinelsalvador.gob.sv\/wp-content\/uploads\/2024\/01\/logo-Hyundai-300x169.png\" alt=\"Default Title\" >\n      <\/a>\n<\/div>\n<div class=\"uc_logo_marquee_holder\">\n\t  <a href=\"https:\/\/www.cosama.com.sv\/\" >\n      <img decoding=\"async\" src=\"https:\/\/investinelsalvador.gob.sv\/wp-content\/uploads\/2024\/01\/John-Deere-Symbol-300x169.png\" alt=\"Default Title\" >\n      <\/a>\n<\/div>\n<div class=\"uc_logo_marquee_holder\">\n\t  <a href=\"https:\/\/generaldeequipos.com\/\" >\n      <img decoding=\"async\" src=\"https:\/\/investinelsalvador.gob.sv\/wp-content\/uploads\/2024\/01\/CAT-logo-300x180.png\" alt=\"Default Title\" >\n      <\/a>\n<\/div>\n<div class=\"uc_logo_marquee_holder\">\n\t  <a href=\"https:\/\/cheryelsalvador.com\/\" >\n      <img decoding=\"async\" src=\"https:\/\/investinelsalvador.gob.sv\/wp-content\/uploads\/2024\/01\/Chery-logo-300x169.png\" alt=\"Default Title\" >\n      <\/a>\n<\/div>\n<div class=\"uc_logo_marquee_holder\">\n\t  <a href=\"https:\/\/www.bmw.com.sv\/es\/index.html\" >\n      <img decoding=\"async\" src=\"https:\/\/investinelsalvador.gob.sv\/wp-content\/uploads\/2024\/01\/BMW.svg-300x300.png\" alt=\"Default Title\" >\n      <\/a>\n<\/div>\n<div class=\"uc_logo_marquee_holder\">\n\t  <a href=\"https:\/\/www.audi.com.sv\/aola\/web\/sv.html\" >\n      <img decoding=\"async\" src=\"https:\/\/investinelsalvador.gob.sv\/wp-content\/uploads\/2024\/01\/audi-logo-png-1920x1080-hd-1080p-1920-300x169.png\" alt=\"Default Title\" >\n      <\/a>\n<\/div>\n<div class=\"uc_logo_marquee_holder\">\n\t  <a href=\"https:\/\/www.geely.com.sv\/\" >\n      <img decoding=\"async\" src=\"https:\/\/investinelsalvador.gob.sv\/wp-content\/uploads\/2024\/01\/Geely-Auto-Logo-300x169.png\" alt=\"Default Title\" >\n      <\/a>\n<\/div>\n\n   <\/div>\t\n<\/div>\n\t\t\t<!-- end Logo Marquee -->\t\t\t\t<\/div>\n\t\t\t\t<\/div>\n\t\t\t\t\t<\/div>\n\t\t\t\t<\/div>\n\t\t\t\t<\/div>\n\t\t<span class=\"wpr-template-edit-btn\" data-permalink=\"https:\/\/investinelsalvador.gob.sv\/es\/?elementor_library=cars-brands\">Edit Template<\/span>\t\t\t\t\t\t<\/div>\n                    <\/div>\n\n                \n\t\t\t\t\t<div class=\"wpr-accordion-item-wrap\">\n\t\t\t\t\t\t<button class=\"wpr-acc-button\">\n\t\t\t\t\t\t\t<span class=\"wpr-acc-item-title\">\n\t\t\t\t\t\t\t\t\t\t\t\t\t\t\t\t\t<div class=\"wpr-acc-icon-box\">\n\t\t\t\t\t\t\t\t\t\t\t\t\t\t<span class=\"wpr-title-icon\">\n\t\t\t\t\t<i aria-hidden=\"true\" class=\"uic jquery-ui-icon-bullets\"><\/i>\t\t\t\t<\/span>\n\t\t\t\t\t\t\t\t\t\t\t\t<\/div>\n\t\t\t\t\t\t\t\t\n\t\t\t\t\t\t\t\t<span class=\"wpr-acc-title-text\">Requisitos para el financiamiento de veh\u00edculos en El Salvador<\/span>\n\t\t\t\t\t\t\t<\/span>\n\t\t\t\t\t\t\t\t\t\t\t<span class=\"wpr-toggle-icon wpr-ti-close\"><i aria-hidden=\"true\" class=\"fas fa-plus\"><\/i><\/span>\n\t\t\t\t<span class=\"wpr-toggle-icon wpr-ti-open\"><i aria-hidden=\"true\" class=\"fas fa-minus\"><\/i><\/span>\n\t\t\t\t\t\t\t\t\t<\/button>\n\n\t\t\t\t\t\t<div class=\"wpr-acc-panel\">\n\t\t\t\t\t\t\t\t\t\t\t\t\t\t\t<div class=\"wpr-acc-panel-content\"><ul><li>Presente la siguiente documentaci\u00f3n:<ul><li>Constancia de sueldo vigente<\/li><li>Copia del Certificado de Instituto Salvadore\u00f1o del Seguro Social (ISSS) y Declaraci\u00f3n de Renta.<\/li><li>Fotocopia de DUI Y NIT del solicitante o en su defecto Carn\u00e9 de Residente.<\/li><li>Presentar \u00faltimo recibo de agua o energ\u00eda el\u00e9ctrica.<\/li><\/ul><\/li><li>Un a\u00f1o antig\u00fcedad laboral como m\u00ednimo<\/li><li>El cliente deber\u00e1 cumplir la relaci\u00f3n cuota ingreso (4:1)<\/li><\/ul><\/div>\n\t\t\t\t\t\t\t\t\t\t\t\t\t<\/div>\n                    <\/div>\n\n                \n\t\t\t\t\t<div class=\"wpr-accordion-item-wrap\">\n\t\t\t\t\t\t<button class=\"wpr-acc-button\">\n\t\t\t\t\t\t\t<span class=\"wpr-acc-item-title\">\n\t\t\t\t\t\t\t\t\t\t\t\t\t\t\t\t\t<div class=\"wpr-acc-icon-box\">\n\t\t\t\t\t\t\t\t\t\t\t\t\t\t<span class=\"wpr-title-icon\">\n\t\t\t\t\t<i aria-hidden=\"true\" class=\"material-icons md-local_gas_station\"><\/i>\t\t\t\t<\/span>\n\t\t\t\t\t\t\t\t\t\t\t\t<\/div>\n\t\t\t\t\t\t\t\t\n\t\t\t\t\t\t\t\t<span class=\"wpr-acc-title-text\">Combustible<\/span>\n\t\t\t\t\t\t\t<\/span>\n\t\t\t\t\t\t\t\t\t\t\t<span class=\"wpr-toggle-icon wpr-ti-close\"><i aria-hidden=\"true\" class=\"fas fa-plus\"><\/i><\/span>\n\t\t\t\t<span class=\"wpr-toggle-icon wpr-ti-open\"><i aria-hidden=\"true\" class=\"fas fa-minus\"><\/i><\/span>\n\t\t\t\t\t\t\t\t\t<\/button>\n\n\t\t\t\t\t\t<div class=\"wpr-acc-panel\">\n\t\t\t\t\t\t\t\t\t<div data-elementor-type=\"container\" data-elementor-id=\"21615\" class=\"elementor elementor-21615\" data-elementor-post-type=\"elementor_library\">\n\t\t\t\t<div class=\"elementor-element elementor-element-824ccf1 e-flex e-con-boxed wpr-jarallax-no wpr-sticky-section-no e-con e-parent\" data-id=\"824ccf1\" data-element_type=\"container\">\n\t\t\t\t\t<div class=\"e-con-inner\">\n\t\t\t\t<div class=\"elementor-element elementor-element-475edb4 elementor-widget elementor-widget-video\" data-id=\"475edb4\" data-element_type=\"widget\" data-settings=\"{&quot;video_type&quot;:&quot;hosted&quot;,&quot;autoplay&quot;:&quot;yes&quot;,&quot;play_on_mobile&quot;:&quot;yes&quot;,&quot;mute&quot;:&quot;yes&quot;,&quot;loop&quot;:&quot;yes&quot;}\" data-widget_type=\"video.default\">\n\t\t\t\t<div class=\"elementor-widget-container\">\n\t\t\t\t\t<style>.elementor-element-475edb4{display:none !important}<\/style>\t\t\t\t<\/div>\n\t\t\t\t<\/div>\n\t\t\t\t<div class=\"elementor-element elementor-element-46e8208 elementor-widget elementor-widget-video\" data-id=\"46e8208\" data-element_type=\"widget\" data-settings=\"{&quot;video_type&quot;:&quot;hosted&quot;,&quot;autoplay&quot;:&quot;yes&quot;,&quot;play_on_mobile&quot;:&quot;yes&quot;,&quot;mute&quot;:&quot;yes&quot;,&quot;loop&quot;:&quot;yes&quot;}\" data-widget_type=\"video.default\">\n\t\t\t\t<div class=\"elementor-widget-container\">\n\t\t\t\t\t\t\t<div class=\"e-hosted-video elementor-wrapper elementor-open-inline\">\n\t\t\t\t\t<video class=\"elementor-video\" src=\"https:\/\/investinelsalvador.gob.sv\/wp-content\/uploads\/2024\/05\/infografia-regulacion-de-precios.pdf-3-1.mp4\" autoplay=\"\" loop=\"\" muted=\"muted\" playsinline=\"\" controlslist=\"nodownload\"><\/video>\n\t\t\t\t<\/div>\n\t\t\t\t\t\t<\/div>\n\t\t\t\t<\/div>\n\t\t\t\t\t<\/div>\n\t\t\t\t<\/div>\n\t\t\t\t<\/div>\n\t\t<span class=\"wpr-template-edit-btn\" data-permalink=\"https:\/\/investinelsalvador.gob.sv\/es\/?elementor_library=gasoline_price\">Edit Template<\/span>\t\t\t\t\t\t<\/div>\n                    <\/div>\n\n                            <\/div>\n        \t\t\t\t<\/div>\n\t\t\t\t<\/div>\n\t\t\t\t\t<\/div>\n\t\t\t\t<\/div>\n\t\t\t\t<\/div>","protected":false},"excerpt":{"rendered":"<p>Automobiles and driver&#8217;s license Driver\u2019s license for foreigners In El Salvador, according to Art. 74 of the Law of Land Transportation, Traffic and Road Safety, it is established that persons [&hellip;]<\/p>","protected":false},"author":15,"featured_media":0,"parent":0,"menu_order":0,"comment_status":"closed","ping_status":"closed","template":"","meta":{"_acf_changed":false,"_eb_attr":"","content-type":"","footnotes":""},"class_list":["post-19651","page","type-page","status-publish","hentry"],"acf":[],"aioseo_notices":[],"_links":{"self":[{"href":"https:\/\/investinelsalvador.gob.sv\/es\/wp-json\/wp\/v2\/pages\/19651","targetHints":{"allow":["GET"]}}],"collection":[{"href":"https:\/\/investinelsalvador.gob.sv\/es\/wp-json\/wp\/v2\/pages"}],"about":[{"href":"https:\/\/investinelsalvador.gob.sv\/es\/wp-json\/wp\/v2\/types\/page"}],"author":[{"embeddable":true,"href":"https:\/\/investinelsalvador.gob.sv\/es\/wp-json\/wp\/v2\/users\/15"}],"replies":[{"embeddable":true,"href":"https:\/\/investinelsalvador.gob.sv\/es\/wp-json\/wp\/v2\/comments?post=19651"}],"version-history":[{"count":31,"href":"https:\/\/investinelsalvador.gob.sv\/es\/wp-json\/wp\/v2\/pages\/19651\/revisions"}],"predecessor-version":[{"id":26526,"href":"https:\/\/investinelsalvador.gob.sv\/es\/wp-json\/wp\/v2\/pages\/19651\/revisions\/26526"}],"wp:attachment":[{"href":"https:\/\/investinelsalvador.gob.sv\/es\/wp-json\/wp\/v2\/media?parent=19651"}],"curies":[{"name":"palabra clave","href":"https:\/\/api.w.org\/{rel}","templated":true}]}}