{"id":24141,"date":"2024-07-08T10:15:24","date_gmt":"2024-07-08T16:15:24","guid":{"rendered":"https:\/\/investinelsalvador.gob.sv\/?page_id=24141"},"modified":"2024-07-08T10:46:07","modified_gmt":"2024-07-08T16:46:07","slug":"terms-and-conditions","status":"publish","type":"page","link":"https:\/\/investinelsalvador.gob.sv\/es\/terms-and-conditions\/","title":{"rendered":"T\u00e9rminos y Condiciones"},"content":{"rendered":"<div data-elementor-type=\"wp-page\" data-elementor-id=\"24141\" class=\"elementor elementor-24141\" data-elementor-post-type=\"page\">\n\t\t\t\t<div class=\"elementor-element elementor-element-460ba3ff e-flex e-con-boxed wpr-jarallax-no wpr-sticky-section-no e-con e-parent\" data-id=\"460ba3ff\" data-element_type=\"container\">\n\t\t\t\t\t<div class=\"e-con-inner\">\n\t\t\t\t<div class=\"elementor-element elementor-element-21da3454 elementor-widget elementor-widget-text-editor\" data-id=\"21da3454\" data-element_type=\"widget\" data-widget_type=\"text-editor.default\">\n\t\t\t\t<div class=\"elementor-widget-container\">\n\t\t\t\t\t\t\t\t\t<p>Bienvenido al sitio web de la Agencia de Promoci\u00f3n de Inversiones y Exportaciones de El Salvador. Al acceder y utilizar este sitio, acepta cumplir con los siguientes T\u00e9rminos y Condiciones. Si no est\u00e1 de acuerdo con alguna parte de estos t\u00e9rminos, le recomendamos que no utilice nuestro sitio.<\/p>\n<h5><br \/>1.\tProp\u00f3sito del Sitio<\/h5>\n<p><br \/>Nuestro sitio web tiene como objetivo promover oportunidades de inversi\u00f3n y exportaci\u00f3n, as\u00ed como atraer a personas y empresas interesadas en invertir en El Salvador. Asimismo, ofrecemos asistencia y consultor\u00eda para inversionistas, exportadores o empresas interesadas en expandir sus negocios dentro del entorno econ\u00f3mico y social favorable que ofrece El Salvador en m\u00faltiples industrias econ\u00f3micas.<br \/><br \/>La informaci\u00f3n proporcionada en el sitio es de car\u00e1cter general. Para asesoramiento personalizado, le invitamos a contactarnos.<\/p>\n<h5><br \/>2.\tUso del sitio<\/h5>\n<p><br \/>Este sitio web est\u00e1 destinado para proporcionar informaci\u00f3n sobre nuestros servicios y actividades relacionadas con la promoci\u00f3n de inversiones y exportaciones. No recopilamos datos personales de los usuarios. Sin embargo, hacemos seguimiento de las actividades de navegaci\u00f3n mediante metadata (por ejemplo, direcciones IP, tipo de navegador, p\u00e1ginas visitadas, etc.).<\/p>\n<h5><br \/>3.\tPropiedad Intelectual<\/h5>\n<p><br \/>Todo el contenido del sitio, incluyendo textos, im\u00e1genes, logotipos y gr\u00e1ficos, es propiedad de la Agencia de Promoci\u00f3n de Inversiones y Exportaciones de El Salvador y\/o del Gobierno de El Salvador.<br \/><br \/>La informaci\u00f3n legal, estrat\u00e9gica y de mercado disponible en la p\u00e1gina podr\u00e1 copiarse, reproducirse o distribuirse sin autorizaci\u00f3n previa.<\/p>\n<h5><br \/><br \/>4.\tResponsabilidad del Usuario<\/h5>\n<p>Al utilizar nuestro sitio, se compromete a no:<\/p>\n<ul>\n<li>Realizar actividades ilegales o fraudulentas.<\/li>\n<li>Publicar contenido ofensivo, difamatorio o perjudicial.<\/li>\n<li>Intentar acceder a \u00e1reas restringidas sin autorizaci\u00f3n.<\/li>\n<\/ul>\n<h5><br \/>5.\tEnlaces Externos<\/h5>\n<p><br \/>Nuestro sitio puede contener enlaces a sitios web de terceros. No somos responsables de la precisi\u00f3n, seguridad o contenido de estos enlaces externos. Al hacer clic en enlaces externos, abandona nuestro sitio y acepta los t\u00e9rminos y condiciones de esos sitios.<\/p>\n<p>\u00a0<\/p>\n<h5>6.\tModificaciones y Actualizaciones<\/h5>\n<p><br \/>Nos reservamos el derecho de modificar o actualizar estos t\u00e9rminos y condiciones en cualquier momento sin previo aviso. Es su responsabilidad revisar peri\u00f3dicamente esta p\u00e1gina para estar al tanto de los cambios.<\/p>\n<h5><br \/>7.\tJurisdicci\u00f3n y Ley Aplicable<\/h5>\n<p><br \/>Estos t\u00e9rminos y condiciones se rigen por las leyes de El Salvador. Cualquier disputa se resolver\u00e1 en los tribunales competentes de San Salvador.<br \/><br \/>Al utilizar nuestro sitio, acepta estos T\u00e9rminos y Condiciones en su totalidad. Si tiene alguna pregunta o inquietud, no dude en contactarnos.<\/p>\n<h5><br \/>Pol\u00edtica de Privacidad<\/h5>\n<p><br \/>Bienvenido al sitio web de la Agencia de Promoci\u00f3n de Inversiones y Exportaciones de El Salvador. Al acceder y utilizar este sitio, acepta nuestra pol\u00edtica de privacidad. Si no est\u00e1 de acuerdo con alguna parte de esta pol\u00edtica, le recomendamos que no utilice nuestro sitio.<\/p>\n<h5><br \/><br \/>1.\tInformaci\u00f3n Recopilada<\/h5>\n<ul>\n<li>Metadata y Actividades de Navegaci\u00f3n: no recopilamos datos personales, pero hacemos seguimiento de las actividades de navegaci\u00f3n mediante metadata (por ejemplo, direcciones IP, tipo de navegador, p\u00e1ginas visitadas, etc.).<\/li>\n<li>Utilizamos esta informaci\u00f3n para mejorar nuestro sitio y comprender las preferencias de los usuarios.<\/li>\n<\/ul>\n<h5><br \/><br \/>2. Cookies y Tecnolog\u00edas Similares<\/h5>\n<ul>\n<li>Utilizamos cookies y tecnolog\u00edas similares para mejorar la experiencia del usuario.<\/li>\n<li>Las cookies pueden ser de sesi\u00f3n (se borran al cerrar el navegador) o persistentes (permanecen en el dispositivo).<\/li>\n<\/ul>\n<h5><br \/><br \/>3. Uso de la Informaci\u00f3n<\/h5>\n<ul>\n<li>Utilizamos la informaci\u00f3n recopilada para optimizar nuestro sitio web y personalizar la experiencia del usuario.<\/li>\n<li>No compartimos esta informaci\u00f3n con terceros.<\/li>\n<\/ul>\n<h5><br \/>4. Seguridad<\/h5>\n<ul>\n<li>Implementamos medidas de seguridad para proteger la informaci\u00f3n recopilada.<\/li>\n<li>No compartimos datos con fines comerciales ni vendemos informaci\u00f3n a terceros.<\/li>\n<li>No obstante lo anterior, al utilizar este sitio, acepta que las medidas de seguridad en Internet no son inexpugnables y que tomamos todas las medidas de seguridad posibles para proteger la informaci\u00f3n recopilada.<br \/><br \/>Nuestra Pol\u00edtica de Privacidad se rige por las leyes de El Salvador. Cualquier disputa se resolver\u00e1 en los tribunales competentes de San Salvador.<br \/><br \/>Al utilizar nuestro sitio, acepta esta Pol\u00edtica de Privacidad en su totalidad. Si tiene alguna pregunta o inquietud, no dude en contactarnos. La instituci\u00f3n se reserva el derecho de modificar los presentes t\u00e9rminos y condiciones y su pol\u00edtica de privacidad de datos de forma discrecional, siempre con arreglo a la legislaci\u00f3n vigente en materia de protecci\u00f3n de datos. Dichos cambios surtir\u00e1n efecto  desde la fecha de su publicaci\u00f3n en el sitio web de la instituci\u00f3n.<\/li>\n<\/ul>\t\t\t\t\t\t\t\t<\/div>\n\t\t\t\t<\/div>\n\t\t\t\t\t<\/div>\n\t\t\t\t<\/div>\n\t\t\t\t<\/div>","protected":false},"excerpt":{"rendered":"<p>Welcome to the website of the Investment and Export Promotion Agency of El Salvador. By accessing and using this site, you agree to be bound by the following Terms and [&hellip;]<\/p>","protected":false},"author":15,"featured_media":0,"parent":0,"menu_order":0,"comment_status":"closed","ping_status":"closed","template":"","meta":{"_acf_changed":false,"_eb_attr":"","content-type":"","footnotes":""},"class_list":["post-24141","page","type-page","status-publish","hentry"],"acf":[],"aioseo_notices":[],"_links":{"self":[{"href":"https:\/\/investinelsalvador.gob.sv\/es\/wp-json\/wp\/v2\/pages\/24141","targetHints":{"allow":["GET"]}}],"collection":[{"href":"https:\/\/investinelsalvador.gob.sv\/es\/wp-json\/wp\/v2\/pages"}],"about":[{"href":"https:\/\/investinelsalvador.gob.sv\/es\/wp-json\/wp\/v2\/types\/page"}],"author":[{"embeddable":true,"href":"https:\/\/investinelsalvador.gob.sv\/es\/wp-json\/wp\/v2\/users\/15"}],"replies":[{"embeddable":true,"href":"https:\/\/investinelsalvador.gob.sv\/es\/wp-json\/wp\/v2\/comments?post=24141"}],"version-history":[{"count":7,"href":"https:\/\/investinelsalvador.gob.sv\/es\/wp-json\/wp\/v2\/pages\/24141\/revisions"}],"predecessor-version":[{"id":24149,"href":"https:\/\/investinelsalvador.gob.sv\/es\/wp-json\/wp\/v2\/pages\/24141\/revisions\/24149"}],"wp:attachment":[{"href":"https:\/\/investinelsalvador.gob.sv\/es\/wp-json\/wp\/v2\/media?parent=24141"}],"curies":[{"name":"palabra clave","href":"https:\/\/api.w.org\/{rel}","templated":true}]}}