{"id":27162,"date":"2024-11-19T15:49:32","date_gmt":"2024-11-19T21:49:32","guid":{"rendered":"https:\/\/investinelsalvador.gob.sv\/?page_id=27162"},"modified":"2026-05-04T16:24:17","modified_gmt":"2026-05-04T22:24:17","slug":"convocatorias","status":"publish","type":"page","link":"https:\/\/investinelsalvador.gob.sv\/es\/convocatorias\/","title":{"rendered":"convocatorias"},"content":{"rendered":"<div data-elementor-type=\"wp-page\" data-elementor-id=\"27162\" class=\"elementor elementor-27162\" data-elementor-post-type=\"page\">\n\t\t\t\t<div class=\"elementor-element elementor-element-5c50522 e-con-full e-flex wpr-jarallax-no wpr-sticky-section-no e-con e-parent\" data-id=\"5c50522\" data-element_type=\"container\" data-settings=\"{&quot;background_background&quot;:&quot;classic&quot;}\">\n\t\t\t\t<div class=\"elementor-element elementor-element-7baa3b0 elementor-widget elementor-widget-heading\" data-id=\"7baa3b0\" data-element_type=\"widget\" data-widget_type=\"heading.default\">\n\t\t\t\t<div class=\"elementor-widget-container\">\n\t\t\t\t\t<h1 class=\"elementor-heading-title elementor-size-default\">CONVOCATORIA A PROCESOS ADMINISTRATIVOS<\/h1>\t\t\t\t<\/div>\n\t\t\t\t<\/div>\n\t\t\t\t<div class=\"elementor-element elementor-element-2a556ff elementor-widget elementor-widget-text-editor\" data-id=\"2a556ff\" data-element_type=\"widget\" data-widget_type=\"text-editor.default\">\n\t\t\t\t<div class=\"elementor-widget-container\">\n\t\t\t\t\t\t\t\t\t<p style=\"text-align: center;\">Se invita a proveedores inscritos en COMPRASAL a participar en los siguientes procesos<\/p>\t\t\t\t\t\t\t\t<\/div>\n\t\t\t\t<\/div>\n\t\t\t\t<\/div>\n\t\t<div class=\"elementor-element elementor-element-7391cc9 e-con-full e-flex wpr-jarallax-no wpr-sticky-section-no e-con e-parent\" data-id=\"7391cc9\" data-element_type=\"container\" data-settings=\"{&quot;background_background&quot;:&quot;classic&quot;}\">\n\t\t<div class=\"elementor-element elementor-element-dadd2f2 e-con-full e-flex wpr-jarallax-no wpr-sticky-section-no e-con e-child\" data-id=\"dadd2f2\" data-element_type=\"container\">\n\t\t\t\t<div class=\"elementor-element elementor-element-bfe819a eael-flip-box--3d eael-flipbox-content-align-center eael-flipbox-img-default elementor-widget elementor-widget-eael-flip-box\" data-id=\"bfe819a\" data-element_type=\"widget\" data-widget_type=\"eael-flip-box.default\">\n\t\t\t\t<div class=\"elementor-widget-container\">\n\t\t\t\t\t\n        <div class=\"eael-elements-flip-box-container eael-animate-flip eael-animate-left eael-content\">\n\n            <div class=\"eael-elements-flip-box-flip-card\">\n                <div class=\"eael-elements-flip-box-front-container\">\n\n                    \n                        <div class=\"eael-elements-slider-display-table\">\n                            <div class=\"eael-elements-flip-box-vertical-align\">\n                                <div class=\"eael-elements-flip-box-padding\">\n                                    <div class=\"eael-elements-flip-box-icon-image\">\n                                                                                    <img decoding=\"async\" class=\"eael-flipbox-image-as-icon\" src=\"https:\/\/investinelsalvador.gob.sv\/wp-content\/uploads\/2024\/11\/INVEST-IN-LOGO-blanco_2-e1732052633396.png\" alt=\"\">\n                                                                            <\/div>\n                                                                        <h4 class=\"eael-elements-flip-box-heading\">CONTRATACI\u00d3N DE SERVICIO DE MANTENIMIENTO PREVENTIVO Y CORRECTIVO DE VEH\u00cdCULO INSTITUCIONAL<\/h4>\n                                                                        <div class=\"eael-elements-flip-box-content\">\n\t                                                                            <p><p class=\"s12\">CONTRATACI\u00d3N DE SERVICIO DE MANTENIMIENTO PREVENTIVO Y CORRECTIVO DE VEH\u00cdCULO INSTITUCIONAL<\/p><p class=\"s12\"><span class=\"s11\">CONTRATACI\u00d3N DIRECTA <\/span><span class=\"s11\">No. CD<\/span><span class=\"s11\">-02<\/span><span class=\"s11\">\/2026-INVEST<\/span><\/p><p style=\"text-align: center;\"><strong>CORRELATIVO EN <\/strong><strong>COMPRASAL: <span class=\"s13\">558-2026-P0040<\/span><\/strong><\/p><p style=\"text-align: center;\"><strong>Fecha m\u00e1xima de recepci\u00f3n de ofertas: 08 de MAYO de 2026 \u2013 03:00 p.m.<\/strong><\/p><\/p>                                    <\/div>\n                                <\/div>\n                            <\/div>\n                        <\/div>\n                                    <\/div>\n\n                <div class=\"eael-elements-flip-box-rear-container\">\n\n                                            <div class=\"eael-elements-slider-display-table\">\n                            <div class=\"eael-elements-flip-box-vertical-align\">\n                                <div class=\"eael-elements-flip-box-padding\">\n                                                                                                            <div class=\"eael-elements-flip-box-content\">\n                                                                                <div style=\"max-width: 100%; overflow: hidden;\"><p style=\"text-align: left; margin: 0 0 10px 0; word-break: break-word; overflow-wrap: anywhere;\"><strong>AVISO DE CONVOCATORIA<\/strong><\/p><p style=\"text-align: left; margin: 0 0 10px 0; word-break: break-word; overflow-wrap: anywhere;\"><strong>SOLICITUD DE PROPUESTAS DE BIENES O SERVICIOS <\/strong><strong>DE NO CONSULTOR\u00cdA POR SELECCI\u00d3N AL MENOR COSTO<\/strong><\/p><p style=\"text-align: left; margin: 0 0 10px 0; word-break: break-word; overflow-wrap: anywhere;\">La Unidad de Compras P\u00fablicas (UCP) de INVEST, en cumplimiento al Art\u00edculo 73 de la Ley de Compras P\u00fablicas,<br \/>convoca a todos los interesados en participar en el proceso siguiente:<\/p><p style=\"text-align: left; margin: 0 0 6px 0; word-break: break-word; overflow-wrap: anywhere;\"><strong>CORRELATIVO EN COMPRASAL:<\/strong><\/p><p style=\"text-align: left; margin: 0 0 10px 0; word-break: break-word; overflow-wrap: anywhere;\"><strong><span class=\"s11\">558<\/span><span class=\"s11\">-2026-P<\/span><span class=\"s11\">0040<\/span><\/strong><\/p><p style=\"text-align: left; margin: 0 0 10px 0; word-break: break-word; overflow-wrap: anywhere;\"><strong><span class=\"s6\">\u201cCONTRATACI\u00d3N DE SERVICIO DE MANTENIMIENTO PREVENTIVO Y CORRECTIVO DE VEH\u00cdCULO INSTITUCIONAL<\/span><span class=\"s6\">\u201d<\/span><\/strong><\/p><p><!-- SINGLE PARAGRAPH (replaces old \"Fecha y hora de presentaci\u00f3n...\" paragraph) --><\/p><p style=\"text-align: left; margin: 0 0 10px 0; word-break: break-word; overflow-wrap: anywhere;\"><strong>FECHA Y HORA DE RECEPCI\u00d3N DE OFERTAS:<\/strong><br \/><strong>Formato virtual:<\/strong> Plataforma COMPRASAL<br \/><a style=\"color: inherit; text-decoration: underline; word-break: break-word; overflow-wrap: anywhere;\" href=\"https:\/\/www.comprasal.gob.sv\">https:\/\/www.comprasal.gob.sv<\/a>.<br \/><strong>D\u00eda l\u00edmite:<\/strong> <strong>08 de mayo de 2026<\/strong>. <strong>Hasta las:<\/strong> <strong>03:00 p.m.<\/strong><br \/><strong>Formato f\u00edsico:<\/strong> Oficinas de INVEST. <strong>D\u00eda l\u00edmite:<\/strong> <strong>08 de mayo de 2026<\/strong>. <strong>Hasta las:<\/strong> <strong>03:00 p.m.<\/strong><br \/><strong>APERTURA DE OFERTAS:<\/strong> <strong>D\u00eda:<\/strong> <strong>08 de mayo de 2026<\/strong>. <strong>Hora:<\/strong> <strong>03:30 p.m.<\/strong><\/p><p style=\"text-align: left; margin: 0 0 10px 0; word-break: break-word; overflow-wrap: anywhere;\">Es requisito obligatorio que el oferente se encuentre registrado (100%) en el Registro \u00danico de Proveedores del Estado (RUPES)<br \/>en la plataforma de COMPRASAL para que pueda participar.<\/p><p style=\"text-align: left; margin: 0 0 10px 0; word-break: break-word; overflow-wrap: anywhere;\">La presente convocatoria se encuentra publicada en el sistema COMPRASAL.<\/p><p style=\"text-align: left; margin: 0 0 10px 0; word-break: break-word; overflow-wrap: anywhere;\">Las personas interesadas pueden descargar el Documento de Solicitud de Propuestas, sin ning\u00fan costo, ingresando con sus credenciales<br \/>en la plataforma correspondiente.<\/p><\/div>                                    <\/div>\n\n                                                                            <a class=\"flipbox-button\" href=\"https:\/\/www.comprasal.gob.sv\/\">\n                                                                                        Conoce m\u00e1s                                                                                            <\/a>\n                                                                    <\/div>\n                            <\/div>\n                        <\/div>\n                                    <\/div>\n            <\/div>\n        <\/div>\n\n\t\t\t\t<\/div>\n\t\t\t\t<\/div>\n\t\t\t\t<\/div>\n\t\t<div class=\"elementor-element elementor-element-0ffc6a8 e-con-full e-flex wpr-jarallax-no wpr-sticky-section-no e-con e-child\" data-id=\"0ffc6a8\" data-element_type=\"container\">\n\t\t\t\t<div class=\"elementor-element elementor-element-a6b0d08 eael-flip-box--3d eael-flipbox-content-align-center eael-flipbox-img-default elementor-widget elementor-widget-eael-flip-box\" data-id=\"a6b0d08\" data-element_type=\"widget\" data-widget_type=\"eael-flip-box.default\">\n\t\t\t\t<div class=\"elementor-widget-container\">\n\t\t\t\t\t\n        <div class=\"eael-elements-flip-box-container eael-animate-flip eael-animate-left eael-content\">\n\n            <div class=\"eael-elements-flip-box-flip-card\">\n                <div class=\"eael-elements-flip-box-front-container\">\n\n                    \n                        <div class=\"eael-elements-slider-display-table\">\n                            <div class=\"eael-elements-flip-box-vertical-align\">\n                                <div class=\"eael-elements-flip-box-padding\">\n                                    <div class=\"eael-elements-flip-box-icon-image\">\n                                                                                    <img decoding=\"async\" class=\"eael-flipbox-image-as-icon\" src=\"https:\/\/investinelsalvador.gob.sv\/wp-content\/uploads\/2024\/11\/INVEST-IN-LOGO-blanco_2-e1732052633396.png\" alt=\"\">\n                                                                            <\/div>\n                                                                        <h4 class=\"eael-elements-flip-box-heading\">CONTRATACI\u00d3N DE SERVICIOS DE AUDITOR\u00cdA EXTERNA FINANCIERA PARA LA AGENCIA DE PROMOCI\u00d3N DE INVERSIONES Y EXPORTACIONES DE EL SALVADOR, INVEST, CORRESPONDIENTE AL EJERCICIO FISCAL COMPRENDIDO DEL 01 DE ENERO AL 31 DE DICIEMBRE DE 2025<\/h4>\n                                                                        <div class=\"eael-elements-flip-box-content\">\n\t                                                                            <p><p class=\"s12\">CONTRATACI\u00d3N DE SERVICIOS DE AUDITOR\u00cdA EXTERNA FINANCIERA PARA LA AGENCIA DE PROMOCI\u00d3N DE INVERSIONES Y EXPORTACIONES DE EL SALVADOR, INVEST, CORRESPONDIENTE AL EJERCICIO FISCAL COMPRENDIDO DEL 01 DE ENERO AL 31 DE DICIEMBRE DE 2025<\/p><p class=\"s12\"><span class=\"s11\">SELECCI\u00d3N AL MENOR COSTO<\/span><span class=\"s11\">No. SMC<\/span><span class=\"s11\">-01<\/span><span class=\"s11\">\/2026-INVEST<\/span><\/p><p style=\"text-align: center;\"><strong>CORRELATIVO EN <\/strong><strong>COMPRASAL: <span class=\"s13\">558-2026-P0030<\/span><\/strong><\/p><p style=\"text-align: center;\"><strong>Fecha m\u00e1xima de recepci\u00f3n de ofertas: 12 de MAYO de 2026 \u2013 03:00 p.m.<\/strong><\/p><\/p>                                    <\/div>\n                                <\/div>\n                            <\/div>\n                        <\/div>\n                                    <\/div>\n\n                <div class=\"eael-elements-flip-box-rear-container\">\n\n                                            <div class=\"eael-elements-slider-display-table\">\n                            <div class=\"eael-elements-flip-box-vertical-align\">\n                                <div class=\"eael-elements-flip-box-padding\">\n                                                                                                            <div class=\"eael-elements-flip-box-content\">\n                                                                                <div style=\"max-width: 100%; overflow: hidden;\"><p style=\"text-align: left; margin: 0 0 10px 0; word-break: break-word; overflow-wrap: anywhere;\"><strong>AVISO DE CONVOCATORIA<\/strong><\/p><p style=\"text-align: left; margin: 0 0 10px 0; word-break: break-word; overflow-wrap: anywhere;\"><strong>SOLICITUD DE PROPUESTAS DE BIENES O SERVICIOS <\/strong><strong>DE NO CONSULTOR\u00cdA POR SELECCI\u00d3N AL MENOR COSTO<\/strong><\/p><p style=\"text-align: left; margin: 0 0 10px 0; word-break: break-word; overflow-wrap: anywhere;\">La Unidad de Compras P\u00fablicas (UCP) de INVEST, en cumplimiento al Art\u00edculo 73 de la Ley de Compras P\u00fablicas,<br \/>convoca a todos los interesados en participar en el proceso siguiente:<\/p><p style=\"text-align: left; margin: 0 0 6px 0; word-break: break-word; overflow-wrap: anywhere;\"><strong>CORRELATIVO EN COMPRASAL:<\/strong><\/p><p style=\"text-align: left; margin: 0 0 10px 0; word-break: break-word; overflow-wrap: anywhere;\"><strong><span class=\"s11\">558<\/span><span class=\"s11\">-2026-P<\/span><span class=\"s11\">0030<\/span><\/strong><\/p><p style=\"text-align: left; margin: 0 0 10px 0; word-break: break-word; overflow-wrap: anywhere;\"><strong><span class=\"s6\">\u201cCONTRATACI\u00d3N DE SERVICIOS DE AUDITOR\u00cdA EXTERNA FINANCIERA PARA LA AGENCIA DE PROMOCI\u00d3N DE INVERSIONES Y EXPORTACIONES DE EL SALVADOR, INVEST, CORRESPONDIENTE AL EJERCICIO FISCAL COMPRENDIDO DEL 01 DE ENERO AL 31 DE DICIEMBRE DE 2025<\/span><span class=\"s6\">\u201d<\/span><\/strong><\/p><p><!-- SINGLE PARAGRAPH (replaces old \"Fecha y hora de presentaci\u00f3n...\" paragraph) --><\/p><p style=\"text-align: left; margin: 0 0 10px 0; word-break: break-word; overflow-wrap: anywhere;\"><strong>FECHA Y HORA DE RECEPCI\u00d3N DE OFERTAS:<\/strong><br \/><strong>Formato virtual:<\/strong> Plataforma COMPRASAL<br \/><a style=\"color: inherit; text-decoration: underline; word-break: break-word; overflow-wrap: anywhere;\" href=\"https:\/\/www.comprasal.gob.sv\">https:\/\/www.comprasal.gob.sv<\/a>.<br \/><strong>D\u00eda l\u00edmite:<\/strong> <strong>12 de mayo de 2026<\/strong>. <strong>Hasta las:<\/strong> <strong>03:00 p.m.<\/strong><br \/><strong>Formato f\u00edsico:<\/strong> Oficinas de INVEST. <strong>D\u00eda l\u00edmite:<\/strong> <strong>12 de mayo de 2026<\/strong>. <strong>Hasta las:<\/strong> <strong>03:00 p.m.<\/strong><br \/><strong>APERTURA DE OFERTAS:<\/strong> <strong>D\u00eda:<\/strong> <strong>12 de mayo de 2026<\/strong>. <strong>Hora:<\/strong> <strong>03:30 p.m.<\/strong><\/p><p style=\"text-align: left; margin: 0 0 10px 0; word-break: break-word; overflow-wrap: anywhere;\">Es requisito obligatorio que el oferente se encuentre registrado (100%) en el Registro \u00danico de Proveedores del Estado (RUPES)<br \/>en la plataforma de COMPRASAL para que pueda participar.<\/p><p style=\"text-align: left; margin: 0 0 10px 0; word-break: break-word; overflow-wrap: anywhere;\">La presente convocatoria se encuentra publicada en el sistema COMPRASAL.<\/p><p style=\"text-align: left; margin: 0 0 10px 0; word-break: break-word; overflow-wrap: anywhere;\">Las personas interesadas pueden descargar el Documento de Solicitud de Propuestas, sin ning\u00fan costo, ingresando con sus credenciales<br \/>en la plataforma correspondiente.<\/p><\/div>                                    <\/div>\n\n                                                                            <a class=\"flipbox-button\" href=\"https:\/\/www.comprasal.gob.sv\/\">\n                                                                                        Conoce m\u00e1s                                                                                            <\/a>\n                                                                    <\/div>\n                            <\/div>\n                        <\/div>\n                                    <\/div>\n            <\/div>\n        <\/div>\n\n\t\t\t\t<\/div>\n\t\t\t\t<\/div>\n\t\t\t\t<\/div>\n\t\t\t\t<\/div>\n\t\t<div class=\"elementor-element elementor-element-7929517 e-flex e-con-boxed wpr-jarallax-no wpr-sticky-section-no e-con e-parent\" data-id=\"7929517\" data-element_type=\"container\">\n\t\t\t\t\t<div class=\"e-con-inner\">\n\t\t\t\t\t<\/div>\n\t\t\t\t<\/div>\n\t\t\t\t<\/div>","protected":false},"excerpt":{"rendered":"<p>CONVOCATORIA A PROCESOS ADMINISTRATIVOS Se invita a proveedores inscritos en COMPRASAL a participar en los siguientes procesos CONTRATACI\u00d3N DE SERVICIO DE MANTENIMIENTO PREVENTIVO Y CORRECTIVO DE VEH\u00cdCULO INSTITUCIONAL CONTRATACI\u00d3N DE [&hellip;]<\/p>","protected":false},"author":15,"featured_media":0,"parent":0,"menu_order":0,"comment_status":"closed","ping_status":"closed","template":"","meta":{"_acf_changed":false,"_eb_attr":"","content-type":"","footnotes":""},"class_list":["post-27162","page","type-page","status-publish","hentry"],"acf":[],"aioseo_notices":[],"_links":{"self":[{"href":"https:\/\/investinelsalvador.gob.sv\/es\/wp-json\/wp\/v2\/pages\/27162","targetHints":{"allow":["GET"]}}],"collection":[{"href":"https:\/\/investinelsalvador.gob.sv\/es\/wp-json\/wp\/v2\/pages"}],"about":[{"href":"https:\/\/investinelsalvador.gob.sv\/es\/wp-json\/wp\/v2\/types\/page"}],"author":[{"embeddable":true,"href":"https:\/\/investinelsalvador.gob.sv\/es\/wp-json\/wp\/v2\/users\/15"}],"replies":[{"embeddable":true,"href":"https:\/\/investinelsalvador.gob.sv\/es\/wp-json\/wp\/v2\/comments?post=27162"}],"version-history":[{"count":247,"href":"https:\/\/investinelsalvador.gob.sv\/es\/wp-json\/wp\/v2\/pages\/27162\/revisions"}],"predecessor-version":[{"id":28049,"href":"https:\/\/investinelsalvador.gob.sv\/es\/wp-json\/wp\/v2\/pages\/27162\/revisions\/28049"}],"wp:attachment":[{"href":"https:\/\/investinelsalvador.gob.sv\/es\/wp-json\/wp\/v2\/media?parent=27162"}],"curies":[{"name":"palabra clave","href":"https:\/\/api.w.org\/{rel}","templated":true}]}}