{"id":27735,"date":"2025-10-17T14:24:01","date_gmt":"2025-10-17T20:24:01","guid":{"rendered":"https:\/\/investinelsalvador.gob.sv\/?page_id=27735"},"modified":"2025-12-10T11:17:35","modified_gmt":"2025-12-10T17:17:35","slug":"politica-antisoborno","status":"publish","type":"page","link":"https:\/\/investinelsalvador.gob.sv\/es\/politica-antisoborno\/","title":{"rendered":"Politica-Antisoborno"},"content":{"rendered":"<div data-elementor-type=\"wp-page\" data-elementor-id=\"27735\" class=\"elementor elementor-27735\" data-elementor-post-type=\"page\">\n\t\t\t\t<div class=\"elementor-element elementor-element-2ef0d9b e-flex e-con-boxed wpr-jarallax-no wpr-sticky-section-no e-con e-parent\" data-id=\"2ef0d9b\" data-element_type=\"container\">\n\t\t\t\t\t<div class=\"e-con-inner\">\n\t\t<div class=\"elementor-element elementor-element-69134ca e-con-full e-flex wpr-jarallax-no wpr-sticky-section-no e-con e-child\" data-id=\"69134ca\" data-element_type=\"container\">\n\t\t\t\t<div class=\"elementor-element elementor-element-35539f8 elementor-widget__width-initial elementor-widget elementor-widget-template\" data-id=\"35539f8\" data-element_type=\"widget\" data-widget_type=\"template.default\">\n\t\t\t\t<div class=\"elementor-widget-container\">\n\t\t\t\t\t\t\t<div class=\"elementor-template\">\n\t\t\t\t\t<div data-elementor-type=\"page\" data-elementor-id=\"27715\" class=\"elementor elementor-27715\" data-elementor-post-type=\"elementor_library\">\n\t\t\t\t<div class=\"elementor-element elementor-element-e7f197c e-flex e-con-boxed wpr-jarallax-no wpr-sticky-section-no e-con e-parent\" data-id=\"e7f197c\" data-element_type=\"container\" data-settings=\"{&quot;background_background&quot;:&quot;classic&quot;}\">\n\t\t\t\t\t<div class=\"e-con-inner\">\n\t\t<div class=\"elementor-element elementor-element-79ebac22 e-flex e-con-boxed wpr-jarallax-no wpr-sticky-section-no e-con e-child\" data-id=\"79ebac22\" data-element_type=\"container\">\n\t\t\t\t\t<div class=\"e-con-inner\">\n\t\t\t\t<div class=\"elementor-element elementor-element-5334aed9 elementor-widget elementor-widget-image\" data-id=\"5334aed9\" data-element_type=\"widget\" data-widget_type=\"image.default\">\n\t\t\t\t<div class=\"elementor-widget-container\">\n\t\t\t\t\t\t\t\t\t\t\t\t\t\t\t<img fetchpriority=\"high\" decoding=\"async\" width=\"800\" height=\"532\" src=\"https:\/\/investinelsalvador.gob.sv\/wp-content\/uploads\/2025\/10\/Captura-de-pantalla-2025-10-17-101230.png\" class=\"attachment-large size-large wp-image-27704\" alt=\"\" srcset=\"https:\/\/investinelsalvador.gob.sv\/wp-content\/uploads\/2025\/10\/Captura-de-pantalla-2025-10-17-101230.png 901w, https:\/\/investinelsalvador.gob.sv\/wp-content\/uploads\/2025\/10\/Captura-de-pantalla-2025-10-17-101230-300x199.png 300w, https:\/\/investinelsalvador.gob.sv\/wp-content\/uploads\/2025\/10\/Captura-de-pantalla-2025-10-17-101230-768x511.png 768w, https:\/\/investinelsalvador.gob.sv\/wp-content\/uploads\/2025\/10\/Captura-de-pantalla-2025-10-17-101230-18x12.png 18w\" sizes=\"(max-width: 800px) 100vw, 800px\" \/>\t\t\t\t\t\t\t\t\t\t\t\t\t\t\t<\/div>\n\t\t\t\t<\/div>\n\t\t\t\t\t<\/div>\n\t\t\t\t<\/div>\n\t\t<div class=\"elementor-element elementor-element-1dde27d7 e-con-full e-flex wpr-jarallax-no wpr-sticky-section-no e-con e-child\" data-id=\"1dde27d7\" data-element_type=\"container\">\n\t\t\t\t<div class=\"elementor-element elementor-element-5d6f1af5 elementor-widget elementor-widget-text-editor\" data-id=\"5d6f1af5\" data-element_type=\"widget\" data-widget_type=\"text-editor.default\">\n\t\t\t\t<div class=\"elementor-widget-container\">\n\t\t\t\t\t\t\t\t\t<h3>Con el prop\u00f3sito de consolidar los principios de integridad, legalidad y transparencia en la gesti\u00f3n\nde todos los servicios que proporciona la Agencia de Promoci\u00f3n de Inversi\u00f3n y Exportaciones de El\nSalvador (INVEST), se establece, mantiene y se revisar\u00e1 de manera continua la presente Pol\u00edtica\nAntisoborno.<\/h3>\t\t\t\t\t\t\t\t<\/div>\n\t\t\t\t<\/div>\n\t\t\t\t<\/div>\n\t\t\t\t\t<\/div>\n\t\t\t\t<\/div>\n\t\t<div class=\"elementor-element elementor-element-500bc967 e-flex e-con-boxed wpr-jarallax-no wpr-sticky-section-no e-con e-parent\" data-id=\"500bc967\" data-element_type=\"container\">\n\t\t\t\t\t<div class=\"e-con-inner\">\n\t\t\t\t<div class=\"elementor-element elementor-element-62844f4a elementor-widget elementor-widget-heading\" data-id=\"62844f4a\" data-element_type=\"widget\" data-widget_type=\"heading.default\">\n\t\t\t\t<div class=\"elementor-widget-container\">\n\t\t\t\t\t<div class=\"elementor-heading-title elementor-size-default\">INVEST asume los siguientes compromisos:<\/div>\t\t\t\t<\/div>\n\t\t\t\t<\/div>\n\t\t\t\t\t<\/div>\n\t\t\t\t<\/div>\n\t\t<div class=\"elementor-element elementor-element-f7edc7a e-flex e-con-boxed wpr-jarallax-no wpr-sticky-section-no e-con e-parent\" data-id=\"f7edc7a\" data-element_type=\"container\">\n\t\t\t\t\t<div class=\"e-con-inner\">\n\t\t\t\t<div class=\"elementor-element elementor-element-5321c86 elementor-widget elementor-widget-html\" data-id=\"5321c86\" data-element_type=\"widget\" data-widget_type=\"html.default\">\n\t\t\t\t<div class=\"elementor-widget-container\">\n\t\t\t\t\t<div class=\"invest-policy-card\">\n<div class=\"invest-policy-wrapper\">\n\n<style>\n  \/* Floating card container matching the form style *\/\n  .invest-policy-card {\n    background: #ffffff;\n    border: 1px solid #d1d5db;\n    border-radius: 16px;\n    padding: 2.2rem 2rem 2.8rem;\n    max-width: 860px;\n    margin: 2rem auto 3rem auto;\n    box-shadow: 0 22px 50px rgba(17, 24, 39, 0.18);\n  }\n\n  .invest-policy-wrapper {\n    font-family: Arial, sans-serif;\n    color: #111827;\n    line-height: 1.6;\n    max-width: 820px;\n    margin: 0 auto;\n  }\n\n  \/* Roman numeral bubble *\/\n  .policy-num {\n    background-color: #0b2a4a;\n    color: #ffffff;\n    display: inline-flex;\n    justify-content: center;\n    align-items: center;\n    width: 34px;\n    height: 34px;\n    border-radius: 999px;\n    font-size: 0.9rem;\n    margin-right: 0.75rem;\n    flex-shrink: 0;\n  }\n\n  \/* Item *\/\n  .policy-item {\n    display: flex;\n    align-items: flex-start;\n    margin-bottom: 1.55rem;\n  }\n\n  .policy-item p {\n    margin: 0;\n    flex: 1;\n    font-size: 1rem;\n  }\n\n  \/* Inline structured bullets (remain part of the paragraph!) *\/\n  .inline-bullet {\n    display: block;\n    margin-left: 2.4rem;\n    padding-left: 0.75rem;\n    position: relative;\n  }\n  .inline-bullet::before {\n    content: \"\u2022\";\n    position: absolute;\n    left: 0;\n    color: #0b2a4a;\n    font-size: 1.2rem;\n    line-height: 1;\n  }\n\n  .inline-dash {\n    display: block;\n    margin-left: 3.1rem;\n    padding-left: 0.8rem;\n    position: relative;\n  }\n  .inline-dash::before {\n    content: \"\u2013\";\n    position: absolute;\n    left: 0;\n    color: #0b2a4a;\n    font-weight: bold;\n  }\n\n  \/* Footer text *\/\n  .policy-footer {\n    margin-top: 2.3rem;\n    font-size: 1rem;\n  }\n\n  .policy-date {\n    margin-top: 1.2rem;\n    font-size: 0.95rem;\n    color: #6b7280;\n  }\n<\/style>\n\n\n  <!-- CONTENT BEGINS \u2014 EXACTLY AS REQUESTED -->\n\n  <div class=\"policy-item\">\n    <span class=\"policy-num\">I<\/span>\n    <p>\n      Cero tolerancia frente al soborno en todas sus formas de expresi\u00f3n.\n    <\/p>\n  <\/div>\n\n  <div class=\"policy-item\">\n    <span class=\"policy-num\">II<\/span>\n    <p>\n      Los funcionarios y empleados de INVEST se comprometen a cumplir y mejorar continuamente\nel Sistema de Gesti\u00f3n Antisoborno (SGAS), basado en la Norma SO 37001:2016. Esto implica la\nadopci\u00f3n de acciones concretas para prevenir, detectar y abordar el soborno en todas sus\nformas de manera racional, proporcional, efectiva y pertinente.\n    <\/p>\n  <\/div>\n\n  <div class=\"policy-item\">\n    <span class=\"policy-num\">III<\/span>\n    <p>\n      Todo funcionario o empleado de INVEST, tiene la responsabilidad de identificar y reportar\nindicios de soborno, cuando las circunstancias lo permitan. Estos indicios pueden incluir\npromesas, ofrecimientos de regalos, d\u00e1divas u otras ventajas indebidas a cambio de realizar u\nomitir acciones que beneficien a un tercero. El personal de INVEST que presencie o sea v\u00edctima\nde estas situaciones debe rechazar categ\u00f3ricamente cualquier solicitud u oferta de soborno y\ndenunciar los hechos por medio del sitio web de INVEST (Formulario \u2014 Denuncia de soborno\nen linea), el correo denuncias soborno investinelsalvador obsv, el n\u00famero telef\u00f3nico 7071-\n7019 o Buzones de denuncia fisicos en INVEST, aportando las pruebas que posea para la acci\u00f3n\njur\u00eddica pertinente.\n\n      <span class=\"inline-bullet\">\n        El sitio web de INVEST (Formulario en l\u00ednea para denuncias de soborno)\n      <\/span>\n\n      <span class=\"inline-bullet\">\n        Correo Electronico: denuncias_soborno@investinelsalvador.gob.sv\n      <\/span>\n\n      <span class=\"inline-bullet\">\n        Telefono: 7071-7019\n      <\/span>\n\n      <span class=\"inline-bullet\">\n        Buzones f\u00edsicos de reporte ubicados en las oficinas de INVEST\n      <\/span>\n    <\/p>\n  <\/div>\n\n  <div class=\"policy-item\">\n    <span class=\"policy-num\">IV<\/span>\n    <p>\n      La Funci\u00f3n de Cumplimiento Antisoborno, en conjunto con el liderazgo de su presidente, es\nresponsable de verificar, evaluar y dar seguimiento a la implementaci\u00f3n efectiva de esta\npol\u00edtica, asegurando el logro eficiente y eficaz de los objetivos antisoborno.\n    <\/p>\n  <\/div>\n\n  <div class=\"policy-item\">\n    <span class=\"policy-num\">V<\/span>\n    <p>\n      Los funcionarios, empleados, proveedores, socios de negocios y dem\u00e1s partes interesadas\nrelacionadas con INVEST deben cumplir con los requisitos del SGAS y su pol\u00edtica. Es obligatorio\npara todos aplicar el marco legal y t\u00e9cnico para la prevenci\u00f3n del soborno en los proyectos,\nactividades, relaciones y servicios institucionales.\n    <\/p>\n  <\/div>\n\n  <div class=\"policy-item\">\n    <span class=\"policy-num\">VI<\/span>\n    <p>\n      Los funcionarios y personal que conforman todas las dependencias de INVEST, deber\u00e1n\nadoptar las medidas necesarias para promover el planteamiento de inquietudes y denuncias\nde buena fe o sobre la base de una creencia razonable asegurando la protecci\u00f3n,\nconfidencialidad y anonimato de las personas que reporten presuntos actos de soborno, los\ncuales deber\u00e1n ser gestionados por la Oficina de Cumplimiento. INVEST garantiza que el\nplanteamiento de inquietudes y denuncias podr\u00e1 realizarse en un entorno de confianza y sin\ntemor a represalias, prohibiendo expresamente cualquier acci\u00f3n u omisi\u00f3n, directa o\nindirecta, que afecte de forma desfavorable a funcionarios, empleados, proveedores, socios\nde negocios o cualquier otra parte interesada que act\u00fae de buena fe o colabore con\ninvestigaciones del Sistema de Gesti\u00f3n Antisoborno.\n    <\/p>\n  <\/div>\n\n  <div class=\"policy-item\">\n    <span class=\"policy-num\">VII<\/span>\n    <p>\n      Todo acto de represalia ser\u00e1 considerado una falta grave y ser\u00e1 sancionado conforme al\nmarco legal aplicable, la normativa interna y los procedimientos del SGAS.\n    <\/p>\n  <\/div>\n\n  <div class=\"policy-item\">\n    <span class=\"policy-num\">VIII<\/span>\n    <p>\n      La Funci\u00f3n de Cumplimiento tiene la competencia, estatus, responsabilidad, autoridad e\nindependencia en el ejercicio de sus funciones para brindar asesor\u00eda y orientaci\u00f3n sobre c\u00f3mo\nimplementar y lograrla mejora continua del SGAS.\n    <\/p>\n  <\/div>\n\n  <div class=\"policy-item\">\n    <span class=\"policy-num\">IX<\/span>\n    <p>\n      Las autoridades de INVEST realizar\u00e1n investigaciones pertinentes, agotando las instancias\nadministrativas y legales en funci\u00f3n de la naturaleza y las particularidades de cada caso, todo\nello, sin perjuicio de las sanciones administrativas y acciones penales, en que puedan incurrir\nlos infractores, a quienes se les impute un acto de soborno, independientemente que sean\nempleados o no de INVEST, considerando el hecho, la naturaleza y gravedad de la falta o\nincumplimiento.\n    <\/p>\n  <\/div>\n\n\n  <p class=\"policy-footer\">\n    INVEST, como instituci\u00f3n l\u00edder en la promoci\u00f3n de la inversi\u00f3n extranjera y las exportaciones de\nEl Salvador, reafirma su compromiso de mantener los m\u00e1s altos est\u00e1ndares de integridad,\ntransparencia y \u00e9tica en todas sus operaciones y procesos. En este sentido, impLementa su\nSistema de Gesti\u00f3n Antisoborno (SGAS), del cual esta pol\u00edtica forma parte integraL El\nincumplimiento de la misma podr\u00e1 dar Lugar a sanciones administrativas y acciones Legales,\nincluyendo consecuencias civiles y penales. Por ello, se exhorta a todos los funcionarios,\nempleados, proveedores, socios de negocios y dem\u00e1s partes interesadas a abstenerse, negarse\no participar de manera activa o pasiva en cualquier actividad que pueda constituir un acto de\nsoborno, contribuyendo as\u00ed a una gesti\u00f3n integra y libre de corrupci\u00f3n.\n  <\/p>\n\n  <p class=\"policy-date\">San Salvador, Agosto 2025<\/p>\n\n<\/div>\n<\/div>\n\t\t\t\t<\/div>\n\t\t\t\t<\/div>\n\t\t\t\t\t<\/div>\n\t\t\t\t<\/div>\n\t\t\t\t<\/div>\n\t\t\t\t<\/div>\n\t\t\t\t\t\t<\/div>\n\t\t\t\t<\/div>\n\t\t\t\t<\/div>\n\t\t\t\t\t<\/div>\n\t\t\t\t<\/div>\n\t\t<div class=\"elementor-element elementor-element-c101053 e-flex e-con-boxed wpr-jarallax-no wpr-sticky-section-no e-con e-parent\" data-id=\"c101053\" data-element_type=\"container\">\n\t\t\t\t\t<div class=\"e-con-inner\">\n\t\t\t\t<div class=\"elementor-element elementor-element-84d5418 elementor-widget elementor-widget-html\" data-id=\"84d5418\" data-element_type=\"widget\" data-widget_type=\"html.default\">\n\t\t\t\t<div class=\"elementor-widget-container\">\n\t\t\t\t\t<!-- Wrapper adds contrast so the card \"floats\" even on white pages -->\r\n<div style=\"padding: 1.5rem 0 3rem; background: #f9fafb;\">\r\n  <!-- Floating card -->\r\n  <div\r\n    style=\"      max-width: 720px;      margin: 0 auto;      background: #ffffff;      border: 1px solid #d1d5db;      border-radius: 16px;      padding: 1.5rem 1.5rem 2rem;      box-shadow: 0 22px 50px rgba(17, 24, 39, 0.18);    \"\r\n  >\r\n    <h2 style=\"margin: 0 0 1rem 0; font-size: 1.25rem; font-weight: 600; color: #0b2a4a;\">\r\n      Reports of Possible Acts of Bribery\r\n    <\/h2>\r\n\r\n    <form style=\"margin: 0;\" action=\"#\" method=\"post\" data-trp-original-action=\"#\">\r\n\r\n      <!-- Name -->\r\n      <label style=\"display: block; font-size: 0.95rem; font-weight: 500; margin-bottom: 0.1rem;\" for=\"nombre\">\r\n        Nombre (Opcional)\r\n      <\/label>\r\n      <input\r\n        id=\"nombre\"\r\n        name=\"nombre\"\r\n        type=\"text\"\r\n        style=\"          width: 100%;          box-sizing: border-box;          border-radius: 10px;          border: 2px solid #9ca3af;          padding: 0.72rem 0.9rem;          font-size: 0.95rem;          color: #111827;          background-color: #ffffff;          outline: none;          margin-bottom: 1.05rem;          box-shadow: 0 1px 0 rgba(17, 24, 39, 0.04);        \"\r\n        onfocus=\"this.style.borderColor='#0b2a4a'; this.style.boxShadow='0 0 0 3px rgba(11,42,74,0.15)';\"\r\n        onblur=\"this.style.borderColor='#9ca3af'; this.style.boxShadow='0 1px 0 rgba(17,24,39,0.04)';\"\r\n      \/>\r\n\r\n      <!-- Phone -->\r\n      <label style=\"display: block; font-size: 0.95rem; font-weight: 500; margin-bottom: 0.1rem;\" for=\"telefono\">\r\n        Telefono (Opcional)\r\n      <\/label>\r\n      <input\r\n        id=\"telefono\"\r\n        name=\"telefono\"\r\n        type=\"tel\"\r\n        style=\"          width: 100%;          box-sizing: border-box;          border-radius: 10px;          border: 2px solid #9ca3af;          padding: 0.72rem 0.9rem;          font-size: 0.95rem;          color: #111827;          background-color: #ffffff;          outline: none;          margin-bottom: 1.05rem;          box-shadow: 0 1px 0 rgba(17, 24, 39, 0.04);        \"\r\n        onfocus=\"this.style.borderColor='#0b2a4a'; this.style.boxShadow='0 0 0 3px rgba(11,42,74,0.15)';\"\r\n        onblur=\"this.style.borderColor='#9ca3af'; this.style.boxShadow='0 1px 0 rgba(17,24,39,0.04)';\"\r\n      \/>\r\n\r\n      <!-- Email -->\r\n      <label style=\"display: block; font-size: 0.95rem; font-weight: 500; margin-bottom: 0.1rem;\" for=\"correo\">\r\n        Correo Electronico (Opcional)\r\n      <\/label>\r\n      <input\r\n        id=\"correo\"\r\n        name=\"correo\"\r\n        type=\"email\"\r\n        style=\"          width: 100%;          box-sizing: border-box;          border-radius: 10px;          border: 2px solid #9ca3af;          padding: 0.72rem 0.9rem;          font-size: 0.95rem;          color: #111827;          background-color: #ffffff;          outline: none;          margin-bottom: 1.05rem;          box-shadow: 0 1px 0 rgba(17, 24, 39, 0.04);        \"\r\n        onfocus=\"this.style.borderColor='#0b2a4a'; this.style.boxShadow='0 0 0 3px rgba(11,42,74,0.15)';\"\r\n        onblur=\"this.style.borderColor='#9ca3af'; this.style.boxShadow='0 1px 0 rgba(17,24,39,0.04)';\"\r\n      \/>\r\n\r\n      <!-- Date of incident -->\r\n      <label style=\"display: block; font-size: 0.95rem; font-weight: 500; margin-bottom: 0.1rem;\" for=\"fecha_hecho\">\r\n        Fecha del hecho identificado:\r\n      <\/label>\r\n      <div style=\"position: relative; margin-bottom: 1.05rem;\">\r\n        <input\r\n          id=\"fecha_hecho\"\r\n          name=\"fecha_hecho\"\r\n          type=\"date\"\r\n          style=\"            width: 100%;            box-sizing: border-box;            border-radius: 10px;            border: 2px solid #9ca3af;            padding: 0.72rem 2.9rem 0.72rem 0.9rem;            font-size: 0.95rem;            color: #111827;            background-color: #ffffff;            outline: none;            appearance: none;            -webkit-appearance: none;            box-shadow: 0 1px 0 rgba(17, 24, 39, 0.04);          \"\r\n          onfocus=\"this.style.borderColor='#0b2a4a'; this.style.boxShadow='0 0 0 3px rgba(11,42,74,0.15)';\"\r\n          onblur=\"this.style.borderColor='#9ca3af'; this.style.boxShadow='0 1px 0 rgba(17,24,39,0.04)';\"\r\n        \/>\r\n\r\n        <!-- Calendar icon -->\r\n        <span\r\n          aria-hidden=\"true\"\r\n          style=\"            position: absolute;            right: 0.9rem;            top: 50%;            transform: translateY(-50%);            width: 1.15rem;            height: 1.15rem;            pointer-events: none;            display: inline-flex;            align-items: center;            justify-content: center;            color: #0b2a4a;          \"\r\n        >\r\n          <svg viewbox=\"0 0 24 24\" width=\"18\" height=\"18\" fill=\"none\" stroke=\"currentColor\" stroke-width=\"2\"\r\n            stroke-linecap=\"round\" stroke-linejoin=\"round\" aria-hidden=\"true\">\r\n            <rect x=\"3\" y=\"4\" width=\"18\" height=\"18\" rx=\"2\" ry=\"2\"><\/rect>\r\n            <line x1=\"16\" y1=\"2\" x2=\"16\" y2=\"6\"><\/line>\r\n            <line x1=\"8\" y1=\"2\" x2=\"8\" y2=\"6\"><\/line>\r\n            <line x1=\"3\" y1=\"10\" x2=\"21\" y2=\"10\"><\/line>\r\n          <\/svg>\r\n        <\/span>\r\n\r\n        <!-- Clickable overlay -->\r\n        <span\r\n          aria-hidden=\"true\"\r\n          style=\"position: absolute; right: 0; top: 0; height: 100%; width: 3rem; cursor: pointer; background: transparent;\"\r\n          onclick=\"document.getElementById('fecha_hecho').showPicker && document.getElementById('fecha_hecho').showPicker(); document.getElementById('fecha_hecho').focus();\"\r\n        ><\/span>\r\n      <\/div>\r\n\r\n      <!-- Description -->\r\n      <label style=\"display: block; font-size: 0.95rem; font-weight: 500; margin-bottom: 0.1rem;\" for=\"descripcion\">\r\n        Describa la denuncia de posible hecho de Soborno identificada:\r\n      <\/label>\r\n      <textarea\r\n        id=\"descripcion\"\r\n        name=\"descripcion\"\r\n        rows=\"5\"\r\n        style=\"          width: 100%;          box-sizing: border-box;          border-radius: 10px;          border: 2px solid #9ca3af;          padding: 0.72rem 0.9rem;          font-size: 0.95rem;          color: #111827;          background-color: #ffffff;          resize: vertical;          outline: none;          margin-bottom: 1.15rem;          box-shadow: 0 1px 0 rgba(17, 24, 39, 0.04);        \"\r\n        onfocus=\"this.style.borderColor='#0b2a4a'; this.style.boxShadow='0 0 0 3px rgba(11,42,74,0.15)';\"\r\n        onblur=\"this.style.borderColor='#9ca3af'; this.style.boxShadow='0 1px 0 rgba(17,24,39,0.04)';\"\r\n      ><\/textarea>\r\n\r\n      <!-- Submit button -->\r\n      <div style=\"text-align: center; margin-top: 1.15rem; margin-bottom: 0.25rem;\">\r\n        <button\r\n          type=\"submit\"\r\n          style=\"            background-color: #0b2a4a;            color: #ffffff;            border: none;            border-radius: 999px;            font-size: 0.95rem;            font-weight: 600;            cursor: pointer;            display: inline-flex;            align-items: center;            justify-content: center;            height: 44px;            padding: 0 1.75rem;            line-height: 1;            white-space: nowrap;            vertical-align: middle;            text-align: center;            -webkit-font-smoothing: antialiased;          \"\r\n        >\r\n          <span style=\"display: inline-block; transform: translateY(-1px);\">Submit Report<\/span>\r\n        <\/button>\r\n      <\/div>\r\n\r\n    <input type=\"hidden\" name=\"trp-form-language\" value=\"es\"\/><\/form>\r\n  <\/div>\r\n<\/div>\r\n\r\n<!-- Footer spacer so it never touches the card -->\r\n<div style=\"height: 1.75rem;\"><\/div>\r\n\t\t\t\t<\/div>\n\t\t\t\t<\/div>\n\t\t\t\t\t<\/div>\n\t\t\t\t<\/div>\n\t\t\t\t<\/div>","protected":false},"excerpt":{"rendered":"<p>Reports of Possible Acts of Bribery Name (Optional) Phone Number (Optional) Email Address (Optional) Date of the Identified Incident: Describe the identified possible act of bribery: Submit Report<\/p>","protected":false},"author":15,"featured_media":0,"parent":0,"menu_order":0,"comment_status":"closed","ping_status":"closed","template":"","meta":{"_acf_changed":false,"_eb_attr":"","content-type":"","footnotes":""},"class_list":["post-27735","page","type-page","status-publish","hentry"],"acf":[],"aioseo_notices":[],"_links":{"self":[{"href":"https:\/\/investinelsalvador.gob.sv\/es\/wp-json\/wp\/v2\/pages\/27735","targetHints":{"allow":["GET"]}}],"collection":[{"href":"https:\/\/investinelsalvador.gob.sv\/es\/wp-json\/wp\/v2\/pages"}],"about":[{"href":"https:\/\/investinelsalvador.gob.sv\/es\/wp-json\/wp\/v2\/types\/page"}],"author":[{"embeddable":true,"href":"https:\/\/investinelsalvador.gob.sv\/es\/wp-json\/wp\/v2\/users\/15"}],"replies":[{"embeddable":true,"href":"https:\/\/investinelsalvador.gob.sv\/es\/wp-json\/wp\/v2\/comments?post=27735"}],"version-history":[{"count":90,"href":"https:\/\/investinelsalvador.gob.sv\/es\/wp-json\/wp\/v2\/pages\/27735\/revisions"}],"predecessor-version":[{"id":27943,"href":"https:\/\/investinelsalvador.gob.sv\/es\/wp-json\/wp\/v2\/pages\/27735\/revisions\/27943"}],"wp:attachment":[{"href":"https:\/\/investinelsalvador.gob.sv\/es\/wp-json\/wp\/v2\/media?parent=27735"}],"curies":[{"name":"palabra clave","href":"https:\/\/api.w.org\/{rel}","templated":true}]}}