{"id":7813,"date":"2023-04-21T20:27:28","date_gmt":"2023-04-21T20:27:28","guid":{"rendered":"https:\/\/dev.investelsalvador.com\/?page_id=7813"},"modified":"2023-08-25T20:33:48","modified_gmt":"2023-08-25T20:33:48","slug":"committed-to-sustainable-development-and-digital-transformation","status":"publish","type":"page","link":"https:\/\/investinelsalvador.gob.sv\/es\/committed-to-sustainable-development-and-digital-transformation\/","title":{"rendered":"Comprometidos con el desarrollo sostenible y la transformaci\u00f3n digital"},"content":{"rendered":"<div data-elementor-type=\"wp-page\" data-elementor-id=\"7813\" class=\"elementor elementor-7813\" data-elementor-post-type=\"page\">\n\t\t\t\t<div class=\"wpr-jarallax elementor-element elementor-element-38dcf145 e-con-full wpr-jarallax-yes e-flex wpr-sticky-section-no e-con e-parent\" speed-data=\"1.4\" bg-image=\"https:\/\/investinelsalvador.gob.sv\/wp-content\/uploads\/2023\/05\/min-Comprometidos-con-el-desarrollo-sostenible-y-la-transformacion-digital.jpg\" scroll-effect=\"scale\" data-id=\"38dcf145\" data-element_type=\"container\" data-settings=\"{&quot;background_background&quot;:&quot;classic&quot;}\">\n\t\t<div class=\"elementor-element elementor-element-19331e40 e-con-full e-flex wpr-jarallax-no wpr-sticky-section-no e-con e-parent\" data-id=\"19331e40\" data-element_type=\"container\">\n\t\t\t\t<div class=\"elementor-element elementor-element-43f439eb elementor-widget__width-initial elementor-widget elementor-widget-heading\" data-id=\"43f439eb\" data-element_type=\"widget\" data-widget_type=\"heading.default\">\n\t\t\t\t<div class=\"elementor-widget-container\">\n\t\t\t\t\t<h1 class=\"elementor-heading-title elementor-size-default\">Comprometidos con el desarrollo sostenible y la transformaci\u00f3n digital<\/h1>\t\t\t\t<\/div>\n\t\t\t\t<\/div>\n\t\t\t\t<\/div>\n\t\t<div class=\"elementor-element elementor-element-1786ba94 e-con-full e-flex wpr-jarallax-no wpr-sticky-section-no e-con e-parent\" data-id=\"1786ba94\" data-element_type=\"container\">\n\t\t\t\t<div class=\"elementor-element elementor-element-2006fa7d elementor-widget elementor-widget-heading\" data-id=\"2006fa7d\" data-element_type=\"widget\" data-widget_type=\"heading.default\">\n\t\t\t\t<div class=\"elementor-widget-container\">\n\t\t\t\t\t<div class=\"elementor-heading-title elementor-size-default\">El Salvador se encuentra entre los 10 principales l\u00edderes en generaci\u00f3n de energ\u00eda renovable en la regi\u00f3n. Como se puede observar en el siguiente p\u00e1rrafo, alrededor de 76% de la generaci\u00f3n total tiene su origen en fuentes renovables.<\/div>\t\t\t\t<\/div>\n\t\t\t\t<\/div>\n\t\t\t\t<\/div>\n\t\t\t\t<\/div>\n\t\t<div class=\"elementor-element elementor-element-83d626c e-flex e-con-boxed wpr-jarallax-no wpr-sticky-section-no e-con e-parent\" data-id=\"83d626c\" data-element_type=\"container\" data-settings=\"{&quot;background_background&quot;:&quot;classic&quot;}\">\n\t\t\t\t\t<div class=\"e-con-inner\">\n\t\t<div class=\"elementor-element elementor-element-d6f08c1 e-con-full e-flex wpr-jarallax-no wpr-sticky-section-no e-con e-parent\" data-id=\"d6f08c1\" data-element_type=\"container\">\n\t\t\t\t<div class=\"elementor-element elementor-element-828e4ac elementor-widget elementor-widget-heading\" data-id=\"828e4ac\" data-element_type=\"widget\" data-widget_type=\"heading.default\">\n\t\t\t\t<div class=\"elementor-widget-container\">\n\t\t\t\t\t<div class=\"elementor-heading-title elementor-size-default\">Una fuerte apuesta por las energ\u00edas renovables<\/div>\t\t\t\t<\/div>\n\t\t\t\t<\/div>\n\t\t\t\t<div class=\"elementor-element elementor-element-6de46e7 elementor-widget elementor-widget-text-editor\" data-id=\"6de46e7\" data-element_type=\"widget\" data-widget_type=\"text-editor.default\">\n\t\t\t\t<div class=\"elementor-widget-container\">\n\t\t\t\t\t\t\t\t\t<p>El Salvador avanza hacia una mayor diversificaci\u00f3n de la matriz energ\u00e9tica; este es el resultado de las licitaciones internacionales para el suministro de energ\u00eda renovable. Como resultado, se han desarrollado nuevos proyectos a partir de generaci\u00f3n a base de gas natural, energ\u00eda fotovoltaica y e\u00f3lica.<\/p>\t\t\t\t\t\t\t\t<\/div>\n\t\t\t\t<\/div>\n\t\t\t\t<\/div>\n\t\t<div class=\"elementor-element elementor-element-b25e25a e-con-full e-flex wpr-jarallax-no wpr-sticky-section-no e-con e-parent\" data-id=\"b25e25a\" data-element_type=\"container\">\n\t\t<div class=\"elementor-element elementor-element-82ca307 e-con-full e-flex wpr-jarallax-no wpr-sticky-section-no e-con e-parent\" data-id=\"82ca307\" data-element_type=\"container\">\n\t\t\t\t<div class=\"elementor-element elementor-element-8eab177 elementor-widget elementor-widget-image\" data-id=\"8eab177\" data-element_type=\"widget\" data-widget_type=\"image.default\">\n\t\t\t\t<div class=\"elementor-widget-container\">\n\t\t\t\t\t\t\t\t\t\t\t\t\t\t\t<img fetchpriority=\"high\" decoding=\"async\" width=\"1080\" height=\"1185\" src=\"https:\/\/investinelsalvador.gob.sv\/wp-content\/uploads\/2023\/05\/graph.png\" class=\"attachment-full size-full wp-image-11165\" alt=\"\" srcset=\"https:\/\/investinelsalvador.gob.sv\/wp-content\/uploads\/2023\/05\/graph.png 1080w, https:\/\/investinelsalvador.gob.sv\/wp-content\/uploads\/2023\/05\/graph-273x300.png 273w, https:\/\/investinelsalvador.gob.sv\/wp-content\/uploads\/2023\/05\/graph-933x1024.png 933w, https:\/\/investinelsalvador.gob.sv\/wp-content\/uploads\/2023\/05\/graph-768x843.png 768w, https:\/\/investinelsalvador.gob.sv\/wp-content\/uploads\/2023\/05\/graph-11x12.png 11w\" sizes=\"(max-width: 1080px) 100vw, 1080px\" \/>\t\t\t\t\t\t\t\t\t\t\t\t\t\t\t<\/div>\n\t\t\t\t<\/div>\n\t\t\t\t<div class=\"elementor-element elementor-element-cbeb029 elementor-widget__width-initial elementor-widget elementor-widget-heading\" data-id=\"cbeb029\" data-element_type=\"widget\" data-widget_type=\"heading.default\">\n\t\t\t\t<div class=\"elementor-widget-container\">\n\t\t\t\t\t<div class=\"elementor-heading-title elementor-size-default\">Generaci\u00f3n por recurso (% cuota 2022)<\/div>\t\t\t\t<\/div>\n\t\t\t\t<\/div>\n\t\t\t\t<\/div>\n\t\t\t\t<\/div>\n\t\t\t\t\t<\/div>\n\t\t\t\t<\/div>\n\t\t<div class=\"elementor-element elementor-element-dc45e10 e-flex e-con-boxed wpr-jarallax-no wpr-sticky-section-no e-con e-parent\" data-id=\"dc45e10\" data-element_type=\"container\" data-settings=\"{&quot;background_background&quot;:&quot;classic&quot;}\">\n\t\t\t\t\t<div class=\"e-con-inner\">\n\t\t<div class=\"elementor-element elementor-element-46182ab e-con-full e-flex wpr-jarallax-no wpr-sticky-section-no e-con e-parent\" data-id=\"46182ab\" data-element_type=\"container\">\n\t\t\t\t<div class=\"elementor-element elementor-element-9a5f540 elementor-widget elementor-widget-heading\" data-id=\"9a5f540\" data-element_type=\"widget\" data-widget_type=\"heading.default\">\n\t\t\t\t<div class=\"elementor-widget-container\">\n\t\t\t\t\t<div class=\"elementor-heading-title elementor-size-default\">Generaci\u00f3n de energ\u00eda a partir de fuentes renovables (participaci\u00f3n %)<\/div>\t\t\t\t<\/div>\n\t\t\t\t<\/div>\n\t\t\t\t<div class=\"elementor-element elementor-element-4d88280 elementor-widget elementor-widget-heading\" data-id=\"4d88280\" data-element_type=\"widget\" data-widget_type=\"heading.default\">\n\t\t\t\t<div class=\"elementor-widget-container\">\n\t\t\t\t\t<div class=\"elementor-heading-title elementor-size-default\">Fuente: sieLAC - OLADE, 2021<\/div>\t\t\t\t<\/div>\n\t\t\t\t<\/div>\n\t\t\t\t<div class=\"elementor-element elementor-element-1d796d8 elementor-widget elementor-widget-text-editor\" data-id=\"1d796d8\" data-element_type=\"widget\" data-widget_type=\"text-editor.default\">\n\t\t\t\t<div class=\"elementor-widget-container\">\n\t\t\t\t\t\t\t\t\t<p>El Salvador se encuentra en la 3ra posici\u00f3n de 27 pa\u00edses de Am\u00e9rica Latina y el Caribe y en la 2da posici\u00f3n en Centroam\u00e9rica en cuanto a generaci\u00f3n de energ\u00eda de origen renovable.<\/p>\t\t\t\t\t\t\t\t<\/div>\n\t\t\t\t<\/div>\n\t\t\t\t<\/div>\n\t\t<div class=\"elementor-element elementor-element-4999bd9 e-con-full e-flex wpr-jarallax-no wpr-sticky-section-no e-con e-parent\" data-id=\"4999bd9\" data-element_type=\"container\">\n\t\t<div class=\"elementor-element elementor-element-4c9b683 e-con-full e-flex wpr-jarallax-no wpr-sticky-section-no e-con e-parent\" data-id=\"4c9b683\" data-element_type=\"container\">\n\t\t\t\t<div class=\"elementor-element elementor-element-0217e00 elementor-widget elementor-widget-image\" data-id=\"0217e00\" data-element_type=\"widget\" data-widget_type=\"image.default\">\n\t\t\t\t<div class=\"elementor-widget-container\">\n\t\t\t\t\t\t\t\t\t\t\t\t\t\t\t<img decoding=\"async\" width=\"1080\" height=\"530\" src=\"https:\/\/investinelsalvador.gob.sv\/wp-content\/uploads\/2023\/05\/graph2.png\" class=\"attachment-full size-full wp-image-11176\" alt=\"\" srcset=\"https:\/\/investinelsalvador.gob.sv\/wp-content\/uploads\/2023\/05\/graph2.png 1080w, https:\/\/investinelsalvador.gob.sv\/wp-content\/uploads\/2023\/05\/graph2-300x147.png 300w, https:\/\/investinelsalvador.gob.sv\/wp-content\/uploads\/2023\/05\/graph2-1024x503.png 1024w, https:\/\/investinelsalvador.gob.sv\/wp-content\/uploads\/2023\/05\/graph2-768x377.png 768w, https:\/\/investinelsalvador.gob.sv\/wp-content\/uploads\/2023\/05\/graph2-18x9.png 18w\" sizes=\"(max-width: 1080px) 100vw, 1080px\" \/>\t\t\t\t\t\t\t\t\t\t\t\t\t\t\t<\/div>\n\t\t\t\t<\/div>\n\t\t\t\t<\/div>\n\t\t\t\t<\/div>\n\t\t\t\t\t<\/div>\n\t\t\t\t<\/div>\n\t\t<div class=\"elementor-element elementor-element-5e381ac e-flex e-con-boxed wpr-jarallax-no wpr-sticky-section-no e-con e-parent\" data-id=\"5e381ac\" data-element_type=\"container\" data-settings=\"{&quot;background_background&quot;:&quot;classic&quot;}\">\n\t\t\t\t\t<div class=\"e-con-inner\">\n\t\t<div class=\"elementor-element elementor-element-7c9265b e-con-full e-flex wpr-jarallax-no wpr-sticky-section-no e-con e-parent\" data-id=\"7c9265b\" data-element_type=\"container\">\n\t\t\t\t<div class=\"elementor-element elementor-element-28052e1 elementor-widget elementor-widget-heading\" data-id=\"28052e1\" data-element_type=\"widget\" data-widget_type=\"heading.default\">\n\t\t\t\t<div class=\"elementor-widget-container\">\n\t\t\t\t\t<div class=\"elementor-heading-title elementor-size-default\">Digitalizaci\u00f3n acelerada de procesos<\/div>\t\t\t\t<\/div>\n\t\t\t\t<\/div>\n\t\t\t\t<div class=\"elementor-element elementor-element-96ac7e1 elementor-widget elementor-widget-text-editor\" data-id=\"96ac7e1\" data-element_type=\"widget\" data-widget_type=\"text-editor.default\">\n\t\t\t\t<div class=\"elementor-widget-container\">\n\t\t\t\t\t\t\t\t\t<p>El Salvador est\u00e1 dando pasos agigantados hacia la simplificaci\u00f3n y digitalizaci\u00f3n de procesos para reducir la burocracia y la corrupci\u00f3n.<\/p>\t\t\t\t\t\t\t\t<\/div>\n\t\t\t\t<\/div>\n\t\t\t\t<\/div>\n\t\t<div class=\"elementor-element elementor-element-73f9bca e-con-full e-flex wpr-jarallax-no wpr-sticky-section-no e-con e-parent\" data-id=\"73f9bca\" data-element_type=\"container\">\n\t\t<div class=\"elementor-element elementor-element-e47d4a0 e-con-full e-flex wpr-jarallax-no wpr-sticky-section-no e-con e-parent\" data-id=\"e47d4a0\" data-element_type=\"container\">\n\t\t<div class=\"elementor-element elementor-element-2cfcc82 e-con-full e-flex wpr-jarallax-no wpr-sticky-section-no e-con e-parent\" data-id=\"2cfcc82\" data-element_type=\"container\" data-settings=\"{&quot;background_background&quot;:&quot;classic&quot;}\">\n\t\t\t\t<div class=\"elementor-element elementor-element-d1952cf elementor-widget elementor-widget-heading\" data-id=\"d1952cf\" data-element_type=\"widget\" data-widget_type=\"heading.default\">\n\t\t\t\t<div class=\"elementor-widget-container\">\n\t\t\t\t\t<div class=\"elementor-heading-title elementor-size-default\">+395<\/div>\t\t\t\t<\/div>\n\t\t\t\t<\/div>\n\t\t\t\t<div class=\"elementor-element elementor-element-ca7c730 elementor-widget elementor-widget-heading\" data-id=\"ca7c730\" data-element_type=\"widget\" data-widget_type=\"heading.default\">\n\t\t\t\t<div class=\"elementor-widget-container\">\n\t\t\t\t\t<div class=\"elementor-heading-title elementor-size-default\">Procedimientos simplificados<\/div>\t\t\t\t<\/div>\n\t\t\t\t<\/div>\n\t\t\t\t<\/div>\n\t\t<div class=\"elementor-element elementor-element-73abc3d e-con-full e-flex wpr-jarallax-no wpr-sticky-section-no e-con e-parent\" data-id=\"73abc3d\" data-element_type=\"container\" data-settings=\"{&quot;background_background&quot;:&quot;classic&quot;}\">\n\t\t\t\t<div class=\"elementor-element elementor-element-57926ca elementor-widget elementor-widget-heading\" data-id=\"57926ca\" data-element_type=\"widget\" data-widget_type=\"heading.default\">\n\t\t\t\t<div class=\"elementor-widget-container\">\n\t\t\t\t\t<div class=\"elementor-heading-title elementor-size-default\">98<\/div>\t\t\t\t<\/div>\n\t\t\t\t<\/div>\n\t\t\t\t<div class=\"elementor-element elementor-element-7cf9e85 elementor-widget elementor-widget-heading\" data-id=\"7cf9e85\" data-element_type=\"widget\" data-widget_type=\"heading.default\">\n\t\t\t\t<div class=\"elementor-widget-container\">\n\t\t\t\t\t<div class=\"elementor-heading-title elementor-size-default\">100% digitalizado en l\u00ednea<\/div>\t\t\t\t<\/div>\n\t\t\t\t<\/div>\n\t\t\t\t<\/div>\n\t\t<div class=\"elementor-element elementor-element-6ad7a19 e-con-full e-flex wpr-jarallax-no wpr-sticky-section-no e-con e-parent\" data-id=\"6ad7a19\" data-element_type=\"container\" data-settings=\"{&quot;background_background&quot;:&quot;classic&quot;}\">\n\t\t\t\t<div class=\"elementor-element elementor-element-eef1412 elementor-widget elementor-widget-heading\" data-id=\"eef1412\" data-element_type=\"widget\" data-widget_type=\"heading.default\">\n\t\t\t\t<div class=\"elementor-widget-container\">\n\t\t\t\t\t<div class=\"elementor-heading-title elementor-size-default\">59%<\/div>\t\t\t\t<\/div>\n\t\t\t\t<\/div>\n\t\t\t\t<div class=\"elementor-element elementor-element-d775217 elementor-widget elementor-widget-heading\" data-id=\"d775217\" data-element_type=\"widget\" data-widget_type=\"heading.default\">\n\t\t\t\t<div class=\"elementor-widget-container\">\n\t\t\t\t\t<div class=\"elementor-heading-title elementor-size-default\">Reducci\u00f3n total del tiempo<\/div>\t\t\t\t<\/div>\n\t\t\t\t<\/div>\n\t\t\t\t<\/div>\n\t\t<div class=\"elementor-element elementor-element-e67f52e e-con-full e-flex wpr-jarallax-no wpr-sticky-section-no e-con e-parent\" data-id=\"e67f52e\" data-element_type=\"container\" data-settings=\"{&quot;background_background&quot;:&quot;classic&quot;}\">\n\t\t\t\t<div class=\"elementor-element elementor-element-2963864 elementor-widget elementor-widget-heading\" data-id=\"2963864\" data-element_type=\"widget\" data-widget_type=\"heading.default\">\n\t\t\t\t<div class=\"elementor-widget-container\">\n\t\t\t\t\t<div class=\"elementor-heading-title elementor-size-default\">153<\/div>\t\t\t\t<\/div>\n\t\t\t\t<\/div>\n\t\t\t\t<div class=\"elementor-element elementor-element-d73ab88 elementor-widget elementor-widget-heading\" data-id=\"d73ab88\" data-element_type=\"widget\" data-widget_type=\"heading.default\">\n\t\t\t\t<div class=\"elementor-widget-container\">\n\t\t\t\t\t<div class=\"elementor-heading-title elementor-size-default\">Tr\u00e1mites con resoluci\u00f3n en un d\u00eda h\u00e1bil o menos<\/div>\t\t\t\t<\/div>\n\t\t\t\t<\/div>\n\t\t\t\t<\/div>\n\t\t\t\t<\/div>\n\t\t\t\t<\/div>\n\t\t<div class=\"elementor-element elementor-element-6e16906 e-con-full e-flex wpr-jarallax-no wpr-sticky-section-no e-con e-parent\" data-id=\"6e16906\" data-element_type=\"container\">\n\t\t\t\t<div class=\"elementor-element elementor-element-847c3a5 elementor-widget elementor-widget-text-editor\" data-id=\"847c3a5\" data-element_type=\"widget\" data-widget_type=\"text-editor.default\">\n\t\t\t\t<div class=\"elementor-widget-container\">\n\t\t\t\t\t\t\t\t\tEsto ha contribuido a posicionar al pa\u00eds, como el de menor \u00edndice de sobornos para agilizar tr\u00e1mites gubernamentales en Am\u00e9rica Latina, como se puede apreciar en el siguiente gr\u00e1fico:\t\t\t\t\t\t\t\t<\/div>\n\t\t\t\t<\/div>\n\t\t\t\t<div class=\"elementor-element elementor-element-880d4dc elementor-widget elementor-widget-image\" data-id=\"880d4dc\" data-element_type=\"widget\" data-widget_type=\"image.default\">\n\t\t\t\t<div class=\"elementor-widget-container\">\n\t\t\t\t\t\t\t\t\t\t\t\t\t\t\t<img decoding=\"async\" width=\"800\" height=\"501\" src=\"https:\/\/investinelsalvador.gob.sv\/wp-content\/uploads\/2023\/05\/graph3-1024x641.png\" class=\"attachment-large size-large wp-image-11199\" alt=\"\" srcset=\"https:\/\/investinelsalvador.gob.sv\/wp-content\/uploads\/2023\/05\/graph3-1024x641.png 1024w, https:\/\/investinelsalvador.gob.sv\/wp-content\/uploads\/2023\/05\/graph3-300x188.png 300w, https:\/\/investinelsalvador.gob.sv\/wp-content\/uploads\/2023\/05\/graph3-768x481.png 768w, https:\/\/investinelsalvador.gob.sv\/wp-content\/uploads\/2023\/05\/graph3-18x12.png 18w, https:\/\/investinelsalvador.gob.sv\/wp-content\/uploads\/2023\/05\/graph3.png 1080w\" sizes=\"(max-width: 800px) 100vw, 800px\" \/>\t\t\t\t\t\t\t\t\t\t\t\t\t\t\t<\/div>\n\t\t\t\t<\/div>\n\t\t<div class=\"elementor-element elementor-element-79ad3de e-con-full e-flex wpr-jarallax-no wpr-sticky-section-no e-con e-parent\" data-id=\"79ad3de\" data-element_type=\"container\">\n\t\t<div class=\"elementor-element elementor-element-9ec6ca8 e-con-full e-flex wpr-jarallax-no wpr-sticky-section-no e-con e-parent\" data-id=\"9ec6ca8\" data-element_type=\"container\" data-settings=\"{&quot;background_background&quot;:&quot;classic&quot;}\">\n\t\t\t\t<div class=\"elementor-element elementor-element-853e252 elementor-widget elementor-widget-heading\" data-id=\"853e252\" data-element_type=\"widget\" data-widget_type=\"heading.default\">\n\t\t\t\t<div class=\"elementor-widget-container\">\n\t\t\t\t\t<div class=\"elementor-heading-title elementor-size-default\">Reducci\u00f3n total del tiempo<\/div>\t\t\t\t<\/div>\n\t\t\t\t<\/div>\n\t\t\t\t<\/div>\n\t\t\t\t<\/div>\n\t\t\t\t<\/div>\n\t\t\t\t\t<\/div>\n\t\t\t\t<\/div>\n\t\t\t\t<\/div>","protected":false},"excerpt":{"rendered":"<p>Committed to sustainable development and digital transformation El Salvador is among the top 10 leaders in renewable energy generation in the region. As can be seen in the following paragraph, [&hellip;]<\/p>","protected":false},"author":15,"featured_media":0,"parent":0,"menu_order":0,"comment_status":"closed","ping_status":"closed","template":"","meta":{"_acf_changed":false,"_eb_attr":"","content-type":"","footnotes":""},"class_list":["post-7813","page","type-page","status-publish","hentry"],"acf":[],"aioseo_notices":[],"_links":{"self":[{"href":"https:\/\/investinelsalvador.gob.sv\/es\/wp-json\/wp\/v2\/pages\/7813","targetHints":{"allow":["GET"]}}],"collection":[{"href":"https:\/\/investinelsalvador.gob.sv\/es\/wp-json\/wp\/v2\/pages"}],"about":[{"href":"https:\/\/investinelsalvador.gob.sv\/es\/wp-json\/wp\/v2\/types\/page"}],"author":[{"embeddable":true,"href":"https:\/\/investinelsalvador.gob.sv\/es\/wp-json\/wp\/v2\/users\/15"}],"replies":[{"embeddable":true,"href":"https:\/\/investinelsalvador.gob.sv\/es\/wp-json\/wp\/v2\/comments?post=7813"}],"version-history":[{"count":79,"href":"https:\/\/investinelsalvador.gob.sv\/es\/wp-json\/wp\/v2\/pages\/7813\/revisions"}],"predecessor-version":[{"id":14625,"href":"https:\/\/investinelsalvador.gob.sv\/es\/wp-json\/wp\/v2\/pages\/7813\/revisions\/14625"}],"wp:attachment":[{"href":"https:\/\/investinelsalvador.gob.sv\/es\/wp-json\/wp\/v2\/media?parent=7813"}],"curies":[{"name":"palabra clave","href":"https:\/\/api.w.org\/{rel}","templated":true}]}}