{"id":7846,"date":"2023-04-21T20:53:04","date_gmt":"2023-04-21T20:53:04","guid":{"rendered":"https:\/\/dev.investelsalvador.com\/?page_id=7846"},"modified":"2023-04-21T20:57:21","modified_gmt":"2023-04-21T20:57:21","slug":"reasons-to-invest","status":"publish","type":"page","link":"https:\/\/investinelsalvador.gob.sv\/es\/reasons-to-invest\/","title":{"rendered":"Razones para invertir"},"content":{"rendered":"<div data-elementor-type=\"wp-page\" data-elementor-id=\"7846\" class=\"elementor elementor-7846\" data-elementor-post-type=\"page\">\n\t\t\t\t<div class=\"elementor-element elementor-element-8c62f81 e-flex e-con-boxed wpr-jarallax-no wpr-sticky-section-no e-con e-parent\" data-id=\"8c62f81\" data-element_type=\"container\">\n\t\t\t\t\t<div class=\"e-con-inner\">\n\t\t\t\t<div class=\"elementor-element elementor-element-c8bdd2e elementor-widget elementor-widget-image\" data-id=\"c8bdd2e\" data-element_type=\"widget\" data-widget_type=\"image.default\">\n\t\t\t\t<div class=\"elementor-widget-container\">\n\t\t\t\t\t\t\t\t\t\t\t\t\t\t\t<img fetchpriority=\"high\" decoding=\"async\" width=\"1920\" height=\"1080\" src=\"https:\/\/investinelsalvador.gob.sv\/wp-content\/uploads\/2022\/11\/Estabilidad-juridica.jpg\" class=\"attachment-full size-full wp-image-5247\" alt=\"\" srcset=\"https:\/\/investinelsalvador.gob.sv\/wp-content\/uploads\/2022\/11\/Estabilidad-juridica.jpg 1920w, https:\/\/investinelsalvador.gob.sv\/wp-content\/uploads\/2022\/11\/Estabilidad-juridica-300x169.jpg 300w, https:\/\/investinelsalvador.gob.sv\/wp-content\/uploads\/2022\/11\/Estabilidad-juridica-1024x576.jpg 1024w, https:\/\/investinelsalvador.gob.sv\/wp-content\/uploads\/2022\/11\/Estabilidad-juridica-768x432.jpg 768w, https:\/\/investinelsalvador.gob.sv\/wp-content\/uploads\/2022\/11\/Estabilidad-juridica-1536x864.jpg 1536w\" sizes=\"(max-width: 1920px) 100vw, 1920px\" \/>\t\t\t\t\t\t\t\t\t\t\t\t\t\t\t<\/div>\n\t\t\t\t<\/div>\n\t\t\t\t<div class=\"elementor-element elementor-element-cc392b6 elementor-widget elementor-widget-heading\" data-id=\"cc392b6\" data-element_type=\"widget\" data-widget_type=\"heading.default\">\n\t\t\t\t<div class=\"elementor-widget-container\">\n\t\t\t\t\t<h1 class=\"elementor-heading-title elementor-size-default\">Razones para invertir<\/h1>\t\t\t\t<\/div>\n\t\t\t\t<\/div>\n\t\t\t\t<div class=\"elementor-element elementor-element-248b225 elementor-widget elementor-widget-text-editor\" data-id=\"248b225\" data-element_type=\"widget\" data-widget_type=\"text-editor.default\">\n\t\t\t\t<div class=\"elementor-widget-container\">\n\t\t\t\t\t\t\t\t\t<p>Nos estamos posicionando como un pa\u00eds con grandes oportunidades en la atracci\u00f3n de inversiones, apostando por la tecnolog\u00eda y la innovaci\u00f3n, y brindando una calidad de vida que supera las expectativas, con un clima favorable, una \u00e9tica de trabajo, una fuerza laboral destacada y un pa\u00eds abierto al mundo .<\/p>\t\t\t\t\t\t\t\t<\/div>\n\t\t\t\t<\/div>\n\t\t\t\t<div class=\"elementor-element elementor-element-fe30eab elementor-align-center elementor-widget elementor-widget-button\" data-id=\"fe30eab\" data-element_type=\"widget\" data-widget_type=\"button.default\">\n\t\t\t\t<div class=\"elementor-widget-container\">\n\t\t\t\t\t\t\t\t\t<div class=\"elementor-button-wrapper\">\n\t\t\t\t\t<a class=\"elementor-button elementor-button-link elementor-size-sm\" href=\"https:\/\/investinelsalvador.gob.sv\/catalogo\/wp-content\/uploads\/2023\/04\/Country-presentation-El-Salvador.pdf\" target=\"_blank\">\n\t\t\t\t\t\t<span class=\"elementor-button-content-wrapper\">\n\t\t\t\t\t\t\t\t\t<span class=\"elementor-button-text\">DESCARGAR PRESENTACI\u00d3N PA\u00cdS<\/span>\n\t\t\t\t\t<\/span>\n\t\t\t\t\t<\/a>\n\t\t\t\t<\/div>\n\t\t\t\t\t\t\t\t<\/div>\n\t\t\t\t<\/div>\n\t\t\t\t\t<\/div>\n\t\t\t\t<\/div>\n\t\t\t\t<\/div>","protected":false},"excerpt":{"rendered":"<p>Reasons to invest We are positioning ourselves as a country with great opportunities in attracting investments, betting on technology and innovation, and providing a quality of life that exceeds expectations, [&hellip;]<\/p>","protected":false},"author":15,"featured_media":0,"parent":0,"menu_order":0,"comment_status":"closed","ping_status":"closed","template":"","meta":{"_acf_changed":false,"_eb_attr":"","content-type":"","footnotes":""},"class_list":["post-7846","page","type-page","status-publish","hentry"],"acf":[],"aioseo_notices":[],"_links":{"self":[{"href":"https:\/\/investinelsalvador.gob.sv\/es\/wp-json\/wp\/v2\/pages\/7846","targetHints":{"allow":["GET"]}}],"collection":[{"href":"https:\/\/investinelsalvador.gob.sv\/es\/wp-json\/wp\/v2\/pages"}],"about":[{"href":"https:\/\/investinelsalvador.gob.sv\/es\/wp-json\/wp\/v2\/types\/page"}],"author":[{"embeddable":true,"href":"https:\/\/investinelsalvador.gob.sv\/es\/wp-json\/wp\/v2\/users\/15"}],"replies":[{"embeddable":true,"href":"https:\/\/investinelsalvador.gob.sv\/es\/wp-json\/wp\/v2\/comments?post=7846"}],"version-history":[{"count":10,"href":"https:\/\/investinelsalvador.gob.sv\/es\/wp-json\/wp\/v2\/pages\/7846\/revisions"}],"predecessor-version":[{"id":7857,"href":"https:\/\/investinelsalvador.gob.sv\/es\/wp-json\/wp\/v2\/pages\/7846\/revisions\/7857"}],"wp:attachment":[{"href":"https:\/\/investinelsalvador.gob.sv\/es\/wp-json\/wp\/v2\/media?parent=7846"}],"curies":[{"name":"palabra clave","href":"https:\/\/api.w.org\/{rel}","templated":true}]}}