{"id":7946,"date":"2023-04-22T18:24:43","date_gmt":"2023-04-22T18:24:43","guid":{"rendered":"https:\/\/dev.investelsalvador.com\/?page_id=7946"},"modified":"2023-04-22T18:26:22","modified_gmt":"2023-04-22T18:26:22","slug":"we-are-a-success-story-in-the-pandemic-2","status":"publish","type":"page","link":"https:\/\/investinelsalvador.gob.sv\/es\/we-are-a-success-story-in-the-pandemic-2\/","title":{"rendered":"Somos un Caso de \u00c9xito en la Pandemia"},"content":{"rendered":"<div data-elementor-type=\"wp-page\" data-elementor-id=\"7946\" class=\"elementor elementor-7946\" data-elementor-post-type=\"page\">\n\t\t\t\t<div class=\"elementor-element elementor-element-20bb4bb e-flex e-con-boxed wpr-jarallax-no wpr-sticky-section-no e-con e-parent\" data-id=\"20bb4bb\" data-element_type=\"container\">\n\t\t\t\t\t<div class=\"e-con-inner\">\n\t\t\t\t<div class=\"elementor-element elementor-element-ba95fa6 elementor-widget elementor-widget-heading\" data-id=\"ba95fa6\" data-element_type=\"widget\" data-widget_type=\"heading.default\">\n\t\t\t\t<div class=\"elementor-widget-container\">\n\t\t\t\t\t<h1 class=\"elementor-heading-title elementor-size-default\">Somos un Caso de \u00c9xito en la Pandemia<\/h1>\t\t\t\t<\/div>\n\t\t\t\t<\/div>\n\t\t\t\t\t<\/div>\n\t\t\t\t<\/div>\n\t\t<div class=\"elementor-element elementor-element-fa16cff e-flex e-con-boxed wpr-jarallax-no wpr-sticky-section-no e-con e-parent\" data-id=\"fa16cff\" data-element_type=\"container\">\n\t\t\t\t\t<div class=\"e-con-inner\">\n\t\t\t\t<div class=\"elementor-element elementor-element-328688e elementor-widget elementor-widget-text-editor\" data-id=\"328688e\" data-element_type=\"widget\" data-widget_type=\"text-editor.default\">\n\t\t\t\t<div class=\"elementor-widget-container\">\n\t\t\t\t\t\t\t\t\t<h3>Nos posicionamos a nivel mundial como caso de \u00e9xito en el manejo de la pandemia<\/h3><p>El 11 de marzo de 2020 es un d\u00eda dif\u00edcil de olvidar para los salvadore\u00f1os pues el presidente Nayib Bukele orden\u00f3 el cierre nacional y la suspensi\u00f3n de todo tipo de actividades debido a que decret\u00f3 cuarentena por el COVID 19. Sin embargo, a ra\u00edz de esta acci\u00f3n, la realizaci\u00f3n de todas las reformas en los establecimientos de salud, la construcci\u00f3n del Hospital El Salvador y la posterior implementaci\u00f3n de la vacunaci\u00f3n, nuestro pa\u00eds obtuvo el reconocimiento internacional por los exitosos resultados obtenidos con la estrategia de gesti\u00f3n sanitaria integral de la pandemia y se posicion\u00f3 como la naci\u00f3n con la n\u00famero m\u00e1s bajo de infecciones confirmadas y letalidad por esta enfermedad. Si quieres saber m\u00e1s sobre el caso de \u00e9xito en el manejo de la pandemia del COVID-19, te invitamos a leer la siguiente informaci\u00f3n.<\/p>\t\t\t\t\t\t\t\t<\/div>\n\t\t\t\t<\/div>\n\t\t\t\t<div class=\"elementor-element elementor-element-b64a532 elementor-align-center elementor-widget elementor-widget-button\" data-id=\"b64a532\" data-element_type=\"widget\" data-widget_type=\"button.default\">\n\t\t\t\t<div class=\"elementor-widget-container\">\n\t\t\t\t\t\t\t\t\t<div class=\"elementor-button-wrapper\">\n\t\t\t\t\t<a class=\"elementor-button elementor-button-link elementor-size-sm\" href=\"https:\/\/www.presidencia.gob.sv\/la-oms-destaca-nuevamente-el-exitoso-manejo-de-la-pandemia-desarrollado-por-el-gobierno-de-el-salvador\/#:~:text=El%20Gobierno%20del%20Presidente%20Nayib,que%20va%20de%20la%20pandemia\">\n\t\t\t\t\t\t<span class=\"elementor-button-content-wrapper\">\n\t\t\t\t\t\t\t\t\t<span class=\"elementor-button-text\">https:\/\/www.presidencia.gob.sv\/<\/span>\n\t\t\t\t\t<\/span>\n\t\t\t\t\t<\/a>\n\t\t\t\t<\/div>\n\t\t\t\t\t\t\t\t<\/div>\n\t\t\t\t<\/div>\n\t\t\t\t\t<\/div>\n\t\t\t\t<\/div>\n\t\t\t\t<\/div>","protected":false},"excerpt":{"rendered":"<p>We are a Success Story in the Pandemic We position ourselves worldwide as a success story in the management of the pandemic March 11, 2020 is a difficult day for [&hellip;]<\/p>","protected":false},"author":15,"featured_media":0,"parent":0,"menu_order":0,"comment_status":"closed","ping_status":"closed","template":"","meta":{"_acf_changed":false,"_eb_attr":"","content-type":"","footnotes":""},"class_list":["post-7946","page","type-page","status-publish","hentry"],"acf":[],"aioseo_notices":[],"_links":{"self":[{"href":"https:\/\/investinelsalvador.gob.sv\/es\/wp-json\/wp\/v2\/pages\/7946","targetHints":{"allow":["GET"]}}],"collection":[{"href":"https:\/\/investinelsalvador.gob.sv\/es\/wp-json\/wp\/v2\/pages"}],"about":[{"href":"https:\/\/investinelsalvador.gob.sv\/es\/wp-json\/wp\/v2\/types\/page"}],"author":[{"embeddable":true,"href":"https:\/\/investinelsalvador.gob.sv\/es\/wp-json\/wp\/v2\/users\/15"}],"replies":[{"embeddable":true,"href":"https:\/\/investinelsalvador.gob.sv\/es\/wp-json\/wp\/v2\/comments?post=7946"}],"version-history":[{"count":4,"href":"https:\/\/investinelsalvador.gob.sv\/es\/wp-json\/wp\/v2\/pages\/7946\/revisions"}],"predecessor-version":[{"id":7950,"href":"https:\/\/investinelsalvador.gob.sv\/es\/wp-json\/wp\/v2\/pages\/7946\/revisions\/7950"}],"wp:attachment":[{"href":"https:\/\/investinelsalvador.gob.sv\/es\/wp-json\/wp\/v2\/media?parent=7946"}],"curies":[{"name":"palabra clave","href":"https:\/\/api.w.org\/{rel}","templated":true}]}}