{"id":7974,"date":"2023-04-22T19:34:54","date_gmt":"2023-04-22T19:34:54","guid":{"rendered":"https:\/\/dev.investelsalvador.com\/?page_id=7974"},"modified":"2024-11-11T16:08:54","modified_gmt":"2024-11-11T22:08:54","slug":"hotels","status":"publish","type":"page","link":"https:\/\/investinelsalvador.gob.sv\/es\/hotels\/","title":{"rendered":"Hoteles"},"content":{"rendered":"<div data-elementor-type=\"wp-page\" data-elementor-id=\"7974\" class=\"elementor elementor-7974\" data-elementor-post-type=\"page\">\n\t\t\t\t<div class=\"elementor-element elementor-element-2ee24b6 e-flex e-con-boxed wpr-jarallax-no wpr-sticky-section-no e-con e-parent\" data-id=\"2ee24b6\" data-element_type=\"container\" data-settings=\"{&quot;background_background&quot;:&quot;classic&quot;}\">\n\t\t\t\t\t<div class=\"e-con-inner\">\n\t\t\t\t<div class=\"elementor-element elementor-element-ae31b69 elementor-widget elementor-widget-heading\" data-id=\"ae31b69\" data-element_type=\"widget\" data-widget_type=\"heading.default\">\n\t\t\t\t<div class=\"elementor-widget-container\">\n\t\t\t\t\t<h1 class=\"elementor-heading-title elementor-size-default\">Hoteles<\/h1>\t\t\t\t<\/div>\n\t\t\t\t<\/div>\n\t\t\t\t<div class=\"elementor-element elementor-element-f4d52ce elementor-widget elementor-widget-text-editor\" data-id=\"f4d52ce\" data-element_type=\"widget\" data-widget_type=\"text-editor.default\">\n\t\t\t\t<div class=\"elementor-widget-container\">\n\t\t\t\t\t\t\t\t\t<p>El crecimiento tur\u00edstico y de inversiones en El Salvador, ha favorecido el auge y la ampliaci\u00f3n de los servicios hoteleros en el pa\u00eds que no solo ofrecen estad\u00edas, experiencias gastron\u00f3micas, entretenimiento, sino tambi\u00e9n Centros de Negocios en c\u00f3modas y modernas instalaciones con herramientas tecnol\u00f3gicas y ambientes exclusivos para que empresarios, profesionales e inversionistas puedan disponer de espacios de coworking, formaci\u00f3n, sostener reuniones, establecer negocios o alianzas estrat\u00e9gicas.<\/p><p>Conozca los principales hoteles que ofrecen alojamiento y Centros de Negocios, as\u00ed como una ubicaci\u00f3n estrat\u00e9gica para el desarrollo de agendas de Negocios en el pa\u00eds.<\/p>\t\t\t\t\t\t\t\t<\/div>\n\t\t\t\t<\/div>\n\t\t\t\t<div class=\"elementor-element elementor-element-bcbbe0d elementor-widget__width-initial elementor-widget elementor-widget-image\" data-id=\"bcbbe0d\" data-element_type=\"widget\" data-widget_type=\"image.default\">\n\t\t\t\t<div class=\"elementor-widget-container\">\n\t\t\t\t\t\t\t\t\t\t\t\t\t\t\t<img fetchpriority=\"high\" decoding=\"async\" width=\"700\" height=\"467\" src=\"https:\/\/investinelsalvador.gob.sv\/wp-content\/uploads\/2024\/11\/UVE-SSLHB-IMG_2429-700x467-1.jpg\" class=\"attachment-large size-large wp-image-26612\" alt=\"\" srcset=\"https:\/\/investinelsalvador.gob.sv\/wp-content\/uploads\/2024\/11\/UVE-SSLHB-IMG_2429-700x467-1.jpg 700w, https:\/\/investinelsalvador.gob.sv\/wp-content\/uploads\/2024\/11\/UVE-SSLHB-IMG_2429-700x467-1-300x200.jpg 300w, https:\/\/investinelsalvador.gob.sv\/wp-content\/uploads\/2024\/11\/UVE-SSLHB-IMG_2429-700x467-1-18x12.jpg 18w\" sizes=\"(max-width: 700px) 100vw, 700px\" \/>\t\t\t\t\t\t\t\t\t\t\t\t\t\t\t<\/div>\n\t\t\t\t<\/div>\n\t\t<div class=\"elementor-element elementor-element-e692a05 e-flex e-con-boxed wpr-jarallax-no wpr-sticky-section-no e-con e-child\" data-id=\"e692a05\" data-element_type=\"container\">\n\t\t\t\t\t<div class=\"e-con-inner\">\n\t\t<div class=\"elementor-element elementor-element-a5370e0 e-flex e-con-boxed wpr-jarallax-no wpr-sticky-section-no e-con e-child\" data-id=\"a5370e0\" data-element_type=\"container\">\n\t\t\t\t\t<div class=\"e-con-inner\">\n\t\t\t\t<div class=\"elementor-element elementor-element-f9ca6ed elementor-widget elementor-widget-text-editor\" data-id=\"f9ca6ed\" data-element_type=\"widget\" data-widget_type=\"text-editor.default\">\n\t\t\t\t<div class=\"elementor-widget-container\">\n\t\t\t\t\t\t\t\t\t<ul><li><span style=\"text-decoration: underline;\"><a href=\"https:\/\/www.barcelo.com\/es-ww\/barcelo-san-salvador\/\" target=\"_blank\" rel=\"noopener\">Barcel\u00f3 San Salvador<\/a><\/span><\/li><li><span style=\"text-decoration: underline;\"><a href=\"https:\/\/intercontinentalsansalvadorhotel.com-hotel.com\/es\/\" target=\"_blank\" rel=\"noopener\">InterContinental San Salvador<\/a><\/span><\/li><li><span style=\"text-decoration: underline;\"><a href=\"https:\/\/www.marriott.com\/es\/hotels\/salcy-courtyard-san-salvador\/overview\/\" target=\"_blank\" rel=\"noopener\">Courtyard by Marriott San Salvador<\/a><\/span><\/li><li><span style=\"text-decoration: underline;\"><a href=\"https:\/\/www.hyatt.com\/hyatt-centric\/salct-hyatt-centric-san-salvador?src=adm_sem_crp_chico_crp_ppc_LAC-ElSalvador-None-SanSalvador-CT-SALCT_google_Evergreen2023_e_hyatt+centric+san+salvador&amp;gad_source=1&amp;gclid=Cj0KCQiApOyqBhDlARIsAGfnyMoFP6pHdObna9-XC3k5Xyqu5lAM8NaGatkUBpQZjSDwigWW8oC4dw0aAi9YEALw_wcB\">Hyatt Centric San Salvador<\/a><\/span><\/li><li><span style=\"text-decoration: underline;\"><a href=\"https:\/\/www.ihg.com\/destinations\/us\/es\/el-salvador\/san-salvador-hotels\" target=\"_blank\" rel=\"noopener\">Crowne Plaza San Salvador-Conference Center<\/a><\/span><\/li><li><span style=\"text-decoration: underline;\"><a href=\"https:\/\/www.holidayinn.com\/hotels\/us\/es\/find-hotels\/hotel-search?fromRedirect=true&amp;qSrt=sBR&amp;qDest=San%20Salvador,%20El%20Salvador&amp;setPMCookies=true&amp;dp=true&amp;gclid=Cj0KCQiApOyqBhDlARIsAGfnyMoG53vzpweiCyVRr0-l8TBVNqH1C0fzYSRAR5YWKUBpCARH953gBNUaAlkWEALw_wcB&amp;cm_mmc=PDSEA-_-G_F-AMER_FS-MLAC_H-AMER_HS-SLV_HI_BSF_EXM_HOTEL-SSLRC_ES&amp;srb_u=1\">Holiday Inn San Salvador<\/a><\/span><\/li><li><span style=\"text-decoration: underline;\"><a href=\"https:\/\/www.marriott.com\/es\/hotels\/salsi-sheraton-presidente-san-salvador-hotel\/overview\/\">Sheraton Presidente San Salvador Hotel<\/a><\/span><\/li><li><span style=\"text-decoration: underline;\"><a href=\"https:\/\/lasmagnolias.com.sv\/\">Las Magnolias Hotel Boutique<\/a><\/span><\/li><\/ul>\t\t\t\t\t\t\t\t<\/div>\n\t\t\t\t<\/div>\n\t\t\t\t\t<\/div>\n\t\t\t\t<\/div>\n\t\t<div class=\"elementor-element elementor-element-87895e6 e-con-full e-flex wpr-jarallax-no wpr-sticky-section-no e-con e-child\" data-id=\"87895e6\" data-element_type=\"container\">\n\t\t\t\t<div class=\"elementor-element elementor-element-277aa86 elementor-widget elementor-widget-text-editor\" data-id=\"277aa86\" data-element_type=\"widget\" data-widget_type=\"text-editor.default\">\n\t\t\t\t<div class=\"elementor-widget-container\">\n\t\t\t\t\t\t\t\t\t<ul><li><span style=\"text-decoration: underline;\"><a href=\"https:\/\/www.marriott.com\/en-us\/hotels\/salfi-fairfield-san-salvador\/overview\/?gclid=Cj0KCQiApOyqBhDlARIsAGfnyMrjbPlkp4PXrNvPW4jTqmpL3CFe4nGs6oau242RSaFHAiVLzF-hXc4aAmvDEALw_wcB&amp;gclsrc=aw.ds&amp;cid=PAI_GLB0004Z6W_GLE000BJVS_GLF000OHNV\" target=\"_blank\" rel=\"noopener\">Fairfield by Marriott San Salvador<\/a><\/span><\/li><li><span style=\"text-decoration: underline;\"><a href=\"https:\/\/miradorplaza.com\/\" target=\"_blank\" rel=\"noopener\">Hotel Mirador Plaza<\/a><\/span><\/li><li><span style=\"text-decoration: underline;\"><a href=\"https:\/\/hotelsuiteslaspalmas.com\/\" target=\"_blank\" rel=\"noopener\">Suites Las Palmas, Hotel and Apartments<\/a><\/span><\/li><li><span style=\"text-decoration: underline;\"><a href=\"https:\/\/www.bestwestern.com\/es_ES\/book\/hotels-in-san-salvador\/best-western-plus-hotel-terraza\/propertyCode.70702.html\" target=\"_blank\" rel=\"noopener\">Best Western Plus Hotel Terraza<\/a><\/span><\/li><li><span style=\"text-decoration: underline;\"><a href=\"https:\/\/www.hbh.com.sv\/\">Beverly Hills: Hotel and Business<\/a><\/span><\/li><li><span style=\"text-decoration: underline;\"><a href=\"https:\/\/www.hilton.com\/es\/hotels\/salsahh-hilton-san-salvador\/\">Hilton San Salvador<\/a><\/span><\/li><li><span style=\"text-decoration: underline;\"><a href=\"https:\/\/hotelmediterraneoplaza.net\/\" target=\"_blank\" rel=\"noopener\">Hotel Mediterraneo Plaza<\/a><\/span><\/li><li><span style=\"text-decoration: underline;\"><a href=\"https:\/\/novosuitehotel.com\/\" target=\"_blank\" rel=\"noopener\">Novo Hotel &amp; Suite<\/a><\/span><\/li><\/ul>\t\t\t\t\t\t\t\t<\/div>\n\t\t\t\t<\/div>\n\t\t\t\t<\/div>\n\t\t\t\t\t<\/div>\n\t\t\t\t<\/div>\n\t\t\t\t\t<\/div>\n\t\t\t\t<\/div>\n\t\t\t\t<\/div>","protected":false},"excerpt":{"rendered":"<p>Hoteles<\/p>","protected":false},"author":15,"featured_media":0,"parent":0,"menu_order":0,"comment_status":"closed","ping_status":"closed","template":"","meta":{"_acf_changed":false,"_eb_attr":"","content-type":"","footnotes":""},"class_list":["post-7974","page","type-page","status-publish","hentry"],"acf":[],"aioseo_notices":[],"_links":{"self":[{"href":"https:\/\/investinelsalvador.gob.sv\/es\/wp-json\/wp\/v2\/pages\/7974","targetHints":{"allow":["GET"]}}],"collection":[{"href":"https:\/\/investinelsalvador.gob.sv\/es\/wp-json\/wp\/v2\/pages"}],"about":[{"href":"https:\/\/investinelsalvador.gob.sv\/es\/wp-json\/wp\/v2\/types\/page"}],"author":[{"embeddable":true,"href":"https:\/\/investinelsalvador.gob.sv\/es\/wp-json\/wp\/v2\/users\/15"}],"replies":[{"embeddable":true,"href":"https:\/\/investinelsalvador.gob.sv\/es\/wp-json\/wp\/v2\/comments?post=7974"}],"version-history":[{"count":32,"href":"https:\/\/investinelsalvador.gob.sv\/es\/wp-json\/wp\/v2\/pages\/7974\/revisions"}],"predecessor-version":[{"id":26615,"href":"https:\/\/investinelsalvador.gob.sv\/es\/wp-json\/wp\/v2\/pages\/7974\/revisions\/26615"}],"wp:attachment":[{"href":"https:\/\/investinelsalvador.gob.sv\/es\/wp-json\/wp\/v2\/media?parent=7974"}],"curies":[{"name":"palabra clave","href":"https:\/\/api.w.org\/{rel}","templated":true}]}}