{"id":8002,"date":"2023-04-22T19:46:15","date_gmt":"2023-04-22T19:46:15","guid":{"rendered":"https:\/\/dev.investelsalvador.com\/?page_id=8002"},"modified":"2024-11-11T10:28:40","modified_gmt":"2024-11-11T16:28:40","slug":"requirements-to-visit-el-salvador","status":"publish","type":"page","link":"https:\/\/investinelsalvador.gob.sv\/es\/requirements-to-visit-el-salvador\/","title":{"rendered":"Requisitos para visitar El Salvador"},"content":{"rendered":"<div data-elementor-type=\"wp-page\" data-elementor-id=\"8002\" class=\"elementor elementor-8002\" data-elementor-post-type=\"page\">\n\t\t\t\t<div class=\"elementor-element elementor-element-e6f6635 e-flex e-con-boxed wpr-jarallax-no wpr-sticky-section-no e-con e-parent\" data-id=\"e6f6635\" data-element_type=\"container\" data-settings=\"{&quot;background_background&quot;:&quot;classic&quot;}\">\n\t\t\t\t\t<div class=\"e-con-inner\">\n\t\t<div class=\"elementor-element elementor-element-b2b4e39 e-flex e-con-boxed wpr-jarallax-no wpr-sticky-section-no e-con e-child\" data-id=\"b2b4e39\" data-element_type=\"container\" data-settings=\"{&quot;background_background&quot;:&quot;classic&quot;}\">\n\t\t\t\t\t<div class=\"e-con-inner\">\n\t\t<div class=\"elementor-element elementor-element-33b9303 e-con-full e-flex wpr-jarallax-no wpr-sticky-section-no e-con e-child\" data-id=\"33b9303\" data-element_type=\"container\">\n\t\t\t\t<div class=\"elementor-element elementor-element-a08e044 elementor-widget elementor-widget-heading\" data-id=\"a08e044\" data-element_type=\"widget\" data-widget_type=\"heading.default\">\n\t\t\t\t<div class=\"elementor-widget-container\">\n\t\t\t\t\t<h1 class=\"elementor-heading-title elementor-size-default\">Requisitos para visitar El Salvador<\/h1>\t\t\t\t<\/div>\n\t\t\t\t<\/div>\n\t\t\t\t<div class=\"elementor-element elementor-element-6f988ff elementor-widget__width-initial elementor-widget elementor-widget-text-editor\" data-id=\"6f988ff\" data-element_type=\"widget\" data-widget_type=\"text-editor.default\">\n\t\t\t\t<div class=\"elementor-widget-container\">\n\t\t\t\t\t\t\t\t\t<p>El Salvador ha sido reconocido por Lonely Planet, una de las mayores compa\u00f1\u00edas editoras de gu\u00edas de viajes en el mundo, como uno de los 30 mejores destinos tur\u00edsticos para viajar en 2023<\/p><p>El Salvador ofrece libre movilidad a los ciudadanos de Guatemala, Honduras y Nicaragua para facilitar el tr\u00e1nsito sin utilizar pasaporte.<\/p><p>Los ciudadanos de diferentes pa\u00edses que realicen una visita al pa\u00eds que no exceda un per\u00edodo de 90 d\u00edas no requieren visa para el ingreso en viaje de tr\u00e1nsito.\n\nPara el resto de los ciudadanos procedentes de otros destinos El Salvador pone a disposici\u00f3n el listado de pa\u00edses que requieren visa.<\/p>\t\t\t\t\t\t\t\t<\/div>\n\t\t\t\t<\/div>\n\t\t\t\t<\/div>\n\t\t<div class=\"elementor-element elementor-element-d342123 e-con-full e-flex wpr-jarallax-no wpr-sticky-section-no e-con e-child\" data-id=\"d342123\" data-element_type=\"container\">\n\t\t<div class=\"elementor-element elementor-element-4cccabe e-flex e-con-boxed wpr-jarallax-no wpr-sticky-section-no e-con e-child\" data-id=\"4cccabe\" data-element_type=\"container\">\n\t\t\t\t\t<div class=\"e-con-inner\">\n\t\t<div class=\"elementor-element elementor-element-8b4ff62 e-con-full e-flex wpr-jarallax-no wpr-sticky-section-no e-con e-child\" data-id=\"8b4ff62\" data-element_type=\"container\">\n\t\t\t\t<div class=\"elementor-element elementor-element-c2bf620 elementor-view-default elementor-widget elementor-widget-icon\" data-id=\"c2bf620\" data-element_type=\"widget\" data-widget_type=\"icon.default\">\n\t\t\t\t<div class=\"elementor-widget-container\">\n\t\t\t\t\t\t\t<div class=\"elementor-icon-wrapper\">\n\t\t\t<div class=\"elementor-icon\">\n\t\t\t<i aria-hidden=\"true\" class=\"fas fa-map-marked-alt\"><\/i>\t\t\t<\/div>\n\t\t<\/div>\n\t\t\t\t\t\t<\/div>\n\t\t\t\t<\/div>\n\t\t\t\t<\/div>\n\t\t<div class=\"elementor-element elementor-element-7f99fa6 e-con-full e-flex wpr-jarallax-no wpr-sticky-section-no e-con e-child\" data-id=\"7f99fa6\" data-element_type=\"container\">\n\t\t\t\t<div class=\"elementor-element elementor-element-78ba158 elementor-widget elementor-widget-heading\" data-id=\"78ba158\" data-element_type=\"widget\" data-widget_type=\"heading.default\">\n\t\t\t\t<div class=\"elementor-widget-container\">\n\t\t\t\t\t<div class=\"elementor-heading-title elementor-size-default\"><b>Pa\u00eds Abierto al mundo<\/b>\npara visitar e invertir<\/div>\t\t\t\t<\/div>\n\t\t\t\t<\/div>\n\t\t\t\t<\/div>\n\t\t\t\t\t<\/div>\n\t\t\t\t<\/div>\n\t\t<div class=\"elementor-element elementor-element-9e9d6d3 e-flex e-con-boxed wpr-jarallax-no wpr-sticky-section-no e-con e-child\" data-id=\"9e9d6d3\" data-element_type=\"container\">\n\t\t\t\t\t<div class=\"e-con-inner\">\n\t\t<div class=\"elementor-element elementor-element-62c8d70 e-con-full e-flex wpr-jarallax-no wpr-sticky-section-no e-con e-child\" data-id=\"62c8d70\" data-element_type=\"container\">\n\t\t\t\t<div class=\"elementor-element elementor-element-799b810 elementor-view-default elementor-widget elementor-widget-icon\" data-id=\"799b810\" data-element_type=\"widget\" data-widget_type=\"icon.default\">\n\t\t\t\t<div class=\"elementor-widget-container\">\n\t\t\t\t\t\t\t<div class=\"elementor-icon-wrapper\">\n\t\t\t<div class=\"elementor-icon\">\n\t\t\t<i aria-hidden=\"true\" class=\"fas fa-passport\"><\/i>\t\t\t<\/div>\n\t\t<\/div>\n\t\t\t\t\t\t<\/div>\n\t\t\t\t<\/div>\n\t\t\t\t<\/div>\n\t\t<div class=\"elementor-element elementor-element-a3445f7 e-con-full e-flex wpr-jarallax-no wpr-sticky-section-no e-con e-child\" data-id=\"a3445f7\" data-element_type=\"container\">\n\t\t\t\t<div class=\"elementor-element elementor-element-c7a5363 elementor-widget elementor-widget-heading\" data-id=\"c7a5363\" data-element_type=\"widget\" data-widget_type=\"heading.default\">\n\t\t\t\t<div class=\"elementor-widget-container\">\n\t\t\t\t\t<div class=\"elementor-heading-title elementor-size-default\"><b>Guatemala, Honduras y Nicaragua<\/b> no necesitan pasaporte para circular libremente<\/div>\t\t\t\t<\/div>\n\t\t\t\t<\/div>\n\t\t\t\t<\/div>\n\t\t\t\t\t<\/div>\n\t\t\t\t<\/div>\n\t\t<div class=\"elementor-element elementor-element-108c3ee e-flex e-con-boxed wpr-jarallax-no wpr-sticky-section-no e-con e-child\" data-id=\"108c3ee\" data-element_type=\"container\">\n\t\t\t\t\t<div class=\"e-con-inner\">\n\t\t<div class=\"elementor-element elementor-element-bdd294d e-con-full e-flex wpr-jarallax-no wpr-sticky-section-no e-con e-child\" data-id=\"bdd294d\" data-element_type=\"container\">\n\t\t\t\t<div class=\"elementor-element elementor-element-206e531 elementor-view-default elementor-widget elementor-widget-icon\" data-id=\"206e531\" data-element_type=\"widget\" data-widget_type=\"icon.default\">\n\t\t\t\t<div class=\"elementor-widget-container\">\n\t\t\t\t\t\t\t<div class=\"elementor-icon-wrapper\">\n\t\t\t<div class=\"elementor-icon\">\n\t\t\t<i aria-hidden=\"true\" class=\"fas fa-road\"><\/i>\t\t\t<\/div>\n\t\t<\/div>\n\t\t\t\t\t\t<\/div>\n\t\t\t\t<\/div>\n\t\t\t\t<\/div>\n\t\t<div class=\"elementor-element elementor-element-01cd5d3 e-con-full e-flex wpr-jarallax-no wpr-sticky-section-no e-con e-child\" data-id=\"01cd5d3\" data-element_type=\"container\">\n\t\t\t\t<div class=\"elementor-element elementor-element-277f320 elementor-widget elementor-widget-heading\" data-id=\"277f320\" data-element_type=\"widget\" data-widget_type=\"heading.default\">\n\t\t\t\t<div class=\"elementor-widget-container\">\n\t\t\t\t\t<div class=\"elementor-heading-title elementor-size-default\">Puede visitar hasta <b>6 meses<\/b>\n<\/div>\t\t\t\t<\/div>\n\t\t\t\t<\/div>\n\t\t\t\t<\/div>\n\t\t\t\t\t<\/div>\n\t\t\t\t<\/div>\n\t\t\t\t<\/div>\n\t\t\t\t\t<\/div>\n\t\t\t\t<\/div>\n\t\t\t\t<div class=\"elementor-element elementor-element-5951576 elementor-align-center elementor-widget elementor-widget-button\" data-id=\"5951576\" data-element_type=\"widget\" data-widget_type=\"button.default\">\n\t\t\t\t<div class=\"elementor-widget-container\">\n\t\t\t\t\t\t\t\t\t<div class=\"elementor-button-wrapper\">\n\t\t\t\t\t<a class=\"elementor-button elementor-button-link elementor-size-sm\" href=\"#elementor-action%3Aaction%3Dpopup%3Aopen%26settings%3DeyJpZCI6IjE5NDIzIiwidG9nZ2xlIjpmYWxzZX0%3D\" target=\"_blank\">\n\t\t\t\t\t\t<span class=\"elementor-button-content-wrapper\">\n\t\t\t\t\t\t\t\t\t<span class=\"elementor-button-text\">Verifique si necesita visado<\/span>\n\t\t\t\t\t<\/span>\n\t\t\t\t\t<\/a>\n\t\t\t\t<\/div>\n\t\t\t\t\t\t\t\t<\/div>\n\t\t\t\t<\/div>\n\t\t<div class=\"elementor-element elementor-element-09c4774 e-con-full e-flex wpr-jarallax-no wpr-sticky-section-no e-con e-child\" data-id=\"09c4774\" data-element_type=\"container\">\n\t\t\t\t<div class=\"elementor-element elementor-element-42b2f61 elementor-widget elementor-widget-text-editor\" data-id=\"42b2f61\" data-element_type=\"widget\" data-widget_type=\"text-editor.default\">\n\t\t\t\t<div class=\"elementor-widget-container\">\n\t\t\t\t\t\t\t\t\t<p>Para los ciudadanos de los pa\u00edses que requieran Visa Consular o Consultada, el Gobierno de El Salvador recientemente ha implementado un sistema de solicitud en l\u00ednea que le permitir\u00e1 a cualquier persona\u00a0<strong>procesarlo desde cualquier lugar del mundo.<\/strong>\u00a0Para hacerlo s\u00f3lo debe seguir estos pasos:<\/p><ol><li>\u00a0Consulte a trav\u00e9s del siguiente enlace\u00a0<a href=\"https:\/\/www.migracion.gob.sv\/servicios\/listado-visa\/\">https:\/\/www.migracion.gob.sv <\/a>que, por su nacionalidad, usted requiera de visado para ingresar a la Rep\u00fablica de El Salvador.<\/li><li>Para dar inicio al proceso de Solicitud de Permiso Especial de Ingreso (PEI), entre al portal\u00a0 <a href=\"https:\/\/elsalvadorpei.migracion.gob.sv\/\">https:\/\/elsalvadorpei.migracion.gob.sv\/<\/a>.<\/li><li>Cree su cuenta en el sitio web.<\/li><li>Realice el llenado de solicitud conforme a la informaci\u00f3n requerida y no olvide anexar los documentos solicitados para dicho tr\u00e1mite.<\/li><li>Page la tarifa de solicitud de USD 100 y contin\u00fae con el proceso.<\/li><li>La solicitud del PEI ser\u00e1 revisada y validada.<\/li><li>Su solicitud del PEI podr\u00e1 ser aprobada, prevenida, denegada o cancelada, y ser\u00e1 notificado a trav\u00e9s del correo electr\u00f3nico que usted haya registrado.<\/li><\/ol><p>Para m\u00e1s informaci\u00f3n consulte la\u00a0<span style=\"text-decoration: underline;\"><a href=\"https:\/\/www.migracion.gob.sv\/\">Direcci\u00f3n General de Migraci\u00f3n Y Extranjer\u00eda (DGME)<\/a><\/span><\/p><p>Con esta simplificaci\u00f3n de tr\u00e1mites El Salvador avanza en su prop\u00f3sito de abrirse al mundo, facilitar la inversi\u00f3n y desarrollar un clima de negocios favorable para el impulso del pa\u00eds.<\/p>\t\t\t\t\t\t\t\t<\/div>\n\t\t\t\t<\/div>\n\t\t\t\t<\/div>\n\t\t\t\t\t<\/div>\n\t\t\t\t<\/div>\n\t\t\t\t<\/div>","protected":false},"excerpt":{"rendered":"<p>Requisitos para visitar El Salvador<\/p>","protected":false},"author":15,"featured_media":0,"parent":0,"menu_order":0,"comment_status":"closed","ping_status":"closed","template":"","meta":{"_acf_changed":false,"_eb_attr":"","content-type":"","footnotes":""},"class_list":["post-8002","page","type-page","status-publish","hentry"],"acf":[],"aioseo_notices":[],"_links":{"self":[{"href":"https:\/\/investinelsalvador.gob.sv\/es\/wp-json\/wp\/v2\/pages\/8002","targetHints":{"allow":["GET"]}}],"collection":[{"href":"https:\/\/investinelsalvador.gob.sv\/es\/wp-json\/wp\/v2\/pages"}],"about":[{"href":"https:\/\/investinelsalvador.gob.sv\/es\/wp-json\/wp\/v2\/types\/page"}],"author":[{"embeddable":true,"href":"https:\/\/investinelsalvador.gob.sv\/es\/wp-json\/wp\/v2\/users\/15"}],"replies":[{"embeddable":true,"href":"https:\/\/investinelsalvador.gob.sv\/es\/wp-json\/wp\/v2\/comments?post=8002"}],"version-history":[{"count":146,"href":"https:\/\/investinelsalvador.gob.sv\/es\/wp-json\/wp\/v2\/pages\/8002\/revisions"}],"predecessor-version":[{"id":26602,"href":"https:\/\/investinelsalvador.gob.sv\/es\/wp-json\/wp\/v2\/pages\/8002\/revisions\/26602"}],"wp:attachment":[{"href":"https:\/\/investinelsalvador.gob.sv\/es\/wp-json\/wp\/v2\/media?parent=8002"}],"curies":[{"name":"palabra clave","href":"https:\/\/api.w.org\/{rel}","templated":true}]}}