{"id":8030,"date":"2023-04-22T19:57:53","date_gmt":"2023-04-22T19:57:53","guid":{"rendered":"https:\/\/dev.investelsalvador.com\/?page_id=8030"},"modified":"2023-05-15T15:49:06","modified_gmt":"2023-05-15T15:49:06","slug":"discovery-el-salvador","status":"publish","type":"page","link":"https:\/\/investinelsalvador.gob.sv\/es\/discovery-el-salvador\/","title":{"rendered":"Descubrir El Salvador"},"content":{"rendered":"<div data-elementor-type=\"wp-page\" data-elementor-id=\"8030\" class=\"elementor elementor-8030\" data-elementor-post-type=\"page\">\n\t\t\t\t<div class=\"elementor-element elementor-element-e090f93 e-flex e-con-boxed wpr-jarallax-no wpr-sticky-section-no e-con e-parent\" data-id=\"e090f93\" data-element_type=\"container\">\n\t\t\t\t\t<div class=\"e-con-inner\">\n\t\t\t\t<div class=\"elementor-element elementor-element-333dfd9 elementor-widget elementor-widget-image\" data-id=\"333dfd9\" data-element_type=\"widget\" data-widget_type=\"image.default\">\n\t\t\t\t<div class=\"elementor-widget-container\">\n\t\t\t\t\t\t\t\t\t\t\t\t\t\t\t<img fetchpriority=\"high\" decoding=\"async\" width=\"1920\" height=\"1080\" src=\"https:\/\/investinelsalvador.gob.sv\/wp-content\/uploads\/2023\/04\/Turismo.jpg\" class=\"attachment-full size-full wp-image-8594\" alt=\"\" srcset=\"https:\/\/investinelsalvador.gob.sv\/wp-content\/uploads\/2023\/04\/Turismo.jpg 1920w, https:\/\/investinelsalvador.gob.sv\/wp-content\/uploads\/2023\/04\/Turismo-300x169.jpg 300w, https:\/\/investinelsalvador.gob.sv\/wp-content\/uploads\/2023\/04\/Turismo-1024x576.jpg 1024w, https:\/\/investinelsalvador.gob.sv\/wp-content\/uploads\/2023\/04\/Turismo-768x432.jpg 768w, https:\/\/investinelsalvador.gob.sv\/wp-content\/uploads\/2023\/04\/Turismo-1536x864.jpg 1536w, https:\/\/investinelsalvador.gob.sv\/wp-content\/uploads\/2023\/04\/Turismo-18x10.jpg 18w\" sizes=\"(max-width: 1920px) 100vw, 1920px\" \/>\t\t\t\t\t\t\t\t\t\t\t\t\t\t\t<\/div>\n\t\t\t\t<\/div>\n\t\t\t\t<div class=\"elementor-element elementor-element-dc2e183 elementor-widget elementor-widget-heading\" data-id=\"dc2e183\" data-element_type=\"widget\" data-widget_type=\"heading.default\">\n\t\t\t\t<div class=\"elementor-widget-container\">\n\t\t\t\t\t<h1 class=\"elementor-heading-title elementor-size-default\">Descubrir El Salvador<\/h1>\t\t\t\t<\/div>\n\t\t\t\t<\/div>\n\t\t\t\t<div class=\"elementor-element elementor-element-cad9a64 elementor-widget elementor-widget-text-editor\" data-id=\"cad9a64\" data-element_type=\"widget\" data-widget_type=\"text-editor.default\">\n\t\t\t\t<div class=\"elementor-widget-container\">\n\t\t\t\t\t\t\t\t\t<p>\u00bfEst\u00e1s buscando aventuras? No lo pienses m\u00e1s, El Salvador es tu mejor opci\u00f3n. Somos un pa\u00eds que ofrece una variedad de opciones tur\u00edsticas que llenar\u00e1n de emoci\u00f3n tu vida y te llevar\u00e1n a un mundo donde te sentir\u00e1s libre para disfrutar. Vis\u00edtanos y enam\u00f3rate de un amanecer en la monta\u00f1a, un atardecer \u00fanico en la playa o un recorrido m\u00e1gico por el Centro Hist\u00f3rico de San Salvador.<\/p><p>Si desea m\u00e1s informaci\u00f3n sobre las opciones de turismo en nuestro pa\u00eds haga clic en:<\/p>\t\t\t\t\t\t\t\t<\/div>\n\t\t\t\t<\/div>\n\t\t\t\t<div class=\"elementor-element elementor-element-8112cac elementor-align-center elementor-widget elementor-widget-button\" data-id=\"8112cac\" data-element_type=\"widget\" data-widget_type=\"button.default\">\n\t\t\t\t<div class=\"elementor-widget-container\">\n\t\t\t\t\t\t\t\t\t<div class=\"elementor-button-wrapper\">\n\t\t\t\t\t<a class=\"elementor-button elementor-button-link elementor-size-md elementor-animation-grow\" href=\"https:\/\/elsalvador.travel\/\">\n\t\t\t\t\t\t<span class=\"elementor-button-content-wrapper\">\n\t\t\t\t\t\t\t\t\t<span class=\"elementor-button-text\">elsalvador.travel<\/span>\n\t\t\t\t\t<\/span>\n\t\t\t\t\t<\/a>\n\t\t\t\t<\/div>\n\t\t\t\t\t\t\t\t<\/div>\n\t\t\t\t<\/div>\n\t\t\t\t\t<\/div>\n\t\t\t\t<\/div>\n\t\t\t\t<\/div>","protected":false},"excerpt":{"rendered":"<p>Discovery El Salvador Are you looking for adventure? Don\u2019t think twice, El Salvador is your best option. We are a country that offers a variety of tourist options that will [&hellip;]<\/p>","protected":false},"author":15,"featured_media":0,"parent":0,"menu_order":0,"comment_status":"closed","ping_status":"closed","template":"","meta":{"_acf_changed":false,"_eb_attr":"","content-type":"","footnotes":""},"class_list":["post-8030","page","type-page","status-publish","hentry"],"acf":[],"aioseo_notices":[],"_links":{"self":[{"href":"https:\/\/investinelsalvador.gob.sv\/es\/wp-json\/wp\/v2\/pages\/8030","targetHints":{"allow":["GET"]}}],"collection":[{"href":"https:\/\/investinelsalvador.gob.sv\/es\/wp-json\/wp\/v2\/pages"}],"about":[{"href":"https:\/\/investinelsalvador.gob.sv\/es\/wp-json\/wp\/v2\/types\/page"}],"author":[{"embeddable":true,"href":"https:\/\/investinelsalvador.gob.sv\/es\/wp-json\/wp\/v2\/users\/15"}],"replies":[{"embeddable":true,"href":"https:\/\/investinelsalvador.gob.sv\/es\/wp-json\/wp\/v2\/comments?post=8030"}],"version-history":[{"count":10,"href":"https:\/\/investinelsalvador.gob.sv\/es\/wp-json\/wp\/v2\/pages\/8030\/revisions"}],"predecessor-version":[{"id":9854,"href":"https:\/\/investinelsalvador.gob.sv\/es\/wp-json\/wp\/v2\/pages\/8030\/revisions\/9854"}],"wp:attachment":[{"href":"https:\/\/investinelsalvador.gob.sv\/es\/wp-json\/wp\/v2\/media?parent=8030"}],"curies":[{"name":"palabra clave","href":"https:\/\/api.w.org\/{rel}","templated":true}]}}